{"id":690585,"date":"2025-08-27T13:52:15","date_gmt":"2025-08-27T10:52:15","guid":{"rendered":"https:\/\/roveyayinevi.com.tr\/index.php\/urun\/oteki\/"},"modified":"2026-04-16T02:00:15","modified_gmt":"2026-04-15T23:00:15","slug":"oteki","status":"publish","type":"product","link":"https:\/\/roveyayinevi.com.tr\/index.php\/urun\/oteki\/","title":{"rendered":"\u00d6teki"},"content":{"rendered":"<p>\u00c7ar 1. Nikola\u2019ya muhalif Petra\u015fevski grubunun \u00fcyesi oldu\u011fu i\u00e7in \u00f6nce idama mahk\u00fbm edilen, sonra cezas\u0131 s\u00fcrg\u00fcne \u00e7evrilerek Sibirya\u2019ya g\u00f6nderilen Dostoyevski, ilk eserlerini s\u00fcrg\u00fcn \u00f6ncesi d\u00f6nemde vermi\u015ftir. \u00d6teki bu d\u00f6nemde 1846 y\u0131l\u0131nda yay\u0131mlanan dikkat \u00e7ekici eserleri aras\u0131nda yer almaktad\u0131r. Dostoyevski bu kitab\u0131nda ki\u015filik b\u00f6l\u00fcnmesini, par\u00e7alanm\u0131\u015f bilincin kurdu\u011fu \u00fcrk\u00fct\u00fcc\u00fc ve tehlikeli d\u00fcnyay\u0131 konu edinmi\u015ftir. \ufffcTan\u0131t\u0131m Metni<\/p>\n","protected":false},"excerpt":{"rendered":"<p>\u00c7ar 1. Nikola\u2019ya muhalif Petra\u015fevski grubunun \u00fcyesi oldu\u011fu i\u00e7in \u00f6nce idama mahk\u00fbm edilen, sonra cezas\u0131 s\u00fcrg\u00fcne \u00e7evrilerek Sibirya\u2019ya g\u00f6nderilen Dostoyevski, ilk eserlerini s\u00fcrg\u00fcn \u00f6ncesi d\u00f6nemde vermi\u015ftir.<span class=\"excerpt-hellip\"> [\u2026]<\/span><\/p>\n","protected":false},"featured_media":0,"template":"","meta":{"_monsterinsights_skip_tracking":false,"_monsterinsights_sitenote_active":false,"_monsterinsights_sitenote_note":"","_monsterinsights_sitenote_category":0},"product_brand":[],"product_cat":[12291,13570],"product_tag":[],"class_list":{"0":"post-690585","1":"product","2":"type-product","3":"status-publish","5":"product_cat-edebiyat","6":"product_cat-rus-edebiyati","7":"pa_cilt-ciltsiz","8":"pa_tur-kitap","9":"pa_yayinevi-is-bankasi-kultur-yayinlari","10":"pa_yazar-fyodor-mihaylovic-dostoyevski","12":"first","13":"instock","14":"sale","15":"shipping-taxable","16":"purchasable","17":"product-type-simple"},"_links":{"self":[{"href":"https:\/\/roveyayinevi.com.tr\/index.php\/wp-json\/wp\/v2\/product\/690585","targetHints":{"allow":["GET"]}}],"collection":[{"href":"https:\/\/roveyayinevi.com.tr\/index.php\/wp-json\/wp\/v2\/product"}],"about":[{"href":"https:\/\/roveyayinevi.com.tr\/index.php\/wp-json\/wp\/v2\/types\/product"}],"wp:attachment":[{"href":"https:\/\/roveyayinevi.com.tr\/index.php\/wp-json\/wp\/v2\/media?parent=690585"}],"wp:term":[{"taxonomy":"product_brand","embeddable":true,"href":"https:\/\/roveyayinevi.com.tr\/index.php\/wp-json\/wp\/v2\/product_brand?post=690585"},{"taxonomy":"product_cat","embeddable":true,"href":"https:\/\/roveyayinevi.com.tr\/index.php\/wp-json\/wp\/v2\/product_cat?post=690585"},{"taxonomy":"product_tag","embeddable":true,"href":"https:\/\/roveyayinevi.com.tr\/index.php\/wp-json\/wp\/v2\/product_tag?post=690585"}],"curies":[{"name":"wp","href":"https:\/\/api.w.org\/{rel}","templated":true}]}}