{"id":690584,"date":"2025-08-27T13:52:15","date_gmt":"2025-08-27T10:52:15","guid":{"rendered":"https:\/\/roveyayinevi.com.tr\/index.php\/urun\/sozlu-dovus-kibarca-ikna-sanati\/"},"modified":"2026-04-16T02:00:15","modified_gmt":"2026-04-15T23:00:15","slug":"sozlu-dovus-kibarca-ikna-sanati","status":"publish","type":"product","link":"https:\/\/roveyayinevi.com.tr\/index.php\/urun\/sozlu-dovus-kibarca-ikna-sanati\/","title":{"rendered":"S\u00f6zl\u00fc D\u00f6v\u00fc\u015f Kibarca \u0130kna Sanat\u0131"},"content":{"rendered":"<p>Daha iyi dinleyin ve kendinizi her zaman dinletin Asla s\u00f6ylenmemesi gerekenleri \u00f6\u011frenin Empati ile insanlar\u0131 kendinize ba\u011flay\u0131n S\u00f6zl\u00fc sald\u0131r\u0131lar\u0131 daha yoldayken durdurun   Ne kadar s\u0131kl\u0131kla kendinizi yanl\u0131\u015f anla\u015f\u0131lm\u0131\u015f, hayal k\u0131r\u0131kl\u0131\u011f\u0131na u\u011fram\u0131\u015f ve bir tart\u0131\u015fman\u0131n kaybeden taraf\u0131nda buluyorsunuz? Zaman zaman m\u0131? \u00c7o\u011fu zaman m\u0131? Her zaman m\u0131? E\u011fer ya\u015fam\u0131n\u0131zdaki ba\u015far\u0131n\u0131n b\u00fcy\u00fck bir \u00e7o\u011funlu\u011fu diyaloglardaki ba\u015far\u0131n\u0131za ba\u011fl\u0131ysa cevab\u0131n\u0131z\u0131n \u201chi\u00e7bir zaman\u201d olmas\u0131n\u0131 siz de istemez misiniz? Kendinizi i\u015fteki bir rakibin kar\u015f\u0131s\u0131nda buldu\u011funuzda haz\u0131r bir plan\u0131n\u0131z var m\u0131? Peki ya evde? Gece karanl\u0131k bir sokakta? Yoksa yaln\u0131zca al\u0131\u015fkanl\u0131klar\u0131n\u0131z ya da duygular\u0131n\u0131zla m\u0131 tepki veriyorsunuz? Dr. George Thompson\u2019un da dedi\u011fi gibi, \u201cTepki verdi\u011finizde olay sizi kontrol eder. Oysa kar\u015f\u0131l\u0131k verdi\u011finizde kontrol sizdedir.\u201d \u0130ster evde olun isterse ofis salonunda; S\u00f6zl\u00fc D\u00f6v\u00fc\u015f size her t\u00fcrl\u00fc s\u00f6zl\u00fc kar\u015f\u0131la\u015fmada nas\u0131l haz\u0131rl\u0131kl\u0131 olaca\u011f\u0131n\u0131z\u0131 g\u00f6steriyor. Nas\u0131l daha etkili bir bi\u00e7imde dinleyip konu\u015faca\u011f\u0131n\u0131z\u0131, (\u0130ngilizce\u2019deki en g\u00fc\u00e7l\u00fc s\u00f6zc\u00fck olan) empati ile insanlar\u0131 kendinize nas\u0131l ba\u011flayaca\u011f\u0131n\u0131z\u0131, en yayg\u0131n diyalog felaketlerinden nas\u0131l ka\u00e7\u0131naca\u011f\u0131n\u0131z\u0131 ve bak\u0131\u015f a\u00e7\u0131n\u0131z\u0131 ifade ederek pek \u00e7ok anla\u015fmazl\u0131kta \u00fcst\u00fcn gelmenizi ba\u015far\u0131yla sa\u011flayacak kan\u0131tlanm\u0131\u015f ve kolayl\u0131kla ak\u0131lda kalan bir stratejiye nas\u0131l sahip olaca\u011f\u0131n\u0131z\u0131 Dr. Thompson\u2019dan \u00f6\u011freneceksiniz.  <\/p>\n","protected":false},"excerpt":{"rendered":"<p>Daha iyi dinleyin ve kendinizi her zaman dinletin Asla s\u00f6ylenmemesi gerekenleri \u00f6\u011frenin Empati ile insanlar\u0131 kendinize ba\u011flay\u0131n S\u00f6zl\u00fc sald\u0131r\u0131lar\u0131 daha yoldayken durdurun Ne kadar s\u0131kl\u0131kla kendinizi<span class=\"excerpt-hellip\"> [\u2026]<\/span><\/p>\n","protected":false},"featured_media":0,"template":"","meta":{"_monsterinsights_skip_tracking":false,"_monsterinsights_sitenote_active":false,"_monsterinsights_sitenote_note":"","_monsterinsights_sitenote_category":0},"product_brand":[],"product_cat":[12364,12376],"product_tag":[],"class_list":{"0":"post-690584","1":"product","2":"type-product","3":"status-publish","5":"product_cat-genel-konular","6":"product_cat-kisisel-gelisim","7":"pa_cilt-ciltsiz","8":"pa_tur-kitap","9":"pa_yayinevi-koridor-yayincilik","10":"pa_yazar-george-thompson","12":"first","13":"instock","14":"sale","15":"shipping-taxable","16":"purchasable","17":"product-type-simple"},"_links":{"self":[{"href":"https:\/\/roveyayinevi.com.tr\/index.php\/wp-json\/wp\/v2\/product\/690584","targetHints":{"allow":["GET"]}}],"collection":[{"href":"https:\/\/roveyayinevi.com.tr\/index.php\/wp-json\/wp\/v2\/product"}],"about":[{"href":"https:\/\/roveyayinevi.com.tr\/index.php\/wp-json\/wp\/v2\/types\/product"}],"wp:attachment":[{"href":"https:\/\/roveyayinevi.com.tr\/index.php\/wp-json\/wp\/v2\/media?parent=690584"}],"wp:term":[{"taxonomy":"product_brand","embeddable":true,"href":"https:\/\/roveyayinevi.com.tr\/index.php\/wp-json\/wp\/v2\/product_brand?post=690584"},{"taxonomy":"product_cat","embeddable":true,"href":"https:\/\/roveyayinevi.com.tr\/index.php\/wp-json\/wp\/v2\/product_cat?post=690584"},{"taxonomy":"product_tag","embeddable":true,"href":"https:\/\/roveyayinevi.com.tr\/index.php\/wp-json\/wp\/v2\/product_tag?post=690584"}],"curies":[{"name":"wp","href":"https:\/\/api.w.org\/{rel}","templated":true}]}}