{"id":690583,"date":"2025-08-27T13:52:15","date_gmt":"2025-08-27T10:52:15","guid":{"rendered":"https:\/\/roveyayinevi.com.tr\/index.php\/urun\/zamanin-otesindeki-deha-tesla\/"},"modified":"2026-04-16T02:00:15","modified_gmt":"2026-04-15T23:00:15","slug":"zamanin-otesindeki-deha-tesla","status":"publish","type":"product","link":"https:\/\/roveyayinevi.com.tr\/index.php\/urun\/zamanin-otesindeki-deha-tesla\/","title":{"rendered":"Zaman\u0131n \u00d6tesindeki Deha Tesla"},"content":{"rendered":"<p>Ad\u0131 Edison veya Marconi kadar bilinmese de Nikola Tesla gelmi\u015f ge\u00e7mi\u015f en b\u00fcy\u00fck mucitlerden biri, hatta birincisi kabul ediliyor. S\u0131rp as\u0131ll\u0131, H\u0131rvatistan do\u011fumlu ve ABD vatanda\u015f\u0131 olan bu d\u00e2hi sayesinde bug\u00fcn \u0131\u015f\u0131l \u0131\u015f\u0131l ayd\u0131nlanan kentlerde ya\u015f\u0131yoruz. Ama insanl\u0131\u011f\u0131n Tesla\u2019ya bor\u00e7lu oldu\u011fu \u015fey bununla s\u0131n\u0131rl\u0131 de\u011fil tabii. Ger\u00e7ekten zaman\u0131n\u0131n \u00e7ok ilerisinde ya\u015fayan bir bilim insan\u0131 olan Tesla patentinin Marconi\u2019ye de\u011fil kendisine ait oldu\u011funu ancak ABD Y\u00fcksek Mahkemesi karar\u0131yla kan\u0131tlayabildi\u011fi radyodan televizyona, robotlardan telsiz haberle\u015fmesine, bilgisayardan f\u00fczelere kadar bug\u00fcn g\u00fcndelik ya\u015fam\u0131m\u0131zda yer alan pek \u00e7ok \u015feyin mucidi veya fikir babas\u0131d\u0131r. \ufffcTan\u0131t\u0131m Metni<\/p>\n","protected":false},"excerpt":{"rendered":"<p>Ad\u0131 Edison veya Marconi kadar bilinmese de Nikola Tesla gelmi\u015f ge\u00e7mi\u015f en b\u00fcy\u00fck mucitlerden biri, hatta birincisi kabul ediliyor. S\u0131rp as\u0131ll\u0131, H\u0131rvatistan do\u011fumlu ve ABD vatanda\u015f\u0131<span class=\"excerpt-hellip\"> [\u2026]<\/span><\/p>\n","protected":false},"featured_media":0,"template":"","meta":{"_monsterinsights_skip_tracking":false,"_monsterinsights_sitenote_active":false,"_monsterinsights_sitenote_note":"","_monsterinsights_sitenote_category":0},"product_brand":[],"product_cat":[12365,12364],"product_tag":[],"class_list":{"0":"post-690583","1":"product","2":"type-product","3":"status-publish","5":"product_cat-diger-genel-konular","6":"product_cat-genel-konular","7":"pa_tur-kitap","8":"pa_yayinevi-aykiri-yayinlari","9":"pa_yazar-margaret-cheney","11":"first","12":"instock","13":"sale","14":"shipping-taxable","15":"purchasable","16":"product-type-simple"},"_links":{"self":[{"href":"https:\/\/roveyayinevi.com.tr\/index.php\/wp-json\/wp\/v2\/product\/690583","targetHints":{"allow":["GET"]}}],"collection":[{"href":"https:\/\/roveyayinevi.com.tr\/index.php\/wp-json\/wp\/v2\/product"}],"about":[{"href":"https:\/\/roveyayinevi.com.tr\/index.php\/wp-json\/wp\/v2\/types\/product"}],"wp:attachment":[{"href":"https:\/\/roveyayinevi.com.tr\/index.php\/wp-json\/wp\/v2\/media?parent=690583"}],"wp:term":[{"taxonomy":"product_brand","embeddable":true,"href":"https:\/\/roveyayinevi.com.tr\/index.php\/wp-json\/wp\/v2\/product_brand?post=690583"},{"taxonomy":"product_cat","embeddable":true,"href":"https:\/\/roveyayinevi.com.tr\/index.php\/wp-json\/wp\/v2\/product_cat?post=690583"},{"taxonomy":"product_tag","embeddable":true,"href":"https:\/\/roveyayinevi.com.tr\/index.php\/wp-json\/wp\/v2\/product_tag?post=690583"}],"curies":[{"name":"wp","href":"https:\/\/api.w.org\/{rel}","templated":true}]}}