{"id":690582,"date":"2025-08-27T13:52:15","date_gmt":"2025-08-27T10:52:15","guid":{"rendered":"https:\/\/roveyayinevi.com.tr\/index.php\/urun\/sil-bastan\/"},"modified":"2026-04-16T02:00:15","modified_gmt":"2026-04-15T23:00:15","slug":"sil-bastan","status":"publish","type":"product","link":"https:\/\/roveyayinevi.com.tr\/index.php\/urun\/sil-bastan\/","title":{"rendered":"Sil Ba\u015ftan"},"content":{"rendered":"<p>Ken Grimwood\u2019un s\u0131rad\u0131\u015f\u0131 eseri Sil Ba\u015ftan, zihninize \u015fu soruyu kaz\u0131yor: Ge\u00e7mi\u015fte yapm\u0131\u015f oldu\u011funuz hatalar\u0131 bilerek hayat\u0131n\u0131z\u0131 tekrar, tekrar ve tekrar ya\u015famak zorunda kalsayd\u0131n\u0131z ne yapard\u0131n\u0131z? 43 ya\u015f\u0131ndaki Jeff Winston bu \u015fans\u0131 birka\u00e7 kez elde eder. Heyecan\u0131n\u0131 yitirdi\u011fi evlili\u011fi ile gelece\u011fi olmayan i\u015fi aras\u0131nda s\u0131k\u0131\u015f\u0131p kalm\u0131\u015ft\u0131r ve hi\u00e7 beklenmedik bir anda \u00f6l\u00fcverir. Tekrar hayata g\u00f6zlerini a\u00e7t\u0131\u011f\u0131nda ise takvimler 1963 y\u0131l\u0131n\u0131 g\u00f6stermektedir. O sabah 18 ya\u015f\u0131nda, \u00fcniversite yatakhanesinin duvarlar\u0131na bakarak uyan\u0131r. Her \u015fey eskisi gibidir&#8230; Tek bir fark d\u0131\u015f\u0131nda: Jeff gelece\u011fi avcunun i\u00e7i gibi bilmektedir. Futbol ligi final ma\u00e7lar\u0131ndan at yar\u0131\u015flar\u0131na kadar kimin kazanaca\u011f\u0131n\u0131, Wall Street\u2019te k\u00f6\u015feyi d\u00f6nmek i\u00e7in hangi \u015firketlere yat\u0131r\u0131m yapmak gerekti\u011fini&#8230; Yaln\u0131z, bilmedi\u011fi bir \u015fey vard\u0131r: Neden hayat\u0131n\u0131 sil ba\u015ftan ya\u015famak zorundad\u0131r? Sevdi\u011fi her \u015feyi ve herkesi kazan\u0131p kaybetmeye daha ne kadar devam edecektir? Bir\u00e7ok dile \u00e7evrilen ve listeleri alt \u00fcst eden Sil Ba\u015ftan hayat\u0131n karma\u015f\u0131k d\u00f6ng\u00fcs\u00fcn\u00fc sorgularken hayal g\u00fcc\u00fcn\u00fcz\u00fc de sonuna kadar zorluyor. Uzun zamand\u0131r okudu\u011fum en s\u0131rad\u0131\u015f\u0131, en s\u00fcr\u00fckleyici roman. -Dean Koontz- Grimwood ola\u011fan\u00fcst\u00fc g\u00f6zlem yetene\u011fi, \u00fcslubu ve orijinal kurgu yetene\u011fiyle benzerlerini fersah fersah gerilerde b\u0131rak\u0131yor. -Publishers Weekly- \ufffcTan\u0131t\u0131m Metni<\/p>\n","protected":false},"excerpt":{"rendered":"<p>Ken Grimwood\u2019un s\u0131rad\u0131\u015f\u0131 eseri Sil Ba\u015ftan, zihninize \u015fu soruyu kaz\u0131yor: Ge\u00e7mi\u015fte yapm\u0131\u015f oldu\u011funuz hatalar\u0131 bilerek hayat\u0131n\u0131z\u0131 tekrar, tekrar ve tekrar ya\u015famak zorunda kalsayd\u0131n\u0131z ne yapard\u0131n\u0131z? 43<span class=\"excerpt-hellip\"> [\u2026]<\/span><\/p>\n","protected":false},"featured_media":0,"template":"","meta":{"_monsterinsights_skip_tracking":false,"_monsterinsights_sitenote_active":false,"_monsterinsights_sitenote_note":"","_monsterinsights_sitenote_category":0},"product_brand":[],"product_cat":[12291,12711],"product_tag":[],"class_list":{"0":"post-690582","1":"product","2":"type-product","3":"status-publish","5":"product_cat-edebiyat","6":"product_cat-roman-oyku","7":"pa_cilt-ciltsiz","8":"pa_tur-kitap","9":"pa_yayinevi-koridor-yayincilik","10":"pa_yazar-ken-grimwood","12":"first","13":"instock","14":"sale","15":"shipping-taxable","16":"purchasable","17":"product-type-simple"},"_links":{"self":[{"href":"https:\/\/roveyayinevi.com.tr\/index.php\/wp-json\/wp\/v2\/product\/690582","targetHints":{"allow":["GET"]}}],"collection":[{"href":"https:\/\/roveyayinevi.com.tr\/index.php\/wp-json\/wp\/v2\/product"}],"about":[{"href":"https:\/\/roveyayinevi.com.tr\/index.php\/wp-json\/wp\/v2\/types\/product"}],"wp:attachment":[{"href":"https:\/\/roveyayinevi.com.tr\/index.php\/wp-json\/wp\/v2\/media?parent=690582"}],"wp:term":[{"taxonomy":"product_brand","embeddable":true,"href":"https:\/\/roveyayinevi.com.tr\/index.php\/wp-json\/wp\/v2\/product_brand?post=690582"},{"taxonomy":"product_cat","embeddable":true,"href":"https:\/\/roveyayinevi.com.tr\/index.php\/wp-json\/wp\/v2\/product_cat?post=690582"},{"taxonomy":"product_tag","embeddable":true,"href":"https:\/\/roveyayinevi.com.tr\/index.php\/wp-json\/wp\/v2\/product_tag?post=690582"}],"curies":[{"name":"wp","href":"https:\/\/api.w.org\/{rel}","templated":true}]}}