{"id":690580,"date":"2025-08-27T13:52:15","date_gmt":"2025-08-27T10:52:15","guid":{"rendered":"https:\/\/roveyayinevi.com.tr\/index.php\/urun\/profesor\/"},"modified":"2026-04-16T02:00:15","modified_gmt":"2026-04-15T23:00:15","slug":"profesor","status":"publish","type":"product","link":"https:\/\/roveyayinevi.com.tr\/index.php\/urun\/profesor\/","title":{"rendered":"Profes\u00f6r"},"content":{"rendered":"<p>Psikoloji profes\u00f6r\u00fc Adrian yak\u0131nda haf\u0131zas\u0131n\u0131 kaybedip \u00f6lece\u011fini \u00f6\u011frenir. O an akl\u0131nda tek bir d\u00fc\u015f\u00fcnce vard\u0131r: Eve gidip hayat\u0131na kendi elleriyle son vermek. Ancak birka\u00e7 saat sonra yolda on alt\u0131 ya\u015flar\u0131nda s\u0131rt \u00e7antal\u0131 bir k\u0131z g\u00f6r\u00fcr. Hemen ard\u0131ndan bir ara\u00e7 onu zorla al\u0131koyar ve g\u00f6zden kaybolur. Profes\u00f6r \u015fa\u015fk\u0131nd\u0131r. G\u00f6rd\u00fckleri bir ill\u00fczyon mudur yoksa ger\u00e7ekten g\u00f6zlerinin \u00f6n\u00fcnde bir ka\u00e7\u0131r\u0131lma olay\u0131 m\u0131 ger\u00e7ekle\u015fmi\u015ftir? E\u011fer \u00f6yleyse harekete ge\u00e7mek zorundad\u0131r, zaten kaybedece\u011fi hi\u00e7bir \u015fey kalmam\u0131\u015ft\u0131r. <\/p>\n","protected":false},"excerpt":{"rendered":"<p>Psikoloji profes\u00f6r\u00fc Adrian yak\u0131nda haf\u0131zas\u0131n\u0131 kaybedip \u00f6lece\u011fini \u00f6\u011frenir. O an akl\u0131nda tek bir d\u00fc\u015f\u00fcnce vard\u0131r: Eve gidip hayat\u0131na kendi elleriyle son vermek. Ancak birka\u00e7 saat sonra<span class=\"excerpt-hellip\"> [\u2026]<\/span><\/p>\n","protected":false},"featured_media":0,"template":"","meta":{"_monsterinsights_skip_tracking":false,"_monsterinsights_sitenote_active":false,"_monsterinsights_sitenote_note":"","_monsterinsights_sitenote_category":0},"product_brand":[],"product_cat":[12891,12291],"product_tag":[],"class_list":{"0":"post-690580","1":"product","2":"type-product","3":"status-publish","5":"product_cat-amerikan-edebiyati","6":"product_cat-edebiyat","7":"pa_cilt-ciltsiz","8":"pa_tur-kitap","9":"pa_yayinevi-koridor-yayincilik","10":"pa_yazar-john-katzenbach","12":"first","13":"instock","14":"sale","15":"shipping-taxable","16":"purchasable","17":"product-type-simple"},"_links":{"self":[{"href":"https:\/\/roveyayinevi.com.tr\/index.php\/wp-json\/wp\/v2\/product\/690580","targetHints":{"allow":["GET"]}}],"collection":[{"href":"https:\/\/roveyayinevi.com.tr\/index.php\/wp-json\/wp\/v2\/product"}],"about":[{"href":"https:\/\/roveyayinevi.com.tr\/index.php\/wp-json\/wp\/v2\/types\/product"}],"wp:attachment":[{"href":"https:\/\/roveyayinevi.com.tr\/index.php\/wp-json\/wp\/v2\/media?parent=690580"}],"wp:term":[{"taxonomy":"product_brand","embeddable":true,"href":"https:\/\/roveyayinevi.com.tr\/index.php\/wp-json\/wp\/v2\/product_brand?post=690580"},{"taxonomy":"product_cat","embeddable":true,"href":"https:\/\/roveyayinevi.com.tr\/index.php\/wp-json\/wp\/v2\/product_cat?post=690580"},{"taxonomy":"product_tag","embeddable":true,"href":"https:\/\/roveyayinevi.com.tr\/index.php\/wp-json\/wp\/v2\/product_tag?post=690580"}],"curies":[{"name":"wp","href":"https:\/\/api.w.org\/{rel}","templated":true}]}}