{"id":690579,"date":"2025-08-27T13:52:14","date_gmt":"2025-08-27T10:52:14","guid":{"rendered":"https:\/\/roveyayinevi.com.tr\/index.php\/urun\/bir-mabed-iscisi\/"},"modified":"2026-04-16T02:00:15","modified_gmt":"2026-04-15T23:00:15","slug":"bir-mabed-iscisi","status":"publish","type":"product","link":"https:\/\/roveyayinevi.com.tr\/index.php\/urun\/bir-mabed-iscisi\/","title":{"rendered":"Bir Mabed \u0130\u015f\u00e7isi"},"content":{"rendered":"<p>\u00d6mr\u00fc boyunca harbi de\u011fil, muharebeyi kazanmay\u0131 hedeflemi\u015f bendenizin harbin kaybedilmesinden \u00f6t\u00fcr\u00fc hissesine d\u00fc\u015fen \u0131zd\u0131rab\u0131n, y\u00e2rinin i\u00e7ine at\u0131ld\u0131\u011f\u0131 o b\u00fcy\u00fck\u00e7e ate\u015f orman\u0131n\u0131 s\u00f6nd\u00fcrebilmek i\u00e7in a\u011fz\u0131yla su ta\u015f\u0131yan k\u00fc\u00e7\u00fck ser\u00e7enin \u0131zd\u0131rab\u0131ndan daha az olmad\u0131\u011f\u0131 itiraf\u0131n\u0131, bir buruk ved\u00e2 yaz\u0131s\u0131n\u0131n sonuna ili\u015ftirilmesi gereken ve ne yaz\u0131k ki bir t\u00fcrl\u00fc dinmek bilmeyen mevsimsiz ya\u011fmurlar y\u00fcz\u00fcnden m\u00fcrekkebi akm\u0131\u015f bir pusula h\u00e2linde, d\u00eevanesi oldu\u011fum o metruk yolun kenarca\u011f\u0131z\u0131na, \u00f6nleyemedi\u011fim bir h\u00fcz\u00fcn ve sarartmay\u0131 beceremedi\u011fim bir utan\u00e7 i\u00e7inde terkediyorum. -H\u00fcve\u2019l-Bak\u00ee- <\/p>\n","protected":false},"excerpt":{"rendered":"<p>\u00d6mr\u00fc boyunca harbi de\u011fil, muharebeyi kazanmay\u0131 hedeflemi\u015f bendenizin harbin kaybedilmesinden \u00f6t\u00fcr\u00fc hissesine d\u00fc\u015fen \u0131zd\u0131rab\u0131n, y\u00e2rinin i\u00e7ine at\u0131ld\u0131\u011f\u0131 o b\u00fcy\u00fck\u00e7e ate\u015f orman\u0131n\u0131 s\u00f6nd\u00fcrebilmek i\u00e7in a\u011fz\u0131yla su ta\u015f\u0131yan<span class=\"excerpt-hellip\"> [\u2026]<\/span><\/p>\n","protected":false},"featured_media":0,"template":"","meta":{"_monsterinsights_skip_tracking":false,"_monsterinsights_sitenote_active":false,"_monsterinsights_sitenote_note":"","_monsterinsights_sitenote_category":0},"product_brand":[],"product_cat":[12777,12291],"product_tag":[],"class_list":{"0":"post-690579","1":"product","2":"type-product","3":"status-publish","5":"product_cat-deneme","6":"product_cat-edebiyat","7":"pa_cilt-ciltsiz","8":"pa_tur-kitap","9":"pa_yayinevi-kapi-yayinlari","10":"pa_yazar-ducane-cundioglu","12":"first","13":"instock","14":"sale","15":"shipping-taxable","16":"purchasable","17":"product-type-simple"},"_links":{"self":[{"href":"https:\/\/roveyayinevi.com.tr\/index.php\/wp-json\/wp\/v2\/product\/690579","targetHints":{"allow":["GET"]}}],"collection":[{"href":"https:\/\/roveyayinevi.com.tr\/index.php\/wp-json\/wp\/v2\/product"}],"about":[{"href":"https:\/\/roveyayinevi.com.tr\/index.php\/wp-json\/wp\/v2\/types\/product"}],"wp:attachment":[{"href":"https:\/\/roveyayinevi.com.tr\/index.php\/wp-json\/wp\/v2\/media?parent=690579"}],"wp:term":[{"taxonomy":"product_brand","embeddable":true,"href":"https:\/\/roveyayinevi.com.tr\/index.php\/wp-json\/wp\/v2\/product_brand?post=690579"},{"taxonomy":"product_cat","embeddable":true,"href":"https:\/\/roveyayinevi.com.tr\/index.php\/wp-json\/wp\/v2\/product_cat?post=690579"},{"taxonomy":"product_tag","embeddable":true,"href":"https:\/\/roveyayinevi.com.tr\/index.php\/wp-json\/wp\/v2\/product_tag?post=690579"}],"curies":[{"name":"wp","href":"https:\/\/api.w.org\/{rel}","templated":true}]}}