{"id":690575,"date":"2025-08-27T13:52:14","date_gmt":"2025-08-27T10:52:14","guid":{"rendered":"https:\/\/roveyayinevi.com.tr\/index.php\/urun\/kayip-turkler\/"},"modified":"2026-03-22T02:04:38","modified_gmt":"2026-03-21T23:04:38","slug":"kayip-turkler","status":"publish","type":"product","link":"https:\/\/roveyayinevi.com.tr\/index.php\/urun\/kayip-turkler\/","title":{"rendered":"Kay\u0131p T\u00fcrkler"},"content":{"rendered":"<p>Tarihi s\u00fcre\u00e7 i\u00e7erisinde K\u00fcrt\u00e7e konu\u015fmaya ba\u015flayan T\u00fcrkmen k\u00f6kenli a\u015firetleri inceleyen bu \u00f6nemli \u00e7al\u0131\u015fma, T\u00fcrkiye\u2019de bir milad\u0131n ba\u015flang\u0131c\u0131 olmaya namzettir.Bu \u00e7al\u0131\u015fma; ba\u015fta T\u00fcrkiye olmak \u00fczere Irak, \u0130ran ve Suriye\u2019de ya\u015fayan y\u00fczlerce T\u00fcrkmen a\u015firetinin dillerini neden de\u011fi\u015ftirdi\u011fini etnik co\u011frafya perspektifiyle a\u00e7\u0131klamaktad\u0131r. \u015eimdiye kadar bir\u00e7ok ki\u015fi taraf\u0131ndan g\u00fcndeme getirilen bu \u00f6nemli konu, en geni\u015f ve en yetkin \u015fekilde bu \u00e7al\u0131\u015fma ile ele al\u0131nm\u0131\u015ft\u0131r.\u00b7         K\u00fcrt-T\u00fcrkmen etkile\u015fimi nas\u0131l ger\u00e7ekle\u015fmi\u015ftir? \u00b7         T\u00fcrkmen a\u015firetleri neden K\u00fcrtle\u015fmi\u015ftir? \u00b7         K\u00fcrtle\u015fme neyi ifade etmektedir? \u00b7         K\u00fcrtle\u015fme halen devam etmekte midir? \u00b7         Hangi T\u00fcrkmen a\u015firetleri K\u00fcrtle\u015fmi\u015ftir \u00b7         T\u00fcrkmen k\u00f6kenli bu a\u015firetlere milli aidiyetleri yeniden iade edilebilir mi? \u00b7         T\u00fcrkle\u015fen K\u00fcrtler yok mudur? B\u00fct\u00fcn bu sorulara ve daha fazlas\u0131na \u201cKay\u0131p T\u00fcrkler\u201d de cevap bulacaks\u0131n\u0131z.  <\/p>\n","protected":false},"excerpt":{"rendered":"<p>Tarihi s\u00fcre\u00e7 i\u00e7erisinde K\u00fcrt\u00e7e konu\u015fmaya ba\u015flayan T\u00fcrkmen k\u00f6kenli a\u015firetleri inceleyen bu \u00f6nemli \u00e7al\u0131\u015fma, T\u00fcrkiye\u2019de bir milad\u0131n ba\u015flang\u0131c\u0131 olmaya namzettir.Bu \u00e7al\u0131\u015fma; ba\u015fta T\u00fcrkiye olmak \u00fczere Irak, \u0130ran<span class=\"excerpt-hellip\"> [\u2026]<\/span><\/p>\n","protected":false},"featured_media":0,"template":"","meta":{"_monsterinsights_skip_tracking":false,"_monsterinsights_sitenote_active":false,"_monsterinsights_sitenote_note":"","_monsterinsights_sitenote_category":0},"product_brand":[],"product_cat":[12370,12304],"product_tag":[],"class_list":{"0":"post-690575","1":"product","2":"type-product","3":"status-publish","5":"product_cat-arastirma-inceleme","6":"product_cat-tarih","7":"pa_cilt-ciltsiz","8":"pa_tur-kitap","9":"pa_yayinevi-kripto-basim-yayin","10":"pa_yazar-ali-riza-ozdemir","12":"first","13":"instock","14":"sale","15":"shipping-taxable","16":"purchasable","17":"product-type-simple"},"_links":{"self":[{"href":"https:\/\/roveyayinevi.com.tr\/index.php\/wp-json\/wp\/v2\/product\/690575","targetHints":{"allow":["GET"]}}],"collection":[{"href":"https:\/\/roveyayinevi.com.tr\/index.php\/wp-json\/wp\/v2\/product"}],"about":[{"href":"https:\/\/roveyayinevi.com.tr\/index.php\/wp-json\/wp\/v2\/types\/product"}],"wp:attachment":[{"href":"https:\/\/roveyayinevi.com.tr\/index.php\/wp-json\/wp\/v2\/media?parent=690575"}],"wp:term":[{"taxonomy":"product_brand","embeddable":true,"href":"https:\/\/roveyayinevi.com.tr\/index.php\/wp-json\/wp\/v2\/product_brand?post=690575"},{"taxonomy":"product_cat","embeddable":true,"href":"https:\/\/roveyayinevi.com.tr\/index.php\/wp-json\/wp\/v2\/product_cat?post=690575"},{"taxonomy":"product_tag","embeddable":true,"href":"https:\/\/roveyayinevi.com.tr\/index.php\/wp-json\/wp\/v2\/product_tag?post=690575"}],"curies":[{"name":"wp","href":"https:\/\/api.w.org\/{rel}","templated":true}]}}