{"id":690573,"date":"2025-08-27T13:52:13","date_gmt":"2025-08-27T10:52:13","guid":{"rendered":"https:\/\/roveyayinevi.com.tr\/index.php\/urun\/destek-egitim-oz-bakim-becerileri\/"},"modified":"2026-04-16T02:00:14","modified_gmt":"2026-04-15T23:00:14","slug":"destek-egitim-oz-bakim-becerileri","status":"publish","type":"product","link":"https:\/\/roveyayinevi.com.tr\/index.php\/urun\/destek-egitim-oz-bakim-becerileri\/","title":{"rendered":"Destek E\u011fitim &#8211; \u00d6z Bak\u0131m Becerileri"},"content":{"rendered":"<p>Zihinsel Engelli Bireyler i\u00e7in Destek E\u011fitim Program\u0131na tamamen uygun olarak haz\u0131rlanan bu kitap, bireylerin kullanaca\u011f\u0131 \u00e7al\u0131\u015fma sayfalar\u0131n\u0131n yan\u0131 s\u0131ra her bir kazan\u0131m\u0131n nas\u0131l ger\u00e7ekle\u015ftirilece\u011fini ayr\u0131nt\u0131l\u0131 bi\u00e7imde a\u00e7\u0131klayan sayfalar\u0131 da i\u00e7ermektedir. <\/p>\n","protected":false},"excerpt":{"rendered":"<p>Zihinsel Engelli Bireyler i\u00e7in Destek E\u011fitim Program\u0131na tamamen uygun olarak haz\u0131rlanan bu kitap, bireylerin kullanaca\u011f\u0131 \u00e7al\u0131\u015fma sayfalar\u0131n\u0131n yan\u0131 s\u0131ra her bir kazan\u0131m\u0131n nas\u0131l ger\u00e7ekle\u015ftirilece\u011fini ayr\u0131nt\u0131l\u0131 bi\u00e7imde<span class=\"excerpt-hellip\"> [\u2026]<\/span><\/p>\n","protected":false},"featured_media":0,"template":"","meta":{"_monsterinsights_skip_tracking":false,"_monsterinsights_sitenote_active":false,"_monsterinsights_sitenote_note":"","_monsterinsights_sitenote_category":0},"product_brand":[],"product_cat":[12312,12304],"product_tag":[],"class_list":{"0":"post-690573","1":"product","2":"type-product","3":"status-publish","5":"product_cat-diger","6":"product_cat-tarih","7":"pa_cilt-ciltsiz","8":"pa_tur-kitap","9":"pa_yayinevi-kok-yayinevi","10":"pa_yazar-atilla-tazebay","12":"first","13":"instock","14":"sale","15":"shipping-taxable","16":"purchasable","17":"product-type-simple"},"_links":{"self":[{"href":"https:\/\/roveyayinevi.com.tr\/index.php\/wp-json\/wp\/v2\/product\/690573","targetHints":{"allow":["GET"]}}],"collection":[{"href":"https:\/\/roveyayinevi.com.tr\/index.php\/wp-json\/wp\/v2\/product"}],"about":[{"href":"https:\/\/roveyayinevi.com.tr\/index.php\/wp-json\/wp\/v2\/types\/product"}],"wp:attachment":[{"href":"https:\/\/roveyayinevi.com.tr\/index.php\/wp-json\/wp\/v2\/media?parent=690573"}],"wp:term":[{"taxonomy":"product_brand","embeddable":true,"href":"https:\/\/roveyayinevi.com.tr\/index.php\/wp-json\/wp\/v2\/product_brand?post=690573"},{"taxonomy":"product_cat","embeddable":true,"href":"https:\/\/roveyayinevi.com.tr\/index.php\/wp-json\/wp\/v2\/product_cat?post=690573"},{"taxonomy":"product_tag","embeddable":true,"href":"https:\/\/roveyayinevi.com.tr\/index.php\/wp-json\/wp\/v2\/product_tag?post=690573"}],"curies":[{"name":"wp","href":"https:\/\/api.w.org\/{rel}","templated":true}]}}