{"id":690572,"date":"2025-08-27T13:52:13","date_gmt":"2025-08-27T10:52:13","guid":{"rendered":"https:\/\/roveyayinevi.com.tr\/index.php\/urun\/sozun-ozunden-dunden-bugune-atasozleri\/"},"modified":"2026-04-16T02:00:14","modified_gmt":"2026-04-15T23:00:14","slug":"sozun-ozunden-dunden-bugune-atasozleri","status":"publish","type":"product","link":"https:\/\/roveyayinevi.com.tr\/index.php\/urun\/sozun-ozunden-dunden-bugune-atasozleri\/","title":{"rendered":"S\u00f6z\u00fcn \u00d6z\u00fcnden D\u00fcnden Bug\u00fcne Atas\u00f6zleri"},"content":{"rendered":"<p>Atas\u00f6zleri, k\u00fclt\u00fcre dair inceliklerin g\u00f6r\u00fclebilece\u011fi en temel s\u00f6z birimleridir. Ne zaman ya da kim taraf\u0131ndan s\u00f6ylendi\u011fi bilinmez ama halk bu s\u00f6zlerin do\u011frulu\u011funda, derinli\u011finde mutab\u0131kt\u0131r. Binlerce y\u0131ll\u0131k gelenekten dam\u0131t\u0131lm\u0131\u015f bu hikmetli s\u00f6zler, \u0130skender Pala\u2019n\u0131n \u00f6zg\u00fcn yorumlamalar\u0131yla tekrar bir araya getirildi. G\u00fcnl\u00fck hayatta hangi durumlarda kullan\u0131ld\u0131klar\u0131, hangilerinin art\u0131k kullan\u0131mdan kalkt\u0131\u011f\u0131 \/ kalkmas\u0131 gerekti\u011fi gibi ayd\u0131nlat\u0131c\u0131 bilgilerle zenginle\u015ftirilmi\u015f bu eser, halk k\u00fclt\u00fcr\u00fcm\u00fcz i\u00e7in de \u00f6nemli bir \u00e7al\u0131\u015fma. Bu \u00e7al\u0131\u015fmada bine yak\u0131n atas\u00f6z\u00fcne yer verilmi\u015ftir. &#8230; Umar\u0131z okuyucu ve \u00f6\u011frencilerimiz bu bin s\u00f6zden bin \u00f6\u011f\u00fct \u00f6\u011f\u00fct\u00fcrler ve atalar s\u00f6z\u00fc hazinemizden cevherler dev\u015firirler. <\/p>\n","protected":false},"excerpt":{"rendered":"<p>Atas\u00f6zleri, k\u00fclt\u00fcre dair inceliklerin g\u00f6r\u00fclebilece\u011fi en temel s\u00f6z birimleridir. Ne zaman ya da kim taraf\u0131ndan s\u00f6ylendi\u011fi bilinmez ama halk bu s\u00f6zlerin do\u011frulu\u011funda, derinli\u011finde mutab\u0131kt\u0131r. Binlerce y\u0131ll\u0131k<span class=\"excerpt-hellip\"> [\u2026]<\/span><\/p>\n","protected":false},"featured_media":0,"template":"","meta":{"_monsterinsights_skip_tracking":false,"_monsterinsights_sitenote_active":false,"_monsterinsights_sitenote_note":"","_monsterinsights_sitenote_category":0},"product_brand":[],"product_cat":[13072,12291],"product_tag":[],"class_list":{"0":"post-690572","1":"product","2":"type-product","3":"status-publish","5":"product_cat-arastirma-inceleme-referans","6":"product_cat-edebiyat","7":"pa_cilt-ciltsiz","8":"pa_tur-kitap","9":"pa_yayinevi-kapi-yayinlari","10":"pa_yazar-iskender-pala","12":"first","13":"instock","14":"sale","15":"shipping-taxable","16":"purchasable","17":"product-type-simple"},"_links":{"self":[{"href":"https:\/\/roveyayinevi.com.tr\/index.php\/wp-json\/wp\/v2\/product\/690572","targetHints":{"allow":["GET"]}}],"collection":[{"href":"https:\/\/roveyayinevi.com.tr\/index.php\/wp-json\/wp\/v2\/product"}],"about":[{"href":"https:\/\/roveyayinevi.com.tr\/index.php\/wp-json\/wp\/v2\/types\/product"}],"wp:attachment":[{"href":"https:\/\/roveyayinevi.com.tr\/index.php\/wp-json\/wp\/v2\/media?parent=690572"}],"wp:term":[{"taxonomy":"product_brand","embeddable":true,"href":"https:\/\/roveyayinevi.com.tr\/index.php\/wp-json\/wp\/v2\/product_brand?post=690572"},{"taxonomy":"product_cat","embeddable":true,"href":"https:\/\/roveyayinevi.com.tr\/index.php\/wp-json\/wp\/v2\/product_cat?post=690572"},{"taxonomy":"product_tag","embeddable":true,"href":"https:\/\/roveyayinevi.com.tr\/index.php\/wp-json\/wp\/v2\/product_tag?post=690572"}],"curies":[{"name":"wp","href":"https:\/\/api.w.org\/{rel}","templated":true}]}}