{"id":690571,"date":"2025-08-27T13:52:13","date_gmt":"2025-08-27T10:52:13","guid":{"rendered":"https:\/\/roveyayinevi.com.tr\/index.php\/urun\/siirler-sairler-meclisler\/"},"modified":"2026-04-16T02:00:14","modified_gmt":"2026-04-15T23:00:14","slug":"siirler-sairler-meclisler","status":"publish","type":"product","link":"https:\/\/roveyayinevi.com.tr\/index.php\/urun\/siirler-sairler-meclisler\/","title":{"rendered":"\u015eiirler, \u015eairler, Meclisler"},"content":{"rendered":"<p>Klasik \u015fiirimize Divan Edebiyat\u0131, Aristokrat Edebiyat, Y\u00fcksek Z\u00fcmre Edebiyat\u0131, Havas Edebiyat\u0131 gibi sonradan verilen b\u00fct\u00fcn isimler, hemen daima \u015fairlerin halktan kopuk, padi\u015fahlar\u0131n \u00e7evresinde k\u00fcmelenmi\u015f birer caize avc\u0131s\u0131 olduklar\u0131n\u0131 \u00e7a\u011fr\u0131\u015ft\u0131ra gelmi\u015ftir. <\/p>\n","protected":false},"excerpt":{"rendered":"<p>Klasik \u015fiirimize Divan Edebiyat\u0131, Aristokrat Edebiyat, Y\u00fcksek Z\u00fcmre Edebiyat\u0131, Havas Edebiyat\u0131 gibi sonradan verilen b\u00fct\u00fcn isimler, hemen daima \u015fairlerin halktan kopuk, padi\u015fahlar\u0131n \u00e7evresinde k\u00fcmelenmi\u015f birer caize<span class=\"excerpt-hellip\"> [\u2026]<\/span><\/p>\n","protected":false},"featured_media":0,"template":"","meta":{"_monsterinsights_skip_tracking":false,"_monsterinsights_sitenote_active":false,"_monsterinsights_sitenote_note":"","_monsterinsights_sitenote_category":0},"product_brand":[],"product_cat":[14009,12291],"product_tag":[],"class_list":{"0":"post-690571","1":"product","2":"type-product","3":"status-publish","5":"product_cat-biyografi-otobiyografi-edebiyat","6":"product_cat-edebiyat","7":"pa_cilt-ciltsiz","8":"pa_tur-kitap","9":"pa_yayinevi-kapi-yayinlari","10":"pa_yazar-iskender-pala","12":"first","13":"instock","14":"sale","15":"shipping-taxable","16":"purchasable","17":"product-type-simple"},"_links":{"self":[{"href":"https:\/\/roveyayinevi.com.tr\/index.php\/wp-json\/wp\/v2\/product\/690571","targetHints":{"allow":["GET"]}}],"collection":[{"href":"https:\/\/roveyayinevi.com.tr\/index.php\/wp-json\/wp\/v2\/product"}],"about":[{"href":"https:\/\/roveyayinevi.com.tr\/index.php\/wp-json\/wp\/v2\/types\/product"}],"wp:attachment":[{"href":"https:\/\/roveyayinevi.com.tr\/index.php\/wp-json\/wp\/v2\/media?parent=690571"}],"wp:term":[{"taxonomy":"product_brand","embeddable":true,"href":"https:\/\/roveyayinevi.com.tr\/index.php\/wp-json\/wp\/v2\/product_brand?post=690571"},{"taxonomy":"product_cat","embeddable":true,"href":"https:\/\/roveyayinevi.com.tr\/index.php\/wp-json\/wp\/v2\/product_cat?post=690571"},{"taxonomy":"product_tag","embeddable":true,"href":"https:\/\/roveyayinevi.com.tr\/index.php\/wp-json\/wp\/v2\/product_tag?post=690571"}],"curies":[{"name":"wp","href":"https:\/\/api.w.org\/{rel}","templated":true}]}}