{"id":690556,"date":"2025-08-27T13:52:10","date_gmt":"2025-08-27T10:52:10","guid":{"rendered":"https:\/\/roveyayinevi.com.tr\/index.php\/urun\/aktop-ile-kirtop-sirkte\/"},"modified":"2026-04-16T02:00:14","modified_gmt":"2026-04-15T23:00:14","slug":"aktop-ile-kirtop-sirkte","status":"publish","type":"product","link":"https:\/\/roveyayinevi.com.tr\/index.php\/urun\/aktop-ile-kirtop-sirkte\/","title":{"rendered":"Aktop ile Kirtop Sirkte"},"content":{"rendered":"<p>4 + Ya\u015f Grubu \u0130\u00e7in; Bir varm\u0131\u015f bir yokmu\u015f. Bir zamanlar, yemye\u015fil bir ormanda tav\u015fan ailesi ya\u015farm\u0131\u015f. Bu ailenin Aktop ve Kirtop adlar\u0131nda iki \u00e7ocuklar\u0131 varm\u0131\u015f&#8230; <\/p>\n","protected":false},"excerpt":{"rendered":"<p>4 + Ya\u015f Grubu \u0130\u00e7in; Bir varm\u0131\u015f bir yokmu\u015f. Bir zamanlar, yemye\u015fil bir ormanda tav\u015fan ailesi ya\u015farm\u0131\u015f. Bu ailenin Aktop ve Kirtop adlar\u0131nda iki \u00e7ocuklar\u0131 varm\u0131\u015f&#8230;<\/p>\n","protected":false},"featured_media":0,"template":"","meta":{"_monsterinsights_skip_tracking":false,"_monsterinsights_sitenote_active":false,"_monsterinsights_sitenote_note":"","_monsterinsights_sitenote_category":0},"product_brand":[],"product_cat":[12913,12274],"product_tag":[],"class_list":{"0":"post-690556","1":"product","2":"type-product","3":"status-publish","5":"product_cat-3-6-yas-kitaplari","6":"product_cat-cocuk-ve-genclik-kitaplari","7":"pa_cilt-ciltsiz","8":"pa_tur-kitap","9":"pa_yayinevi-kok-yayinevi","10":"pa_yazar-aysin-bumin","12":"first","13":"instock","14":"sale","15":"shipping-taxable","16":"purchasable","17":"product-type-simple"},"_links":{"self":[{"href":"https:\/\/roveyayinevi.com.tr\/index.php\/wp-json\/wp\/v2\/product\/690556","targetHints":{"allow":["GET"]}}],"collection":[{"href":"https:\/\/roveyayinevi.com.tr\/index.php\/wp-json\/wp\/v2\/product"}],"about":[{"href":"https:\/\/roveyayinevi.com.tr\/index.php\/wp-json\/wp\/v2\/types\/product"}],"wp:attachment":[{"href":"https:\/\/roveyayinevi.com.tr\/index.php\/wp-json\/wp\/v2\/media?parent=690556"}],"wp:term":[{"taxonomy":"product_brand","embeddable":true,"href":"https:\/\/roveyayinevi.com.tr\/index.php\/wp-json\/wp\/v2\/product_brand?post=690556"},{"taxonomy":"product_cat","embeddable":true,"href":"https:\/\/roveyayinevi.com.tr\/index.php\/wp-json\/wp\/v2\/product_cat?post=690556"},{"taxonomy":"product_tag","embeddable":true,"href":"https:\/\/roveyayinevi.com.tr\/index.php\/wp-json\/wp\/v2\/product_tag?post=690556"}],"curies":[{"name":"wp","href":"https:\/\/api.w.org\/{rel}","templated":true}]}}