{"id":690550,"date":"2025-08-27T13:52:09","date_gmt":"2025-08-27T10:52:09","guid":{"rendered":"https:\/\/roveyayinevi.com.tr\/index.php\/urun\/korkunun-cocuklari\/"},"modified":"2026-04-16T02:00:14","modified_gmt":"2026-04-15T23:00:14","slug":"korkunun-cocuklari","status":"publish","type":"product","link":"https:\/\/roveyayinevi.com.tr\/index.php\/urun\/korkunun-cocuklari\/","title":{"rendered":"Korkunun \u00c7ocuklar\u0131"},"content":{"rendered":"<p>P KK (K\u00fcrdistan \u0130\u015f\u00e7i Partisi)&#8217;n\u0131n G\u00fcneydo\u011fu Anadolu ve K. Irak k\u0131rsal\u0131nda zaten var olan silahl\u0131 g\u00fcc\u00fc ve etkinli\u011fi &#8220;\u00c7\u00f6z\u00fcm S\u00fcreci&#8221; ad\u0131 alt\u0131nda kimi yerle\u015fim alanlar\u0131nda da hakimiyet kazanmas\u0131n\u0131 sa\u011flad\u0131lar. Art\u0131k her \u015fey daha da zorla\u015fm\u0131\u015ft\u0131r.BOP Ortado\u011fu&#8217; yu Irak ve Suriye&#8217;yi par\u00e7alayarak \u00e7\u0131kmaza sokarken \u015fimdi de T\u00fcrkiye&#8217;nin G\u00fcneydo\u011fu&#8217;su genel plan\u0131n bir par\u00e7as\u0131 haline sokulmaya zorlanmaktad\u0131r ve olduk\u00e7a yol katetmi\u015flerdir.Osman Pamuko\u011flu24 A\u011fustos 2015 <\/p>\n","protected":false},"excerpt":{"rendered":"<p>P KK (K\u00fcrdistan \u0130\u015f\u00e7i Partisi)&#8217;n\u0131n G\u00fcneydo\u011fu Anadolu ve K. Irak k\u0131rsal\u0131nda zaten var olan silahl\u0131 g\u00fcc\u00fc ve etkinli\u011fi &#8220;\u00c7\u00f6z\u00fcm S\u00fcreci&#8221; ad\u0131 alt\u0131nda kimi yerle\u015fim alanlar\u0131nda da<span class=\"excerpt-hellip\"> [\u2026]<\/span><\/p>\n","protected":false},"featured_media":0,"template":"","meta":{"_monsterinsights_skip_tracking":false,"_monsterinsights_sitenote_active":false,"_monsterinsights_sitenote_note":"","_monsterinsights_sitenote_category":0},"product_brand":[],"product_cat":[12337,14543],"product_tag":[],"class_list":{"0":"post-690550","1":"product","2":"type-product","3":"status-publish","5":"product_cat-politika-siyaset","6":"product_cat-turkiye-siyaseti-ve-politikasi","7":"pa_cilt-ciltsiz","8":"pa_tur-kitap","9":"pa_yayinevi-kripto-basim-yayin","10":"pa_yazar-osman-pamukoglu","12":"first","13":"instock","14":"sale","15":"shipping-taxable","16":"purchasable","17":"product-type-simple"},"_links":{"self":[{"href":"https:\/\/roveyayinevi.com.tr\/index.php\/wp-json\/wp\/v2\/product\/690550","targetHints":{"allow":["GET"]}}],"collection":[{"href":"https:\/\/roveyayinevi.com.tr\/index.php\/wp-json\/wp\/v2\/product"}],"about":[{"href":"https:\/\/roveyayinevi.com.tr\/index.php\/wp-json\/wp\/v2\/types\/product"}],"wp:attachment":[{"href":"https:\/\/roveyayinevi.com.tr\/index.php\/wp-json\/wp\/v2\/media?parent=690550"}],"wp:term":[{"taxonomy":"product_brand","embeddable":true,"href":"https:\/\/roveyayinevi.com.tr\/index.php\/wp-json\/wp\/v2\/product_brand?post=690550"},{"taxonomy":"product_cat","embeddable":true,"href":"https:\/\/roveyayinevi.com.tr\/index.php\/wp-json\/wp\/v2\/product_cat?post=690550"},{"taxonomy":"product_tag","embeddable":true,"href":"https:\/\/roveyayinevi.com.tr\/index.php\/wp-json\/wp\/v2\/product_tag?post=690550"}],"curies":[{"name":"wp","href":"https:\/\/api.w.org\/{rel}","templated":true}]}}