{"id":690547,"date":"2025-08-27T13:52:08","date_gmt":"2025-08-27T10:52:08","guid":{"rendered":"https:\/\/roveyayinevi.com.tr\/index.php\/urun\/peyami-hayati-sanati-felsefesi-drami\/"},"modified":"2026-04-16T02:00:14","modified_gmt":"2026-04-15T23:00:14","slug":"peyami-hayati-sanati-felsefesi-drami","status":"publish","type":"product","link":"https:\/\/roveyayinevi.com.tr\/index.php\/urun\/peyami-hayati-sanati-felsefesi-drami\/","title":{"rendered":"Peyami &#8211; Hayat\u0131, Sanat\u0131, Felsefesi, Dram\u0131"},"content":{"rendered":"<p>Babas\u0131n\u0131 hen\u00fcz kundakta bir bebekken kaybeden ve hayat\u0131 boyunca fakirlikle, hastal\u0131klarla bo\u011fu\u015fan Peyami Safa\u00b4n\u0131n kalemi, dostlar\u0131ndan birinin ifadesiyle \u201ckazan\u00e7 tarlas\u0131nda bir saban gibi i\u015flemeye\u201d mecburdu, aksi takdirde a\u00e7 kal\u0131rd\u0131. Ancak onun bu durumdan pek \u015fik\u00e2yet\u00e7i oldu\u011fu s\u00f6ylenemez; \u00e7\u00fcnk\u00fc azmini, ba\u015far\u0131l\u0131 olma h\u0131rs\u0131n\u0131 hastal\u0131klar\u0131na ve fakirli\u011fine bor\u00e7lu oldu\u011funu d\u00fc\u015f\u00fcn\u00fcrd\u00fc. Bir yaz\u0131s\u0131nda, kendi tecr\u00fcbesinden hareketle, zenginlik, s\u0131hhat ve zek\u00e2n\u0131n \u00e7ok zaman haddinden fazla g\u00fcven verdi\u011fi i\u00e7in insan\u0131 afyon gibi uyu\u015fturdu\u011funu, tembelli\u011fe, ihmallere ve gev\u015fekli\u011fe sevk etti\u011fini; fakirlik ve hastal\u0131\u011f\u0131n ise, onlara hemen teslim olunmazsa, iradeyi k\u0131rba\u00e7lay\u0131p uyuklayan enerjileri uyand\u0131rd\u0131\u011f\u0131n\u0131 s\u00f6yl\u00fcyor, ba\u015far\u0131l\u0131 olmu\u015f \u00e7ocuklardan \u00f6rnekler veriyordu. B\u00fct\u00fcn ac\u0131lar\u0131n\u0131, \u00f6fkelerini, isyanlar\u0131n\u0131 ba\u015far\u0131ya d\u00f6n\u00fc\u015ft\u00fcrmeyi bilen Peyami Safa\u00b4n\u0131n hayat hik\u00e2yesi belki de romanlar\u0131ndan daha heyecan vericidir ve bu kitapta bu hik\u00e2ye anlat\u0131lmaktad\u0131r.  <\/p>\n","protected":false},"excerpt":{"rendered":"<p>Babas\u0131n\u0131 hen\u00fcz kundakta bir bebekken kaybeden ve hayat\u0131 boyunca fakirlikle, hastal\u0131klarla bo\u011fu\u015fan Peyami Safa\u00b4n\u0131n kalemi, dostlar\u0131ndan birinin ifadesiyle \u201ckazan\u00e7 tarlas\u0131nda bir saban gibi i\u015flemeye\u201d mecburdu, aksi<span class=\"excerpt-hellip\"> [\u2026]<\/span><\/p>\n","protected":false},"featured_media":0,"template":"","meta":{"_monsterinsights_skip_tracking":false,"_monsterinsights_sitenote_active":false,"_monsterinsights_sitenote_note":"","_monsterinsights_sitenote_category":0},"product_brand":[],"product_cat":[14009,12291],"product_tag":[],"class_list":{"0":"post-690547","1":"product","2":"type-product","3":"status-publish","5":"product_cat-biyografi-otobiyografi-edebiyat","6":"product_cat-edebiyat","7":"pa_cilt-ciltsiz","8":"pa_tur-kitap","9":"pa_yayinevi-kapi-yayinlari","10":"pa_yazar-besir-ayvazoglu","12":"first","13":"instock","14":"sale","15":"shipping-taxable","16":"purchasable","17":"product-type-simple"},"_links":{"self":[{"href":"https:\/\/roveyayinevi.com.tr\/index.php\/wp-json\/wp\/v2\/product\/690547","targetHints":{"allow":["GET"]}}],"collection":[{"href":"https:\/\/roveyayinevi.com.tr\/index.php\/wp-json\/wp\/v2\/product"}],"about":[{"href":"https:\/\/roveyayinevi.com.tr\/index.php\/wp-json\/wp\/v2\/types\/product"}],"wp:attachment":[{"href":"https:\/\/roveyayinevi.com.tr\/index.php\/wp-json\/wp\/v2\/media?parent=690547"}],"wp:term":[{"taxonomy":"product_brand","embeddable":true,"href":"https:\/\/roveyayinevi.com.tr\/index.php\/wp-json\/wp\/v2\/product_brand?post=690547"},{"taxonomy":"product_cat","embeddable":true,"href":"https:\/\/roveyayinevi.com.tr\/index.php\/wp-json\/wp\/v2\/product_cat?post=690547"},{"taxonomy":"product_tag","embeddable":true,"href":"https:\/\/roveyayinevi.com.tr\/index.php\/wp-json\/wp\/v2\/product_tag?post=690547"}],"curies":[{"name":"wp","href":"https:\/\/api.w.org\/{rel}","templated":true}]}}