{"id":690545,"date":"2025-08-27T13:52:08","date_gmt":"2025-08-27T10:52:08","guid":{"rendered":"https:\/\/roveyayinevi.com.tr\/index.php\/urun\/peri-san-guzeller\/"},"modified":"2025-11-13T02:10:40","modified_gmt":"2025-11-12T23:10:40","slug":"peri-san-guzeller","status":"publish","type":"product","link":"https:\/\/roveyayinevi.com.tr\/index.php\/urun\/peri-san-guzeller\/","title":{"rendered":"Peri-\u015ean G\u00fczeller"},"content":{"rendered":"<p>Elinizdeki kitaptaki gazeller hem y\u00fczy\u0131llar \u00f6tesinden bize birtak\u0131m g\u00fczellikleri sundu\u011fu, hem atalar\u0131m\u0131z\u0131n kad\u0131ndaki g\u00fczellik anlay\u0131\u015flar\u0131n\u0131n rafine zarafetini verdi\u011fi, hem de \u015fairlerin peri k\u0131zlar\u0131na benzettikleri sevgililerini anlatmak bak\u0131m\u0131ndan per\u00ee-\u015fan (peri gibi g\u00fczel olan, \u015fan\u0131 pericesine y\u00fcksekte bulunan) s\u0131fat\u0131n\u0131 \u00fczerinde ta\u015f\u0131yordu. Bu y\u00fczden ad\u0131na Per\u00ee-\u015fan G\u00fczeller dedik. Sanki Divan \u015fiirinden tan\u0131d\u0131\u011f\u0131m\u0131z melek suretli, peri endaml\u0131 bir dilberin iki dize aras\u0131ndan bize g\u00fcl\u00fcmsemesi gibi. <\/p>\n","protected":false},"excerpt":{"rendered":"<p>Elinizdeki kitaptaki gazeller hem y\u00fczy\u0131llar \u00f6tesinden bize birtak\u0131m g\u00fczellikleri sundu\u011fu, hem atalar\u0131m\u0131z\u0131n kad\u0131ndaki g\u00fczellik anlay\u0131\u015flar\u0131n\u0131n rafine zarafetini verdi\u011fi, hem de \u015fairlerin peri k\u0131zlar\u0131na benzettikleri sevgililerini anlatmak<span class=\"excerpt-hellip\"> [\u2026]<\/span><\/p>\n","protected":false},"featured_media":0,"template":"","meta":{"_monsterinsights_skip_tracking":false,"_monsterinsights_sitenote_active":false,"_monsterinsights_sitenote_note":"","_monsterinsights_sitenote_category":0},"product_brand":[],"product_cat":[12777,12291],"product_tag":[],"class_list":{"0":"post-690545","1":"product","2":"type-product","3":"status-publish","5":"product_cat-deneme","6":"product_cat-edebiyat","7":"pa_cilt-ciltsiz","8":"pa_tur-kitap","9":"pa_yayinevi-kapi-yayinlari","10":"pa_yazar-iskender-pala","12":"first","13":"instock","14":"sale","15":"shipping-taxable","16":"purchasable","17":"product-type-simple"},"_links":{"self":[{"href":"https:\/\/roveyayinevi.com.tr\/index.php\/wp-json\/wp\/v2\/product\/690545","targetHints":{"allow":["GET"]}}],"collection":[{"href":"https:\/\/roveyayinevi.com.tr\/index.php\/wp-json\/wp\/v2\/product"}],"about":[{"href":"https:\/\/roveyayinevi.com.tr\/index.php\/wp-json\/wp\/v2\/types\/product"}],"wp:attachment":[{"href":"https:\/\/roveyayinevi.com.tr\/index.php\/wp-json\/wp\/v2\/media?parent=690545"}],"wp:term":[{"taxonomy":"product_brand","embeddable":true,"href":"https:\/\/roveyayinevi.com.tr\/index.php\/wp-json\/wp\/v2\/product_brand?post=690545"},{"taxonomy":"product_cat","embeddable":true,"href":"https:\/\/roveyayinevi.com.tr\/index.php\/wp-json\/wp\/v2\/product_cat?post=690545"},{"taxonomy":"product_tag","embeddable":true,"href":"https:\/\/roveyayinevi.com.tr\/index.php\/wp-json\/wp\/v2\/product_tag?post=690545"}],"curies":[{"name":"wp","href":"https:\/\/api.w.org\/{rel}","templated":true}]}}