{"id":690543,"date":"2025-08-27T13:52:08","date_gmt":"2025-08-27T10:52:08","guid":{"rendered":"https:\/\/roveyayinevi.com.tr\/index.php\/urun\/leyla-ile-mecnun\/"},"modified":"2025-12-30T09:37:40","modified_gmt":"2025-12-30T06:37:40","slug":"leyla-ile-mecnun","status":"publish","type":"product","link":"https:\/\/roveyayinevi.com.tr\/index.php\/urun\/leyla-ile-mecnun\/","title":{"rendered":"Leyla ile Mecnun"},"content":{"rendered":"<p>Bir b\u00fct\u00fcn idim ben Leyla ile. Sense Leyla\u2019y\u0131m diyorsun. Sen Leyl\u00e2 isen e\u011fer; beni yakmaya hayalin yeter, takatim yok sana kavu\u015fmaya. Varl\u0131\u011f\u0131 olmayan bir zerreye aynadan ne fayda? Can\u0131m gideli hayli zamand\u0131r, cismindeki bir ba\u015fka cand\u0131r; bir \u00f6zge cand\u0131r. Sensin beni benden ay\u0131ran, uzakla\u015ft\u0131ran. Ben yokum, senin tecellin var. Vuslat\u0131n\u0131n a\u011f\u0131r y\u00fck\u00fcn\u00fc kald\u0131ramam ki. \u00d6nceleri sen vard\u0131n, \u015fimdi ben yok oldum. Manevi d\u00fcnyamda dostum daima sensin. D\u0131\u015f g\u00f6r\u00fcn\u00fc\u015fe de\u011fer verme bahsi ortadan kalkt\u0131 art\u0131k. G\u00f6n\u00fcl \u00e7ok \u00f6nceleri sana ko\u015ftu can\u0131m seninle gitti. \u015eimdiki can\u0131m Leyl\u00e2\u2019ya de\u011fil, Mevl\u00e2\u2019ya y\u00f6nelik. Bir\u2019lik yolunda seninle olmam, yanar\u0131m. \u015eimdi, g\u00f6z\u00fcm\u00fcn nuru, g\u00f6nl\u00fcm\u00fcn ayd\u0131nl\u0131\u011f\u0131!.. Ben maskaral\u0131\u011fa nam salm\u0131\u015f\u0131m nam salm\u0131\u015f\u0131m bari sen bu yola girme. \u0130\u00e7inden \u00e7\u0131kma namus perdesinin. Mecnun olan benim; bana yara\u015f\u0131r delilik, k\u0131nam\u0131\u015fl\u0131k. \u015eimdi git, a\u015fk t\u00f6resini, \u00e2\u015f\u0131kl\u0131k gelene\u011fini, ma\u015fuk gidi\u015fat\u0131n\u0131 bozma. Gir \u015fimdi, ey vefal\u0131! A\u00e7t\u0131rma k\u00f6t\u00fc s\u00f6z arayanlar\u0131n dudaklar\u0131n\u0131; sak\u0131z verme dedikodu arayanlar\u0131n a\u011f\u0131zlar\u0131na. Beni aramaya \u00e7\u0131kt\u0131\u011f\u0131n\u0131 \u00e2leme bildirip delili\u011fine ferman yazd\u0131rma. Kimse seni burada g\u00f6rmeden git. Ben ki var\u0131m; sen i\u00e7imdesin, bunu bil!.. \ufffcTan\u0131t\u0131m Metni<\/p>\n","protected":false},"excerpt":{"rendered":"<p>Bir b\u00fct\u00fcn idim ben Leyla ile. Sense Leyla\u2019y\u0131m diyorsun. Sen Leyl\u00e2 isen e\u011fer; beni yakmaya hayalin yeter, takatim yok sana kavu\u015fmaya. Varl\u0131\u011f\u0131 olmayan bir zerreye aynadan<span class=\"excerpt-hellip\"> [\u2026]<\/span><\/p>\n","protected":false},"featured_media":0,"template":"","meta":{"_monsterinsights_skip_tracking":false,"_monsterinsights_sitenote_active":false,"_monsterinsights_sitenote_note":"","_monsterinsights_sitenote_category":0},"product_brand":[],"product_cat":[14643,12291],"product_tag":[],"class_list":{"0":"post-690543","1":"product","2":"type-product","3":"status-publish","5":"product_cat-ask","6":"product_cat-edebiyat","7":"pa_cilt-ciltsiz","8":"pa_tur-kitap","9":"pa_yayinevi-kapi-yayinlari","10":"pa_yazar-iskender-pala","12":"first","13":"instock","14":"sale","15":"shipping-taxable","16":"purchasable","17":"product-type-simple"},"_links":{"self":[{"href":"https:\/\/roveyayinevi.com.tr\/index.php\/wp-json\/wp\/v2\/product\/690543","targetHints":{"allow":["GET"]}}],"collection":[{"href":"https:\/\/roveyayinevi.com.tr\/index.php\/wp-json\/wp\/v2\/product"}],"about":[{"href":"https:\/\/roveyayinevi.com.tr\/index.php\/wp-json\/wp\/v2\/types\/product"}],"wp:attachment":[{"href":"https:\/\/roveyayinevi.com.tr\/index.php\/wp-json\/wp\/v2\/media?parent=690543"}],"wp:term":[{"taxonomy":"product_brand","embeddable":true,"href":"https:\/\/roveyayinevi.com.tr\/index.php\/wp-json\/wp\/v2\/product_brand?post=690543"},{"taxonomy":"product_cat","embeddable":true,"href":"https:\/\/roveyayinevi.com.tr\/index.php\/wp-json\/wp\/v2\/product_cat?post=690543"},{"taxonomy":"product_tag","embeddable":true,"href":"https:\/\/roveyayinevi.com.tr\/index.php\/wp-json\/wp\/v2\/product_tag?post=690543"}],"curies":[{"name":"wp","href":"https:\/\/api.w.org\/{rel}","templated":true}]}}