{"id":690541,"date":"2025-08-27T13:52:07","date_gmt":"2025-08-27T10:52:07","guid":{"rendered":"https:\/\/roveyayinevi.com.tr\/index.php\/urun\/tavan-arasi\/"},"modified":"2026-04-16T02:00:14","modified_gmt":"2026-04-15T23:00:14","slug":"tavan-arasi","status":"publish","type":"product","link":"https:\/\/roveyayinevi.com.tr\/index.php\/urun\/tavan-arasi\/","title":{"rendered":"Tavan Aras\u0131"},"content":{"rendered":"<p>Baz\u0131 e\u015fyalar\u0131m\u0131z vard\u0131r, \u00f6nce atmaya k\u0131yamay\u0131p tavan aras\u0131na kald\u0131r\u0131r\u0131z da sonra unuturuz hayal meyal hat\u0131rlad\u0131\u011f\u0131m\u0131z ve i\u015fimize yarayaca\u011f\u0131na inand\u0131\u011f\u0131m\u0131z bir \u015feyi aramak i\u00e7in, paslanmaya y\u00fcz tutmu\u015f kilidini a\u00e7ar\u0131z tavan aras\u0131n\u0131n ve uzun bir \u00f6mre ait b\u00fct\u00fcn eski e\u015fyalar\u0131m\u0131z\u0131 orada buluruz, g\u00fczel ve \u00e7irkin, ne\u015feli ve \u00fczg\u00fcn&#8230; Hemen bir \u015fey al\u0131p \u00e7\u0131kmak i\u00e7in girdi\u011fimiz bu yar\u0131 ayd\u0131nl\u0131k ve tozlu mek\u00e2nda her neye el atsak, bizi g\u00fcl\u00fcmseyen bir \u00e7ehre ile kar\u015f\u0131lar ve biz hi\u00e7 fark\u0131na varmadan, dima\u011f\u0131m\u0131za uzak hat\u0131ralar\u0131n lezzetini b\u0131rakarak zaman\u0131m\u0131z\u0131 h\u0131zla eleyip ge\u00e7er. Birka\u00e7 zaman sonra ne arad\u0131\u011f\u0131m\u0131z\u0131 tam olarak biz de bilmez olmu\u015fuzdur art\u0131k ve orada her neye el atsak bir an\u0131yla kar\u015f\u0131la\u015f\u0131r, ayr\u0131 bir sahneye temas ederiz. Bir yerlerden bize tan\u0131d\u0131k gelen e\u015fyalar\u0131n kimisi iyiden iyiye p\u00f6rs\u00fcm\u00fc\u015ft\u00fcr de kimisi h\u00e2l\u00e2 yepyeni durur. Onun yenili\u011fi ile bizim sahiplenme duygumuz aras\u0131nda do\u011frudan bir ba\u011flant\u0131 vard\u0131r asl\u0131nda. Hatta onu antika de\u011feriyle \u00f6l\u00e7enimiz yahut insan ger\u00e7ekli\u011finin aksine, ge\u00e7en zamana direndi\u011fi i\u00e7in eskisinden de de\u011ferli bulmaya ba\u015flayan\u0131m\u0131z bile olur. B\u00f6yle zamanlarda tavan aras\u0131, sand\u0131k sand\u0131k hazineler gibi k\u0131ymetli gelir bize ve o sand\u0131klar\u0131n kapaklar\u0131n\u0131 a\u00e7mak kadar heyecan verici bir hazz\u0131 daha evvel hi\u00e7 tatmad\u0131\u011f\u0131m\u0131z\u0131 fark ederiz. Her par\u00e7as\u0131 yeni bir medeniyet, her e\u015fyas\u0131 eski bir k\u00fclt\u00fcrd\u00fcr art\u0131k tavan aras\u0131n\u0131n ve orada yolunu \u015fa\u015f\u0131rm\u0131\u015f zaman\u0131n musdarip g\u00fcnleri bir bir d\u00f6k\u00fcl\u00fcr \u00fczerimizden, iksir bulmu\u015f gibi din\u00e7 ve tazelenmi\u015f olarak d\u00f6neriz hayata. Tarihin lo\u015f ve tozlu koridorlar\u0131nda yapt\u0131\u011f\u0131m\u0131z yolculuk birka\u00e7 zaman duda\u011f\u0131m\u0131zda buruk bir g\u00fcl\u00fcmseme olarak ya\u015far ve zamanla, ufukta kaybolan bir gemi misali uzakla\u015f\u0131r gider hayat\u0131m\u0131zdan&#8230; <\/p>\n","protected":false},"excerpt":{"rendered":"<p>Baz\u0131 e\u015fyalar\u0131m\u0131z vard\u0131r, \u00f6nce atmaya k\u0131yamay\u0131p tavan aras\u0131na kald\u0131r\u0131r\u0131z da sonra unuturuz hayal meyal hat\u0131rlad\u0131\u011f\u0131m\u0131z ve i\u015fimize yarayaca\u011f\u0131na inand\u0131\u011f\u0131m\u0131z bir \u015feyi aramak i\u00e7in, paslanmaya y\u00fcz tutmu\u015f<span class=\"excerpt-hellip\"> [\u2026]<\/span><\/p>\n","protected":false},"featured_media":0,"template":"","meta":{"_monsterinsights_skip_tracking":false,"_monsterinsights_sitenote_active":false,"_monsterinsights_sitenote_note":"","_monsterinsights_sitenote_category":0},"product_brand":[],"product_cat":[12777,12291],"product_tag":[],"class_list":{"0":"post-690541","1":"product","2":"type-product","3":"status-publish","5":"product_cat-deneme","6":"product_cat-edebiyat","7":"pa_cilt-ciltsiz","8":"pa_tur-kitap","9":"pa_yayinevi-kapi-yayinlari","10":"pa_yazar-iskender-pala","12":"first","13":"instock","14":"sale","15":"shipping-taxable","16":"purchasable","17":"product-type-simple"},"_links":{"self":[{"href":"https:\/\/roveyayinevi.com.tr\/index.php\/wp-json\/wp\/v2\/product\/690541","targetHints":{"allow":["GET"]}}],"collection":[{"href":"https:\/\/roveyayinevi.com.tr\/index.php\/wp-json\/wp\/v2\/product"}],"about":[{"href":"https:\/\/roveyayinevi.com.tr\/index.php\/wp-json\/wp\/v2\/types\/product"}],"wp:attachment":[{"href":"https:\/\/roveyayinevi.com.tr\/index.php\/wp-json\/wp\/v2\/media?parent=690541"}],"wp:term":[{"taxonomy":"product_brand","embeddable":true,"href":"https:\/\/roveyayinevi.com.tr\/index.php\/wp-json\/wp\/v2\/product_brand?post=690541"},{"taxonomy":"product_cat","embeddable":true,"href":"https:\/\/roveyayinevi.com.tr\/index.php\/wp-json\/wp\/v2\/product_cat?post=690541"},{"taxonomy":"product_tag","embeddable":true,"href":"https:\/\/roveyayinevi.com.tr\/index.php\/wp-json\/wp\/v2\/product_tag?post=690541"}],"curies":[{"name":"wp","href":"https:\/\/api.w.org\/{rel}","templated":true}]}}