{"id":690540,"date":"2025-08-27T13:52:07","date_gmt":"2025-08-27T10:52:07","guid":{"rendered":"https:\/\/roveyayinevi.com.tr\/index.php\/urun\/bir-mabed-bekcisi\/"},"modified":"2026-04-16T02:00:14","modified_gmt":"2026-04-15T23:00:14","slug":"bir-mabed-bekcisi","status":"publish","type":"product","link":"https:\/\/roveyayinevi.com.tr\/index.php\/urun\/bir-mabed-bekcisi\/","title":{"rendered":"Bir Mabed Bek\u00e7isi"},"content":{"rendered":"<p>Cemil Meri\u00e7 mi? Haa, bak\u0131n\u0131z o benim entelekt\u00fcel babamd\u0131\u2026 ayn\u0131 zamanda bulutlar\u0131 delen bir kartald\u0131\u2026 ayr\u0131ca d\u00fc\u015f\u00fcncenin g\u00f6kku\u015fa\u011f\u0131 idi\u2026 \u00fcstelik m\u00fctecessis ve m\u00fcnzev\u00ee bir fikir i\u015f\u00e7isiydi\u2026 hem de kendi sem\u00e2s\u0131nda tek y\u0131ld\u0131zd\u0131\u2026 ufuklar\u0131n muhasibi idi\u2026 yan\u0131 s\u0131ra \u00e2raftaki k\u00e2hindi\u2026 kim ne derse desin, \u00e7uvala s\u0131\u011fmayan m\u0131zrakt\u0131\u2026 bir yandan kavramlar cang\u0131l\u0131n\u0131n bilgesiydi\u2026 \u00f6te yandan ma\u011fara i\u00e7erisindeki tecess\u00fcst\u00fc\u2026 o sadece tefekk\u00fcr\u00fcn hasb\u00ee kelemi de\u011fil; ayn\u0131 zamanda s\u00f6z\u00fcn sultan\u0131yd\u0131\u2026 kelime avc\u0131s\u0131yd\u0131\u2026 avc\u0131 da neymi\u015f, o bir kelime imparatoruydu\u2026 niye unutal\u0131m ki hen\u00fcz \u00f6\u011frenmi\u015f bulunuyoruz:  o bir mabet bek\u00e7isiydi\u2026   <\/p>\n","protected":false},"excerpt":{"rendered":"<p>Cemil Meri\u00e7 mi? Haa, bak\u0131n\u0131z o benim entelekt\u00fcel babamd\u0131\u2026 ayn\u0131 zamanda bulutlar\u0131 delen bir kartald\u0131\u2026 ayr\u0131ca d\u00fc\u015f\u00fcncenin g\u00f6kku\u015fa\u011f\u0131 idi\u2026 \u00fcstelik m\u00fctecessis ve m\u00fcnzev\u00ee bir fikir i\u015f\u00e7isiydi\u2026<span class=\"excerpt-hellip\"> [\u2026]<\/span><\/p>\n","protected":false},"featured_media":0,"template":"","meta":{"_monsterinsights_skip_tracking":false,"_monsterinsights_sitenote_active":false,"_monsterinsights_sitenote_note":"","_monsterinsights_sitenote_category":0},"product_brand":[],"product_cat":[12777,12291],"product_tag":[],"class_list":{"0":"post-690540","1":"product","2":"type-product","3":"status-publish","5":"product_cat-deneme","6":"product_cat-edebiyat","7":"pa_cilt-ciltsiz","8":"pa_tur-kitap","9":"pa_yayinevi-kapi-yayinlari","10":"pa_yazar-ducane-cundioglu","12":"first","13":"instock","14":"sale","15":"shipping-taxable","16":"purchasable","17":"product-type-simple"},"_links":{"self":[{"href":"https:\/\/roveyayinevi.com.tr\/index.php\/wp-json\/wp\/v2\/product\/690540","targetHints":{"allow":["GET"]}}],"collection":[{"href":"https:\/\/roveyayinevi.com.tr\/index.php\/wp-json\/wp\/v2\/product"}],"about":[{"href":"https:\/\/roveyayinevi.com.tr\/index.php\/wp-json\/wp\/v2\/types\/product"}],"wp:attachment":[{"href":"https:\/\/roveyayinevi.com.tr\/index.php\/wp-json\/wp\/v2\/media?parent=690540"}],"wp:term":[{"taxonomy":"product_brand","embeddable":true,"href":"https:\/\/roveyayinevi.com.tr\/index.php\/wp-json\/wp\/v2\/product_brand?post=690540"},{"taxonomy":"product_cat","embeddable":true,"href":"https:\/\/roveyayinevi.com.tr\/index.php\/wp-json\/wp\/v2\/product_cat?post=690540"},{"taxonomy":"product_tag","embeddable":true,"href":"https:\/\/roveyayinevi.com.tr\/index.php\/wp-json\/wp\/v2\/product_tag?post=690540"}],"curies":[{"name":"wp","href":"https:\/\/api.w.org\/{rel}","templated":true}]}}