{"id":690524,"date":"2025-08-27T13:52:04","date_gmt":"2025-08-27T10:52:04","guid":{"rendered":"https:\/\/roveyayinevi.com.tr\/index.php\/urun\/dans-eden-kagitlar\/"},"modified":"2026-04-16T02:00:13","modified_gmt":"2026-04-15T23:00:13","slug":"dans-eden-kagitlar","status":"publish","type":"product","link":"https:\/\/roveyayinevi.com.tr\/index.php\/urun\/dans-eden-kagitlar\/","title":{"rendered":"Dans Eden Ka\u011f\u0131tlar"},"content":{"rendered":"<p>Okul \u00f6ncesi d\u00f6nemdeki \u00e7ocu\u011fun ge\u00e7irdi\u011fi t\u00fcm deneyimler, beynin \u00e7al\u0131\u015fma bi\u00e7imi i\u00e7in belirleyicidir.Kitab\u0131m\u0131zdaki \u00e7al\u0131\u015fmalar: Kesme, katlama, y\u0131rtma, b\u00fckme ve yap\u0131\u015ft\u0131rma tekniklerine yer verilerek haz\u0131rlanm\u0131\u015ft\u0131r.Etkinliklerin zorluk dereceleri sayfa numaralar\u0131n\u0131n yan\u0131nda yer alan el resimleri ile belirtilmi\u015ftir. Bir el etkinli\u011fin \u00e7ok kolay, iki el kolay, \u00fc\u00e7 el ise zor oldu\u011funu g\u00f6stermektedir.\u00e7ocuklar\u0131n bu etkinlikleri yaparken \u00f6ncelikle e\u011flenmelerini, verilen y\u00f6nlendirmeleri dinleyerek dikkat ve konstrasyonlar\u0131n\u0131 art\u0131rmalar\u0131n\u0131, bir \u00fcr\u00fcn olu\u015fturarak kendilerine g\u00fcven duymalar\u0131n\u0131 ve ince motor geli\u015fimlerini desteklemeyi hedef ald\u0131k.Bu k\u00fc\u00e7\u00fck kaynak kitab\u0131m\u0131z\u0131n t\u00fcm anne-baba, e\u011fitimciler ve okul \u00f6ncesi d\u00f6nem \u00e7ocuklar\u0131na g\u00f6n\u00fcl veren herkese yard\u0131mc\u0131 olmas\u0131 dile\u011fiyle&#8230; <\/p>\n","protected":false},"excerpt":{"rendered":"<p>Okul \u00f6ncesi d\u00f6nemdeki \u00e7ocu\u011fun ge\u00e7irdi\u011fi t\u00fcm deneyimler, beynin \u00e7al\u0131\u015fma bi\u00e7imi i\u00e7in belirleyicidir.Kitab\u0131m\u0131zdaki \u00e7al\u0131\u015fmalar: Kesme, katlama, y\u0131rtma, b\u00fckme ve yap\u0131\u015ft\u0131rma tekniklerine yer verilerek haz\u0131rlanm\u0131\u015ft\u0131r.Etkinliklerin zorluk dereceleri sayfa<span class=\"excerpt-hellip\"> [\u2026]<\/span><\/p>\n","protected":false},"featured_media":0,"template":"","meta":{"_monsterinsights_skip_tracking":false,"_monsterinsights_sitenote_active":false,"_monsterinsights_sitenote_note":"","_monsterinsights_sitenote_category":0},"product_brand":[],"product_cat":[12274,12518],"product_tag":[],"class_list":{"0":"post-690524","1":"product","2":"type-product","3":"status-publish","5":"product_cat-cocuk-ve-genclik-kitaplari","6":"product_cat-okul-oncesi-kitaplar","7":"pa_cilt-ciltsiz","8":"pa_tur-kitap","9":"pa_yayinevi-kok-yayinevi","10":"pa_yazar-kolektif","12":"first","13":"instock","14":"sale","15":"shipping-taxable","16":"purchasable","17":"product-type-simple"},"_links":{"self":[{"href":"https:\/\/roveyayinevi.com.tr\/index.php\/wp-json\/wp\/v2\/product\/690524","targetHints":{"allow":["GET"]}}],"collection":[{"href":"https:\/\/roveyayinevi.com.tr\/index.php\/wp-json\/wp\/v2\/product"}],"about":[{"href":"https:\/\/roveyayinevi.com.tr\/index.php\/wp-json\/wp\/v2\/types\/product"}],"wp:attachment":[{"href":"https:\/\/roveyayinevi.com.tr\/index.php\/wp-json\/wp\/v2\/media?parent=690524"}],"wp:term":[{"taxonomy":"product_brand","embeddable":true,"href":"https:\/\/roveyayinevi.com.tr\/index.php\/wp-json\/wp\/v2\/product_brand?post=690524"},{"taxonomy":"product_cat","embeddable":true,"href":"https:\/\/roveyayinevi.com.tr\/index.php\/wp-json\/wp\/v2\/product_cat?post=690524"},{"taxonomy":"product_tag","embeddable":true,"href":"https:\/\/roveyayinevi.com.tr\/index.php\/wp-json\/wp\/v2\/product_tag?post=690524"}],"curies":[{"name":"wp","href":"https:\/\/api.w.org\/{rel}","templated":true}]}}