{"id":690522,"date":"2025-08-27T13:52:04","date_gmt":"2025-08-27T10:52:04","guid":{"rendered":"https:\/\/roveyayinevi.com.tr\/index.php\/urun\/cocukluk-caginda-sik-gorulen-infeksiyon-hastaliklarinda-bakim\/"},"modified":"2026-04-16T02:00:13","modified_gmt":"2026-04-15T23:00:13","slug":"cocukluk-caginda-sik-gorulen-infeksiyon-hastaliklarinda-bakim","status":"publish","type":"product","link":"https:\/\/roveyayinevi.com.tr\/index.php\/urun\/cocukluk-caginda-sik-gorulen-infeksiyon-hastaliklarinda-bakim\/","title":{"rendered":"\u00c7ocukluk \u00c7a\u011f\u0131nda S\u0131k G\u00f6r\u00fclen \u0130nfeksiyon Hastal\u0131klar\u0131nda Bak\u0131m"},"content":{"rendered":"<p>\u201c\u00e7ocukluk \u00e7a\u011f\u0131nda S\u0131k G\u00f6r\u00fclen \u0130nfeksiyon Hastal\u0131klar\u0131nda Bak\u0131m\u201d kitab\u0131 ebe, hem\u015fire ve sa\u011fl\u0131k memuru yeti\u015ftiren okullarda ilgili derslere kaynak ders kitab\u0131 olmas\u0131 amac\u0131yla haz\u0131rlanm\u0131\u015ft\u0131r. G\u00fcn\u00fcm\u00fczde say\u0131s\u0131 80 i bulan Hem\u015firelikte Lisans Programlar\u0131, Avrupa Birli\u011fine E\u011fitim Platformunda uyum sa\u011flamak i\u00e7in bir zorunluluktur. Bu programlarda e\u011fitim g\u00f6ren \u00f6\u011frencilerimizin t\u00fcm\u00fc \u00fcniversitelerimizce \u00e7e\u015fitli nedenlerle zorunlu haz\u0131rl\u0131k s\u0131n\u0131f\u0131 kapsam\u0131na al\u0131namamakta, \u00f6\u011frenciler yabanc\u0131 kaynaklar\u0131 okuyup anlamakta g\u00fc\u00e7l\u00fcklerle kar\u015f\u0131la\u015fmaktad\u0131r. Bu durum ise T\u00fcrk\u00e7e kaynaklar\u0131n say\u0131ca art\u0131r\u0131lmas\u0131 ve bilimsel bilginin T\u00fcrk\u00e7e olarak payla\u015f\u0131m\u0131n\u0131n \u00f6nemini art\u0131rmaktad\u0131r. Bu eksiklikten yola \u00e7\u0131k\u0131larak \u00f6zenle haz\u0131rlanan bu kitap, hem\u015firelik e\u011fitimi ve uygulamalar\u0131n\u0131n \u00f6nemli bir gereksinimini kar\u015f\u0131layaca\u011f\u0131na inan\u0131larak haz\u0131rlanm\u0131\u015ft\u0131r. <\/p>\n","protected":false},"excerpt":{"rendered":"<p>\u201c\u00e7ocukluk \u00e7a\u011f\u0131nda S\u0131k G\u00f6r\u00fclen \u0130nfeksiyon Hastal\u0131klar\u0131nda Bak\u0131m\u201d kitab\u0131 ebe, hem\u015fire ve sa\u011fl\u0131k memuru yeti\u015ftiren okullarda ilgili derslere kaynak ders kitab\u0131 olmas\u0131 amac\u0131yla haz\u0131rlanm\u0131\u015ft\u0131r. G\u00fcn\u00fcm\u00fczde say\u0131s\u0131 80<span class=\"excerpt-hellip\"> [\u2026]<\/span><\/p>\n","protected":false},"featured_media":0,"template":"","meta":{"_monsterinsights_skip_tracking":false,"_monsterinsights_sitenote_active":false,"_monsterinsights_sitenote_note":"","_monsterinsights_sitenote_category":0},"product_brand":[],"product_cat":[16965,13365],"product_tag":[],"class_list":{"0":"post-690522","1":"product","2":"type-product","3":"status-publish","5":"product_cat-genel-saglik-kitaplari","6":"product_cat-saglik","7":"pa_cilt-ciltsiz","8":"pa_tur-kitap","9":"pa_yayinevi-kok-yayinevi","10":"pa_yazar-yurdagul-erdem","12":"first","13":"instock","14":"sale","15":"shipping-taxable","16":"purchasable","17":"product-type-simple"},"_links":{"self":[{"href":"https:\/\/roveyayinevi.com.tr\/index.php\/wp-json\/wp\/v2\/product\/690522","targetHints":{"allow":["GET"]}}],"collection":[{"href":"https:\/\/roveyayinevi.com.tr\/index.php\/wp-json\/wp\/v2\/product"}],"about":[{"href":"https:\/\/roveyayinevi.com.tr\/index.php\/wp-json\/wp\/v2\/types\/product"}],"wp:attachment":[{"href":"https:\/\/roveyayinevi.com.tr\/index.php\/wp-json\/wp\/v2\/media?parent=690522"}],"wp:term":[{"taxonomy":"product_brand","embeddable":true,"href":"https:\/\/roveyayinevi.com.tr\/index.php\/wp-json\/wp\/v2\/product_brand?post=690522"},{"taxonomy":"product_cat","embeddable":true,"href":"https:\/\/roveyayinevi.com.tr\/index.php\/wp-json\/wp\/v2\/product_cat?post=690522"},{"taxonomy":"product_tag","embeddable":true,"href":"https:\/\/roveyayinevi.com.tr\/index.php\/wp-json\/wp\/v2\/product_tag?post=690522"}],"curies":[{"name":"wp","href":"https:\/\/api.w.org\/{rel}","templated":true}]}}