{"id":690521,"date":"2025-08-27T13:52:03","date_gmt":"2025-08-27T10:52:03","guid":{"rendered":"https:\/\/roveyayinevi.com.tr\/index.php\/urun\/cocuk-ve-kisilik\/"},"modified":"2026-04-16T02:00:13","modified_gmt":"2026-04-15T23:00:13","slug":"cocuk-ve-kisilik","status":"publish","type":"product","link":"https:\/\/roveyayinevi.com.tr\/index.php\/urun\/cocuk-ve-kisilik\/","title":{"rendered":"\u00c7ocuk ve Ki\u015filik"},"content":{"rendered":"<p>Hen\u00fcz do\u011fdu\u011fum ilk g\u00fcn, benim kendime \u00f6zg\u00fc bir yap\u0131m oldu\u011funu bilmem farkettiniz mi? Siz benim anne-babam olarak, beni hayata getirdi\u011finiz ilk g\u00fcnden itibaren, benimle ilgili kararlar ald\u0131n\u0131z ve bu kararlar\u0131 da uygulad\u0131n\u0131z. <\/p>\n","protected":false},"excerpt":{"rendered":"<p>Hen\u00fcz do\u011fdu\u011fum ilk g\u00fcn, benim kendime \u00f6zg\u00fc bir yap\u0131m oldu\u011funu bilmem farkettiniz mi? Siz benim anne-babam olarak, beni hayata getirdi\u011finiz ilk g\u00fcnden itibaren, benimle ilgili kararlar<span class=\"excerpt-hellip\"> [\u2026]<\/span><\/p>\n","protected":false},"featured_media":0,"template":"","meta":{"_monsterinsights_skip_tracking":false,"_monsterinsights_sitenote_active":false,"_monsterinsights_sitenote_note":"","_monsterinsights_sitenote_category":0},"product_brand":[],"product_cat":[12679,12357],"product_tag":[],"class_list":{"0":"post-690521","1":"product","2":"type-product","3":"status-publish","5":"product_cat-cocuk-psikolojisi","6":"product_cat-psikoloji","7":"pa_cilt-ciltsiz","8":"pa_tur-kitap","9":"pa_yayinevi-kok-yayinevi","10":"pa_yazar-ilkim-oz","12":"first","13":"instock","14":"sale","15":"shipping-taxable","16":"purchasable","17":"product-type-simple"},"_links":{"self":[{"href":"https:\/\/roveyayinevi.com.tr\/index.php\/wp-json\/wp\/v2\/product\/690521","targetHints":{"allow":["GET"]}}],"collection":[{"href":"https:\/\/roveyayinevi.com.tr\/index.php\/wp-json\/wp\/v2\/product"}],"about":[{"href":"https:\/\/roveyayinevi.com.tr\/index.php\/wp-json\/wp\/v2\/types\/product"}],"wp:attachment":[{"href":"https:\/\/roveyayinevi.com.tr\/index.php\/wp-json\/wp\/v2\/media?parent=690521"}],"wp:term":[{"taxonomy":"product_brand","embeddable":true,"href":"https:\/\/roveyayinevi.com.tr\/index.php\/wp-json\/wp\/v2\/product_brand?post=690521"},{"taxonomy":"product_cat","embeddable":true,"href":"https:\/\/roveyayinevi.com.tr\/index.php\/wp-json\/wp\/v2\/product_cat?post=690521"},{"taxonomy":"product_tag","embeddable":true,"href":"https:\/\/roveyayinevi.com.tr\/index.php\/wp-json\/wp\/v2\/product_tag?post=690521"}],"curies":[{"name":"wp","href":"https:\/\/api.w.org\/{rel}","templated":true}]}}