{"id":690520,"date":"2025-08-27T13:52:03","date_gmt":"2025-08-27T10:52:03","guid":{"rendered":"https:\/\/roveyayinevi.com.tr\/index.php\/urun\/cocuk-ve-aile\/"},"modified":"2026-04-16T02:00:13","modified_gmt":"2026-04-15T23:00:13","slug":"cocuk-ve-aile","status":"publish","type":"product","link":"https:\/\/roveyayinevi.com.tr\/index.php\/urun\/cocuk-ve-aile\/","title":{"rendered":"\u00c7ocuk ve Aile"},"content":{"rendered":"<p>Ald\u0131\u011f\u0131m\u0131z kararlar\u0131n sonu\u00e7lar\u0131ndan baz\u0131 ki\u015filer ikinci ya da \u00fc\u00e7\u00fcnc\u00fc derece etkilenir. Baz\u0131lar\u0131 ise birinci derece&#8230; Bu ki\u015filer ailemizin i\u00e7inde olan insanlard\u0131r. Biz de onlar\u0131n ald\u0131klar\u0131 kararlardan etkileniriz. Anne-baba olarak etkileniriz, \u00e7ocuk olarak etkileniriz. Bu aile, ister \u00e7ocu\u011fu oldu\u011fumuz ailemiz, ister anne-bab oldu\u011fumuz ailemiz olsun, etkile\u015fim y\u00f6n\u00fcnden bir farkl\u0131l\u0131k g\u00f6stermez. Sonu\u00e7ta bu kurumda, herkes birbirinden etkilenir. Olumlu veya olumsuz&#8230; \u0130yi ya da k\u00f6t\u00fc&#8230; &#8230;. Amac\u0131m\u0131z, \u00e7ocuklar\u0131m\u0131z\u0131n &#8220;geli\u015ftirici aray\u0131\u015flara&#8221; \u00e7\u0131kmas\u0131d\u0131r. \u0130\u015fte bu noktada &#8220;aile&#8221;nin rol\u00fc \u00e7ok \u00f6nemlidir. \u015eu anda okumaya ba\u015flad\u0131\u011f\u0131n\u0131z, &#8220;Ailelere Rehber Kitaplar&#8221;dan &#8220;\u00c7ocuk ve Aile&#8221;de, hem kendinizle, hem de \u00e7ocu\u011funuzla ilgili b\u00f6l\u00fcmler bulacaks\u0131n\u0131z. Dilerim, bu kitap gerek kendinizin, gerekse de \u00e7ocu\u011funuzun aray\u0131\u015flar\u0131na \u0131\u015f\u0131k tutar. -\u0130lkim \u00d6z- <\/p>\n","protected":false},"excerpt":{"rendered":"<p>Ald\u0131\u011f\u0131m\u0131z kararlar\u0131n sonu\u00e7lar\u0131ndan baz\u0131 ki\u015filer ikinci ya da \u00fc\u00e7\u00fcnc\u00fc derece etkilenir. Baz\u0131lar\u0131 ise birinci derece&#8230; Bu ki\u015filer ailemizin i\u00e7inde olan insanlard\u0131r. Biz de onlar\u0131n ald\u0131klar\u0131 kararlardan<span class=\"excerpt-hellip\"> [\u2026]<\/span><\/p>\n","protected":false},"featured_media":0,"template":"","meta":{"_monsterinsights_skip_tracking":false,"_monsterinsights_sitenote_active":false,"_monsterinsights_sitenote_note":"","_monsterinsights_sitenote_category":0},"product_brand":[],"product_cat":[12679,12357],"product_tag":[],"class_list":{"0":"post-690520","1":"product","2":"type-product","3":"status-publish","5":"product_cat-cocuk-psikolojisi","6":"product_cat-psikoloji","7":"pa_cilt-ciltsiz","8":"pa_tur-kitap","9":"pa_yayinevi-kok-yayinevi","10":"pa_yazar-ilkim-oz","12":"first","13":"instock","14":"sale","15":"shipping-taxable","16":"purchasable","17":"product-type-simple"},"_links":{"self":[{"href":"https:\/\/roveyayinevi.com.tr\/index.php\/wp-json\/wp\/v2\/product\/690520","targetHints":{"allow":["GET"]}}],"collection":[{"href":"https:\/\/roveyayinevi.com.tr\/index.php\/wp-json\/wp\/v2\/product"}],"about":[{"href":"https:\/\/roveyayinevi.com.tr\/index.php\/wp-json\/wp\/v2\/types\/product"}],"wp:attachment":[{"href":"https:\/\/roveyayinevi.com.tr\/index.php\/wp-json\/wp\/v2\/media?parent=690520"}],"wp:term":[{"taxonomy":"product_brand","embeddable":true,"href":"https:\/\/roveyayinevi.com.tr\/index.php\/wp-json\/wp\/v2\/product_brand?post=690520"},{"taxonomy":"product_cat","embeddable":true,"href":"https:\/\/roveyayinevi.com.tr\/index.php\/wp-json\/wp\/v2\/product_cat?post=690520"},{"taxonomy":"product_tag","embeddable":true,"href":"https:\/\/roveyayinevi.com.tr\/index.php\/wp-json\/wp\/v2\/product_tag?post=690520"}],"curies":[{"name":"wp","href":"https:\/\/api.w.org\/{rel}","templated":true}]}}