{"id":690516,"date":"2025-08-27T13:52:02","date_gmt":"2025-08-27T10:52:02","guid":{"rendered":"https:\/\/roveyayinevi.com.tr\/index.php\/urun\/beyaz-tay\/"},"modified":"2026-04-16T02:00:13","modified_gmt":"2026-04-15T23:00:13","slug":"beyaz-tay","status":"publish","type":"product","link":"https:\/\/roveyayinevi.com.tr\/index.php\/urun\/beyaz-tay\/","title":{"rendered":"Beyaz Tay"},"content":{"rendered":"<p>Demir \u00e7ocu\u011fun zeytin gibi kara g\u00f6zleri vard\u0131. Parlak siyah sa\u00e7lar\u0131 l\u00fcle l\u00fcle aln\u0131na d\u00f6k\u00fcl\u00fcyordu. D\u00f6rt ya\u015f\u0131ndayd\u0131. Demir \u00e7ocuk durup durup annesine soruyordu: Anne babam ne zaman gelecek?  Baban da\u011flar\u0131n ard\u0131na gitti \u00e7ocu\u011fum. \u0130\u015fini bitirince gelecek. Hangi daglann? Su pencereden gorunen daglann mi anneci\u011fim? Evet o da\u011flar\u0131n yavrucu\u011fum.  Beyaz Tay&#8217;da, ger\u00e7ekle d\u00fc\u015f\u00fcn, \u00e7ocukla \u00e7ocu\u011fun, do\u011fa, insan ve hayvan evreninin bar\u0131\u015f\u0131k oldu\u011fu bir d\u00fcnyan\u0131n \u00f6yk\u00fcleri yer al\u0131yor. <\/p>\n","protected":false},"excerpt":{"rendered":"<p>Demir \u00e7ocu\u011fun zeytin gibi kara g\u00f6zleri vard\u0131. Parlak siyah sa\u00e7lar\u0131 l\u00fcle l\u00fcle aln\u0131na d\u00f6k\u00fcl\u00fcyordu. D\u00f6rt ya\u015f\u0131ndayd\u0131. Demir \u00e7ocuk durup durup annesine soruyordu: Anne babam ne zaman<span class=\"excerpt-hellip\"> [\u2026]<\/span><\/p>\n","protected":false},"featured_media":0,"template":"","meta":{"_monsterinsights_skip_tracking":false,"_monsterinsights_sitenote_active":false,"_monsterinsights_sitenote_note":"","_monsterinsights_sitenote_category":0},"product_brand":[],"product_cat":[12275,12274],"product_tag":[],"class_list":{"0":"post-690516","1":"product","2":"type-product","3":"status-publish","5":"product_cat-6-12-yas-kitaplari","6":"product_cat-cocuk-ve-genclik-kitaplari","7":"pa_cilt-ciltsiz","8":"pa_tur-kitap","9":"pa_yayinevi-kok-yayinevi","10":"pa_yazar-hasan-latif-sariyuce","12":"first","13":"instock","14":"sale","15":"shipping-taxable","16":"purchasable","17":"product-type-simple"},"_links":{"self":[{"href":"https:\/\/roveyayinevi.com.tr\/index.php\/wp-json\/wp\/v2\/product\/690516","targetHints":{"allow":["GET"]}}],"collection":[{"href":"https:\/\/roveyayinevi.com.tr\/index.php\/wp-json\/wp\/v2\/product"}],"about":[{"href":"https:\/\/roveyayinevi.com.tr\/index.php\/wp-json\/wp\/v2\/types\/product"}],"wp:attachment":[{"href":"https:\/\/roveyayinevi.com.tr\/index.php\/wp-json\/wp\/v2\/media?parent=690516"}],"wp:term":[{"taxonomy":"product_brand","embeddable":true,"href":"https:\/\/roveyayinevi.com.tr\/index.php\/wp-json\/wp\/v2\/product_brand?post=690516"},{"taxonomy":"product_cat","embeddable":true,"href":"https:\/\/roveyayinevi.com.tr\/index.php\/wp-json\/wp\/v2\/product_cat?post=690516"},{"taxonomy":"product_tag","embeddable":true,"href":"https:\/\/roveyayinevi.com.tr\/index.php\/wp-json\/wp\/v2\/product_tag?post=690516"}],"curies":[{"name":"wp","href":"https:\/\/api.w.org\/{rel}","templated":true}]}}