{"id":690513,"date":"2025-08-27T13:52:02","date_gmt":"2025-08-27T10:52:02","guid":{"rendered":"https:\/\/roveyayinevi.com.tr\/index.php\/urun\/alt-islatma-sorunu-olan-cocuklar\/"},"modified":"2026-04-16T02:00:13","modified_gmt":"2026-04-15T23:00:13","slug":"alt-islatma-sorunu-olan-cocuklar","status":"publish","type":"product","link":"https:\/\/roveyayinevi.com.tr\/index.php\/urun\/alt-islatma-sorunu-olan-cocuklar\/","title":{"rendered":"Alt Islatma Sorunu Olan \u00c7ocuklar"},"content":{"rendered":"<p>Okul \u00f6ncesi e\u011fitim kurumlar\u0131nda en s\u0131k rastlanan sorunlardan birisi olan alt \u0131slatma konusunda anne-baba-e\u011fitimcilere ya\u015fanm\u0131\u015f \u00f6rnekler sunan bu \u00e7al\u0131\u015fmada, alt \u0131slatman\u0131n nedenleri, tuvalet e\u011fitimindeki hatal\u0131 tutumlar ve tuvalet e\u011fitiminin nas\u0131l verilmesi gerekti\u011fi anlat\u0131lm\u0131\u015ft\u0131r. <\/p>\n","protected":false},"excerpt":{"rendered":"<p>Okul \u00f6ncesi e\u011fitim kurumlar\u0131nda en s\u0131k rastlanan sorunlardan birisi olan alt \u0131slatma konusunda anne-baba-e\u011fitimcilere ya\u015fanm\u0131\u015f \u00f6rnekler sunan bu \u00e7al\u0131\u015fmada, alt \u0131slatman\u0131n nedenleri, tuvalet e\u011fitimindeki hatal\u0131 tutumlar<span class=\"excerpt-hellip\"> [\u2026]<\/span><\/p>\n","protected":false},"featured_media":0,"template":"","meta":{"_monsterinsights_skip_tracking":false,"_monsterinsights_sitenote_active":false,"_monsterinsights_sitenote_note":"","_monsterinsights_sitenote_category":0},"product_brand":[],"product_cat":[12679,12357],"product_tag":[],"class_list":{"0":"post-690513","1":"product","2":"type-product","3":"status-publish","5":"product_cat-cocuk-psikolojisi","6":"product_cat-psikoloji","7":"pa_cilt-ciltsiz","8":"pa_tur-kitap","9":"pa_yayinevi-kok-yayinevi","10":"pa_yazar-u-gulsum-bulbul","12":"first","13":"instock","14":"sale","15":"shipping-taxable","16":"purchasable","17":"product-type-simple"},"_links":{"self":[{"href":"https:\/\/roveyayinevi.com.tr\/index.php\/wp-json\/wp\/v2\/product\/690513","targetHints":{"allow":["GET"]}}],"collection":[{"href":"https:\/\/roveyayinevi.com.tr\/index.php\/wp-json\/wp\/v2\/product"}],"about":[{"href":"https:\/\/roveyayinevi.com.tr\/index.php\/wp-json\/wp\/v2\/types\/product"}],"wp:attachment":[{"href":"https:\/\/roveyayinevi.com.tr\/index.php\/wp-json\/wp\/v2\/media?parent=690513"}],"wp:term":[{"taxonomy":"product_brand","embeddable":true,"href":"https:\/\/roveyayinevi.com.tr\/index.php\/wp-json\/wp\/v2\/product_brand?post=690513"},{"taxonomy":"product_cat","embeddable":true,"href":"https:\/\/roveyayinevi.com.tr\/index.php\/wp-json\/wp\/v2\/product_cat?post=690513"},{"taxonomy":"product_tag","embeddable":true,"href":"https:\/\/roveyayinevi.com.tr\/index.php\/wp-json\/wp\/v2\/product_tag?post=690513"}],"curies":[{"name":"wp","href":"https:\/\/api.w.org\/{rel}","templated":true}]}}