{"id":690512,"date":"2025-08-27T13:52:02","date_gmt":"2025-08-27T10:52:02","guid":{"rendered":"https:\/\/roveyayinevi.com.tr\/index.php\/urun\/cocuk-edebiyati-2\/"},"modified":"2026-04-16T02:00:13","modified_gmt":"2026-04-15T23:00:13","slug":"cocuk-edebiyati-2","status":"publish","type":"product","link":"https:\/\/roveyayinevi.com.tr\/index.php\/urun\/cocuk-edebiyati-2\/","title":{"rendered":"\u00c7ocuk Edebiyat\u0131"},"content":{"rendered":"<p>\u00c7ocuk edebiyat\u0131n\u0131n amac\u0131 edebiyat\u00e7\u0131 yeti\u015ftirmek de\u011fil, gelece\u011fin b\u00fcy\u00fcklerine nitelikli yaz\u0131nsal \u00fcr\u00fcnler yoluyla okumay\u0131 sevdirmek, b\u00f6ylece onlar\u0131n okuyan, okudu\u011funu anlayan, yarat\u0131c\u0131 ve ele\u015ftirel bir tutumla d\u00fcnyay\u0131 alg\u0131layan ve yorumlayan bireyler olmalar\u0131nda \u00fczerine d\u00fc\u015feni yerine getirmektir. Bu nedenle siz gen\u00e7 \u00f6\u011fretmen adaylar\u0131na, \u00f6\u011fretmenlere, anne ve babalara onlar\u0131 nitelikli \u00e7ocuk kitaplar\u0131yla tan\u0131\u015ft\u0131rmada, onlara okumay\u0131 sevdirmede \u00e7ok \u00f6nemli g\u00f6revler d\u00fc\u015fmektedir. Onlara, ilerde se\u00e7ecekleri meslekleri ne olursa olsun, okuma al\u0131\u015fkanl\u0131\u011f\u0131n\u0131 sizler kazand\u0131racaks\u0131n\u0131z. Okuman\u0131n, onlar i\u00e7in bir ya\u015fam bi\u00e7imi olmas\u0131n\u0131 sizler sa\u011flayacaks\u0131n\u0131z. B\u00f6ylece doktor da olsalar, m\u00fchendis, yarg\u0131\u00e7 da olsalar; ana dillerini daha g\u00fczel kullanacaklar, onun anlat\u0131m olanaklar\u0131ndan daha iyi yararlanacaklar; hem genel anlamdav hem de mesleki anlamda okumaktan, ara\u015ft\u0131rmaktan zevk alacaklar, okulda \u00f6\u011frendikleriyle kalmay\u0131p bilgi ve g\u00f6rg\u00fclerini ya\u015fam boyu art\u0131rmak isteyeceklerdir. Bu kitap, bu ger\u00e7ekten yola \u00e7\u0131karak, bu konuda bir i\u015flev y\u00fcklenme olas\u0131l\u0131\u011f\u0131 olan sizlere yard\u0131mc\u0131 olmay\u0131 ama\u00e7lam\u0131\u015ft\u0131r. <\/p>\n","protected":false},"excerpt":{"rendered":"<p>\u00c7ocuk edebiyat\u0131n\u0131n amac\u0131 edebiyat\u00e7\u0131 yeti\u015ftirmek de\u011fil, gelece\u011fin b\u00fcy\u00fcklerine nitelikli yaz\u0131nsal \u00fcr\u00fcnler yoluyla okumay\u0131 sevdirmek, b\u00f6ylece onlar\u0131n okuyan, okudu\u011funu anlayan, yarat\u0131c\u0131 ve ele\u015ftirel bir tutumla d\u00fcnyay\u0131 alg\u0131layan<span class=\"excerpt-hellip\"> [\u2026]<\/span><\/p>\n","protected":false},"featured_media":0,"template":"","meta":{"_monsterinsights_skip_tracking":false,"_monsterinsights_sitenote_active":false,"_monsterinsights_sitenote_note":"","_monsterinsights_sitenote_category":0},"product_brand":[],"product_cat":[12291,15117],"product_tag":[],"class_list":{"0":"post-690512","1":"product","2":"type-product","3":"status-publish","5":"product_cat-edebiyat","6":"product_cat-genclik-edebiyati","7":"pa_cilt-ciltsiz","8":"pa_tur-kitap","9":"pa_yayinevi-kok-yayinevi","10":"pa_yazar-ibrahim-kibris","12":"first","13":"instock","14":"sale","15":"shipping-taxable","16":"purchasable","17":"product-type-simple"},"_links":{"self":[{"href":"https:\/\/roveyayinevi.com.tr\/index.php\/wp-json\/wp\/v2\/product\/690512","targetHints":{"allow":["GET"]}}],"collection":[{"href":"https:\/\/roveyayinevi.com.tr\/index.php\/wp-json\/wp\/v2\/product"}],"about":[{"href":"https:\/\/roveyayinevi.com.tr\/index.php\/wp-json\/wp\/v2\/types\/product"}],"wp:attachment":[{"href":"https:\/\/roveyayinevi.com.tr\/index.php\/wp-json\/wp\/v2\/media?parent=690512"}],"wp:term":[{"taxonomy":"product_brand","embeddable":true,"href":"https:\/\/roveyayinevi.com.tr\/index.php\/wp-json\/wp\/v2\/product_brand?post=690512"},{"taxonomy":"product_cat","embeddable":true,"href":"https:\/\/roveyayinevi.com.tr\/index.php\/wp-json\/wp\/v2\/product_cat?post=690512"},{"taxonomy":"product_tag","embeddable":true,"href":"https:\/\/roveyayinevi.com.tr\/index.php\/wp-json\/wp\/v2\/product_tag?post=690512"}],"curies":[{"name":"wp","href":"https:\/\/api.w.org\/{rel}","templated":true}]}}