{"id":690508,"date":"2025-08-27T13:52:01","date_gmt":"2025-08-27T10:52:01","guid":{"rendered":"https:\/\/roveyayinevi.com.tr\/index.php\/urun\/bay-baykusla-ilk-kelimelerimi-ogreniyorum\/"},"modified":"2026-04-16T02:00:13","modified_gmt":"2026-04-15T23:00:13","slug":"bay-baykusla-ilk-kelimelerimi-ogreniyorum","status":"publish","type":"product","link":"https:\/\/roveyayinevi.com.tr\/index.php\/urun\/bay-baykusla-ilk-kelimelerimi-ogreniyorum\/","title":{"rendered":"Bay Bayku\u015f\u2019la \u0130lk Kelimelerimi \u00d6\u011freniyorum"},"content":{"rendered":"<p>Bu kitap \u00e7ocuklar\u0131 kitaplarla tan\u0131\u015ft\u0131rmak, kitaplar\u0131 sevdirmek, \u00e7ocuklar\u0131n \u00f6\u011frenmelerini daha e\u011flenceli hale getirmek ve onlar\u0131n dil geli\u015fimine yard\u0131mc\u0131 olmak amac\u0131yla haz\u0131rlanm\u0131\u015ft\u0131r. Kitapta \u00e7ocuklar\u0131n yak\u0131n \u00e7evresinde g\u00f6rd\u00fc\u011f\u00fc nesnelerinrenkli resimleri yer almaktad\u0131r. Ayr\u0131ca kitab\u0131n her sayfas\u0131nda &#8220;Bay Bayku\u015f&#8221; size e\u015flik etmektedir. \u00e7o\u011fu zaman \u00e7ocu\u011funuz sayfada g\u00f6rd\u00fcklerini &#8220;Bay Bayku\u015f&#8221; a anlatacakt\u0131r.Her sayfan\u0131n alt\u0131ndaki a\u00e7\u0131klamalar\u0131 \u00e7ocu\u011funuzla birlikte okuman\u0131z ve resimleri birlikte incelemeniz \u00f6nemlidir. Bu a\u015famada resimleri incelerken &#8220;Bu nedir?&#8221; sorusunu s\u0131k s\u0131k kullanabilirsiniz. \u0130lk okumalarda kimi y\u00f6nergelerde istenilenleri \u00e7ocu\u011funuzla birlikte yapman\u0131z g\u00fcd\u00fcleyici olacakt\u0131r. <\/p>\n","protected":false},"excerpt":{"rendered":"<p>Bu kitap \u00e7ocuklar\u0131 kitaplarla tan\u0131\u015ft\u0131rmak, kitaplar\u0131 sevdirmek, \u00e7ocuklar\u0131n \u00f6\u011frenmelerini daha e\u011flenceli hale getirmek ve onlar\u0131n dil geli\u015fimine yard\u0131mc\u0131 olmak amac\u0131yla haz\u0131rlanm\u0131\u015ft\u0131r. Kitapta \u00e7ocuklar\u0131n yak\u0131n \u00e7evresinde g\u00f6rd\u00fc\u011f\u00fc<span class=\"excerpt-hellip\"> [\u2026]<\/span><\/p>\n","protected":false},"featured_media":0,"template":"","meta":{"_monsterinsights_skip_tracking":false,"_monsterinsights_sitenote_active":false,"_monsterinsights_sitenote_note":"","_monsterinsights_sitenote_category":0},"product_brand":[],"product_cat":[12275,12274],"product_tag":[],"class_list":{"0":"post-690508","1":"product","2":"type-product","3":"status-publish","5":"product_cat-6-12-yas-kitaplari","6":"product_cat-cocuk-ve-genclik-kitaplari","7":"pa_cilt-ciltsiz","8":"pa_tur-kitap","9":"pa_yayinevi-kok-yayinevi","10":"pa_yazar-vesile-yildiz","12":"first","13":"instock","14":"sale","15":"shipping-taxable","16":"purchasable","17":"product-type-simple"},"_links":{"self":[{"href":"https:\/\/roveyayinevi.com.tr\/index.php\/wp-json\/wp\/v2\/product\/690508","targetHints":{"allow":["GET"]}}],"collection":[{"href":"https:\/\/roveyayinevi.com.tr\/index.php\/wp-json\/wp\/v2\/product"}],"about":[{"href":"https:\/\/roveyayinevi.com.tr\/index.php\/wp-json\/wp\/v2\/types\/product"}],"wp:attachment":[{"href":"https:\/\/roveyayinevi.com.tr\/index.php\/wp-json\/wp\/v2\/media?parent=690508"}],"wp:term":[{"taxonomy":"product_brand","embeddable":true,"href":"https:\/\/roveyayinevi.com.tr\/index.php\/wp-json\/wp\/v2\/product_brand?post=690508"},{"taxonomy":"product_cat","embeddable":true,"href":"https:\/\/roveyayinevi.com.tr\/index.php\/wp-json\/wp\/v2\/product_cat?post=690508"},{"taxonomy":"product_tag","embeddable":true,"href":"https:\/\/roveyayinevi.com.tr\/index.php\/wp-json\/wp\/v2\/product_tag?post=690508"}],"curies":[{"name":"wp","href":"https:\/\/api.w.org\/{rel}","templated":true}]}}