{"id":690507,"date":"2025-08-27T13:52:01","date_gmt":"2025-08-27T10:52:01","guid":{"rendered":"https:\/\/roveyayinevi.com.tr\/index.php\/urun\/aysunun-ruyasi\/"},"modified":"2026-04-16T02:00:13","modified_gmt":"2026-04-15T23:00:13","slug":"aysunun-ruyasi","status":"publish","type":"product","link":"https:\/\/roveyayinevi.com.tr\/index.php\/urun\/aysunun-ruyasi\/","title":{"rendered":"Aysu\u2019nun R\u00fcyas\u0131"},"content":{"rendered":"<p>Sizin de bir sihirli sopan\u0131z olsa ve an\u0131nda diledi\u011finiz oyun arkada\u015f\u0131n\u0131 yan\u0131n\u0131za getiriverseniz, hayat ne kadar g\u00fczel olurdu, \u00f6yle de\u011fil mi? Ah, bir de b\u00f6yle \u015feyler yaln\u0131zca \u00f6yk\u00fclerde ya da r\u00fcyalarda olmasa. \ufffcTan\u0131t\u0131m Metni<\/p>\n","protected":false},"excerpt":{"rendered":"<p>Sizin de bir sihirli sopan\u0131z olsa ve an\u0131nda diledi\u011finiz oyun arkada\u015f\u0131n\u0131 yan\u0131n\u0131za getiriverseniz, hayat ne kadar g\u00fczel olurdu, \u00f6yle de\u011fil mi? Ah, bir de b\u00f6yle \u015feyler<span class=\"excerpt-hellip\"> [\u2026]<\/span><\/p>\n","protected":false},"featured_media":0,"template":"","meta":{"_monsterinsights_skip_tracking":false,"_monsterinsights_sitenote_active":false,"_monsterinsights_sitenote_note":"","_monsterinsights_sitenote_category":0},"product_brand":[],"product_cat":[12275,12274],"product_tag":[],"class_list":{"0":"post-690507","1":"product","2":"type-product","3":"status-publish","5":"product_cat-6-12-yas-kitaplari","6":"product_cat-cocuk-ve-genclik-kitaplari","7":"pa_cilt-ciltsiz","8":"pa_tur-kitap","9":"pa_yayinevi-kok-yayinevi","10":"pa_yazar-aysin-bumin","12":"first","13":"instock","14":"sale","15":"shipping-taxable","16":"purchasable","17":"product-type-simple"},"_links":{"self":[{"href":"https:\/\/roveyayinevi.com.tr\/index.php\/wp-json\/wp\/v2\/product\/690507","targetHints":{"allow":["GET"]}}],"collection":[{"href":"https:\/\/roveyayinevi.com.tr\/index.php\/wp-json\/wp\/v2\/product"}],"about":[{"href":"https:\/\/roveyayinevi.com.tr\/index.php\/wp-json\/wp\/v2\/types\/product"}],"wp:attachment":[{"href":"https:\/\/roveyayinevi.com.tr\/index.php\/wp-json\/wp\/v2\/media?parent=690507"}],"wp:term":[{"taxonomy":"product_brand","embeddable":true,"href":"https:\/\/roveyayinevi.com.tr\/index.php\/wp-json\/wp\/v2\/product_brand?post=690507"},{"taxonomy":"product_cat","embeddable":true,"href":"https:\/\/roveyayinevi.com.tr\/index.php\/wp-json\/wp\/v2\/product_cat?post=690507"},{"taxonomy":"product_tag","embeddable":true,"href":"https:\/\/roveyayinevi.com.tr\/index.php\/wp-json\/wp\/v2\/product_tag?post=690507"}],"curies":[{"name":"wp","href":"https:\/\/api.w.org\/{rel}","templated":true}]}}