{"id":690505,"date":"2025-08-27T13:52:00","date_gmt":"2025-08-27T10:52:00","guid":{"rendered":"https:\/\/roveyayinevi.com.tr\/index.php\/urun\/pencesi-pamuk-kedi\/"},"modified":"2026-04-16T02:00:13","modified_gmt":"2026-04-15T23:00:13","slug":"pencesi-pamuk-kedi","status":"publish","type":"product","link":"https:\/\/roveyayinevi.com.tr\/index.php\/urun\/pencesi-pamuk-kedi\/","title":{"rendered":"Pen\u00e7esi Pamuk Kedi"},"content":{"rendered":"<p>Bu kitab\u0131 masaldan uzak d\u00fc\u015fm\u00fc\u015f \u00e7ocuklar\u0131m\u0131za, geleneksel masallar\u0131 \u015fiir diliyle yeniden yorumlayan Refik Durba\u015f&#8217;\u0131n arma\u011fan\u0131 olarak sunuyoruz.Anam e\u015fikte, bah\u00e7ede g\u00fcl bi\u00e7iyorbabam be\u015fikte, saz\u0131na s\u00f6z diziyo.Ben, y\u00fcz be\u015f ya\u015f\u0131nda bir delikanl\u0131anam, bir \u015famar att\u0131 yana\u011f\u0131ma&#8221;Git&#8221; dedi, &#8220;baban\u0131n be\u015fi\u011fini salla..&#8221; <\/p>\n","protected":false},"excerpt":{"rendered":"<p>Bu kitab\u0131 masaldan uzak d\u00fc\u015fm\u00fc\u015f \u00e7ocuklar\u0131m\u0131za, geleneksel masallar\u0131 \u015fiir diliyle yeniden yorumlayan Refik Durba\u015f&#8217;\u0131n arma\u011fan\u0131 olarak sunuyoruz.Anam e\u015fikte, bah\u00e7ede g\u00fcl bi\u00e7iyorbabam be\u015fikte, saz\u0131na s\u00f6z diziyo.Ben, y\u00fcz<span class=\"excerpt-hellip\"> [\u2026]<\/span><\/p>\n","protected":false},"featured_media":0,"template":"","meta":{"_monsterinsights_skip_tracking":false,"_monsterinsights_sitenote_active":false,"_monsterinsights_sitenote_note":"","_monsterinsights_sitenote_category":0},"product_brand":[],"product_cat":[12275,12274],"product_tag":[],"class_list":{"0":"post-690505","1":"product","2":"type-product","3":"status-publish","5":"product_cat-6-12-yas-kitaplari","6":"product_cat-cocuk-ve-genclik-kitaplari","7":"pa_cilt-ciltsiz","8":"pa_tur-kitap","9":"pa_yayinevi-kok-yayinevi","10":"pa_yazar-refik-durbas","12":"first","13":"instock","14":"sale","15":"shipping-taxable","16":"purchasable","17":"product-type-simple"},"_links":{"self":[{"href":"https:\/\/roveyayinevi.com.tr\/index.php\/wp-json\/wp\/v2\/product\/690505","targetHints":{"allow":["GET"]}}],"collection":[{"href":"https:\/\/roveyayinevi.com.tr\/index.php\/wp-json\/wp\/v2\/product"}],"about":[{"href":"https:\/\/roveyayinevi.com.tr\/index.php\/wp-json\/wp\/v2\/types\/product"}],"wp:attachment":[{"href":"https:\/\/roveyayinevi.com.tr\/index.php\/wp-json\/wp\/v2\/media?parent=690505"}],"wp:term":[{"taxonomy":"product_brand","embeddable":true,"href":"https:\/\/roveyayinevi.com.tr\/index.php\/wp-json\/wp\/v2\/product_brand?post=690505"},{"taxonomy":"product_cat","embeddable":true,"href":"https:\/\/roveyayinevi.com.tr\/index.php\/wp-json\/wp\/v2\/product_cat?post=690505"},{"taxonomy":"product_tag","embeddable":true,"href":"https:\/\/roveyayinevi.com.tr\/index.php\/wp-json\/wp\/v2\/product_tag?post=690505"}],"curies":[{"name":"wp","href":"https:\/\/api.w.org\/{rel}","templated":true}]}}