{"id":690500,"date":"2025-08-27T13:51:59","date_gmt":"2025-08-27T10:51:59","guid":{"rendered":"https:\/\/roveyayinevi.com.tr\/index.php\/urun\/meyhane-2\/"},"modified":"2026-04-16T01:59:58","modified_gmt":"2026-04-15T22:59:58","slug":"meyhane-2","status":"publish","type":"product","link":"https:\/\/roveyayinevi.com.tr\/index.php\/urun\/meyhane-2\/","title":{"rendered":"Meyhane"},"content":{"rendered":"<p>Meyhanenin kap\u0131s\u0131nda bir grup olu\u015fmu\u015ftu. K\u0131s\u0131k bir ses ba\u011f\u0131rd\u0131r: &#8220;Hey Bibi-la Grillade, bir vitriyol \u0131smarla da i\u00e7elim!&#8221; \u0130\u00e7eriye be\u015f i\u015f\u00e7i girdi, ayakta kald\u0131lar. Ayn\u0131 ses s\u00fcrd\u00fc: &#8220;Ah bu Colombe Baba denen harami yok mu! Bak hele, eskisinden istiyoruz, ama, ger\u00e7ek kadehle olsun, ceviz kabu\u011fuyla de\u011fil!&#8221; Colombe Baba, sessizce hizmet ediyordu. \u00dc\u00e7 ki\u015fiden olu\u015fan bir i\u015f\u00e7i toplulu\u011fu daha geldi. G\u00f6mlekliler yava\u015f yava\u015f kald\u0131r\u0131m\u0131n k\u00f6\u015fesinde toplan\u0131yor, orada bir an duruyor, sonunda tozdan k\u00fcl rengine d\u00f6nm\u00fc\u015f zakkumlar\u0131n aras\u0131ndan birbirlerini meyhanenin i\u00e7ine itiyorlad\u0131.<\/p>\n","protected":false},"excerpt":{"rendered":"<p>Meyhanenin kap\u0131s\u0131nda bir grup olu\u015fmu\u015ftu. K\u0131s\u0131k bir ses ba\u011f\u0131rd\u0131r: &#8220;Hey Bibi-la Grillade, bir vitriyol \u0131smarla da i\u00e7elim!&#8221; \u0130\u00e7eriye be\u015f i\u015f\u00e7i girdi, ayakta kald\u0131lar. Ayn\u0131 ses s\u00fcrd\u00fc:<span class=\"excerpt-hellip\"> [\u2026]<\/span><\/p>\n","protected":false},"featured_media":0,"template":"","meta":{"_monsterinsights_skip_tracking":false,"_monsterinsights_sitenote_active":false,"_monsterinsights_sitenote_note":"","_monsterinsights_sitenote_category":0},"product_brand":[],"product_cat":[12291,13376],"product_tag":[],"class_list":{"0":"post-690500","1":"product","2":"type-product","3":"status-publish","5":"product_cat-edebiyat","6":"product_cat-fransiz-edebiyati","7":"pa_cilt-ciltsiz","8":"pa_tur-kitap","9":"pa_yayinevi-anonim-yayincilik","10":"pa_yazar-emile-zola","12":"first","13":"instock","14":"sale","15":"shipping-taxable","16":"purchasable","17":"product-type-simple"},"_links":{"self":[{"href":"https:\/\/roveyayinevi.com.tr\/index.php\/wp-json\/wp\/v2\/product\/690500","targetHints":{"allow":["GET"]}}],"collection":[{"href":"https:\/\/roveyayinevi.com.tr\/index.php\/wp-json\/wp\/v2\/product"}],"about":[{"href":"https:\/\/roveyayinevi.com.tr\/index.php\/wp-json\/wp\/v2\/types\/product"}],"wp:attachment":[{"href":"https:\/\/roveyayinevi.com.tr\/index.php\/wp-json\/wp\/v2\/media?parent=690500"}],"wp:term":[{"taxonomy":"product_brand","embeddable":true,"href":"https:\/\/roveyayinevi.com.tr\/index.php\/wp-json\/wp\/v2\/product_brand?post=690500"},{"taxonomy":"product_cat","embeddable":true,"href":"https:\/\/roveyayinevi.com.tr\/index.php\/wp-json\/wp\/v2\/product_cat?post=690500"},{"taxonomy":"product_tag","embeddable":true,"href":"https:\/\/roveyayinevi.com.tr\/index.php\/wp-json\/wp\/v2\/product_tag?post=690500"}],"curies":[{"name":"wp","href":"https:\/\/api.w.org\/{rel}","templated":true}]}}