{"id":690499,"date":"2025-08-27T13:51:59","date_gmt":"2025-08-27T10:51:59","guid":{"rendered":"https:\/\/roveyayinevi.com.tr\/index.php\/urun\/aile-egitimi\/"},"modified":"2026-04-16T01:59:58","modified_gmt":"2026-04-15T22:59:58","slug":"aile-egitimi","status":"publish","type":"product","link":"https:\/\/roveyayinevi.com.tr\/index.php\/urun\/aile-egitimi\/","title":{"rendered":"Aile E\u011fitimi"},"content":{"rendered":"<p>\u015eok benim ya\u015fant\u0131mda ilk s\u0131ray\u0131 ald\u0131. Sanki pencerenin d\u0131\u015f\u0131ndan bak\u0131yordum. Elbette bu pencereden atlamam\u0131 engelledi. Su\u00e7luluk duygusu, yetersizli\u011fi olan \u00e7ocuk ebeveynlerinin \u00fcstesinden gelmede en fazla zorland\u0131klar\u0131 duygudur. Ebeveynler \u00e7ocuklar\u0131n\u0131n \u00f6z\u00fcrl\u00fc olmas\u0131na neden olduklar\u0131na ya da ge\u00e7mi\u015fteki hatalar\u0131 i\u00e7in cezaland\u0131r\u0131ld\u0131klar\u0131na inanabilirler. Su\u00e7luluk duygusu ke\u015fke d\u00fc\u015f\u00fcncesine ba\u011fl\u0131d\u0131r. Ke\u015fke sigaray\u0131 b\u0131raksayd\u0131m ke\u015fke ona daha \u00e7ok yard\u0131m etseydim gibi.  T\u00fcm \u00e7ocuklar\u0131n ya\u015fam\u0131na ku\u015fkusuz ailenin \u00f6nemli bir yeri vard\u0131r. \u00c7ocuklar, okula ba\u015flay\u0131ncaya kadar temel beceri ve kavramlar\u0131; topluma uyum sa\u011flamalar\u0131na y\u00f6nelik kurallar\u0131 ailelerini model alarak \u00f6\u011frenirler. Yetersizlikten etkilenen \u00e7ocuklar\u0131n bu beceri, kavram ve uygun davran\u0131\u015flar\u0131 ailelerinden \u00f6\u011frenmelerinde ve okula ba\u015flad\u0131ktan sonra okulda \u00f6\u011frendiklerini okul d\u0131\u015f\u0131na transfer edebilmelerinde, ailelerin \u00e7ocuklar\u0131n\u0131n davran\u0131\u015flar\u0131n\u0131 nas\u0131l denetleyebileceklerini; kavram ve becerileri nas\u0131l \u00f6\u011freteceklerini bilmemeleri nedeniyle sorunlar ya\u015fanmaktad\u0131r. Buna paralel olarak aileler; \u00e7ocuklar\u0131 okula ba\u015flad\u0131ktan sonra da okulda \u00f6\u011frenilenleri ev ve ev d\u0131\u015f\u0131ndaki sosyal \u00e7evreye aktarmada yetersiz kalabilmektedir. <\/p>\n","protected":false},"excerpt":{"rendered":"<p>\u015eok benim ya\u015fant\u0131mda ilk s\u0131ray\u0131 ald\u0131. Sanki pencerenin d\u0131\u015f\u0131ndan bak\u0131yordum. Elbette bu pencereden atlamam\u0131 engelledi. Su\u00e7luluk duygusu, yetersizli\u011fi olan \u00e7ocuk ebeveynlerinin \u00fcstesinden gelmede en fazla zorland\u0131klar\u0131<span class=\"excerpt-hellip\"> [\u2026]<\/span><\/p>\n","protected":false},"featured_media":0,"template":"","meta":{"_monsterinsights_skip_tracking":false,"_monsterinsights_sitenote_active":false,"_monsterinsights_sitenote_note":"","_monsterinsights_sitenote_category":0},"product_brand":[],"product_cat":[12831,12324],"product_tag":[],"class_list":{"0":"post-690499","1":"product","2":"type-product","3":"status-publish","5":"product_cat-aile-ve-cocuk","6":"product_cat-sosyoloji","7":"pa_cilt-ciltsiz","8":"pa_tur-kitap","9":"pa_yayinevi-kok-yayinevi","10":"pa_yazar-nihal-varol","12":"first","13":"instock","14":"sale","15":"shipping-taxable","16":"purchasable","17":"product-type-simple"},"_links":{"self":[{"href":"https:\/\/roveyayinevi.com.tr\/index.php\/wp-json\/wp\/v2\/product\/690499","targetHints":{"allow":["GET"]}}],"collection":[{"href":"https:\/\/roveyayinevi.com.tr\/index.php\/wp-json\/wp\/v2\/product"}],"about":[{"href":"https:\/\/roveyayinevi.com.tr\/index.php\/wp-json\/wp\/v2\/types\/product"}],"wp:attachment":[{"href":"https:\/\/roveyayinevi.com.tr\/index.php\/wp-json\/wp\/v2\/media?parent=690499"}],"wp:term":[{"taxonomy":"product_brand","embeddable":true,"href":"https:\/\/roveyayinevi.com.tr\/index.php\/wp-json\/wp\/v2\/product_brand?post=690499"},{"taxonomy":"product_cat","embeddable":true,"href":"https:\/\/roveyayinevi.com.tr\/index.php\/wp-json\/wp\/v2\/product_cat?post=690499"},{"taxonomy":"product_tag","embeddable":true,"href":"https:\/\/roveyayinevi.com.tr\/index.php\/wp-json\/wp\/v2\/product_tag?post=690499"}],"curies":[{"name":"wp","href":"https:\/\/api.w.org\/{rel}","templated":true}]}}