{"id":690481,"date":"2025-08-27T13:51:56","date_gmt":"2025-08-27T10:51:56","guid":{"rendered":"https:\/\/roveyayinevi.com.tr\/index.php\/urun\/anne-cocuk-sagligi\/"},"modified":"2026-04-16T01:59:57","modified_gmt":"2026-04-15T22:59:57","slug":"anne-cocuk-sagligi","status":"publish","type":"product","link":"https:\/\/roveyayinevi.com.tr\/index.php\/urun\/anne-cocuk-sagligi\/","title":{"rendered":"Anne \u00c7ocuk Sa\u011fl\u0131\u011f\u0131"},"content":{"rendered":"<p>Sa\u011fl\u0131kl\u0131 \u00e7ocuklar\u0131n do\u011fmas\u0131 dile\u011fi ile rehber kitaplar dizimize bir yenisi daha eklendi. &#8220;Anne \u00e7ocuk Sa\u011fl\u0131\u011f\u0131&#8221; \u00e7ocu\u011fun anne rahmine yerle\u015fim s\u00fcrecinden ba\u015flay\u0131p, gebelik ve do\u011fum, lohusal\u0131k ve \u00e7ocuk hastal\u0131klar\u0131na de\u011fin uzun bir \u00f6yk\u00fcy\u00fc kapsamaktad\u0131r. \u0130nsan ya\u015fam\u0131n\u0131n ba\u015flang\u0131c\u0131 ve bu nedenle en \u00f6nemli anlar\u0131ndan biri olan d\u00f6llenme, gebelik ve do\u011fumla ilgili bu kitap hen\u00fcz meslek ya\u015fam\u0131n\u0131n ba\u015flang\u0131c\u0131nda olan \u00f6\u011frencilere, t\u00fcm kad\u0131nlara, t\u00fcm anne adaylar\u0131na ve ayn\u0131 zamanda t\u00fcm baba adaylar\u0131na ula\u015fmak i\u00e7in; do\u011fruluk, g\u00fcncel bilimsel temel, kolay anla\u015f\u0131labilir ve uygulanabilir olma ama\u00e7lar\u0131 hedeflenerek yaz\u0131lm\u0131\u015ft\u0131r. Do\u011fru olarak kabul edilmi\u015f kavramlar\u0131n h\u0131zla de\u011fi\u015fti\u011fi ve bir\u00e7ok yan\u0131tlanamayan sorunun oldu\u011fu bir konu \u00fczerinde kitap haz\u0131rlarken; temel bilgilerin aktar\u0131lmas\u0131nda konunun karma\u015f\u0131kl\u0131\u011f\u0131n\u0131 da g\u00f6z \u00f6n\u00fcne alarak g\u00fcncel bilgileri, g\u00f6rsel ara\u00e7larla desteklemeyi ama\u00e7lad\u0131k. \u0130leride kendileri de anne ve baba olmaya aday gen\u00e7lerin g\u00fcnl\u00fck ya\u015famlar\u0131 i\u00e7inde de kullanabilecekleri ve \u00e7evrelerine aktarabilecekleri bilgileri vermek istedik. <\/p>\n","protected":false},"excerpt":{"rendered":"<p>Sa\u011fl\u0131kl\u0131 \u00e7ocuklar\u0131n do\u011fmas\u0131 dile\u011fi ile rehber kitaplar dizimize bir yenisi daha eklendi. &#8220;Anne \u00e7ocuk Sa\u011fl\u0131\u011f\u0131&#8221; \u00e7ocu\u011fun anne rahmine yerle\u015fim s\u00fcrecinden ba\u015flay\u0131p, gebelik ve do\u011fum, lohusal\u0131k ve<span class=\"excerpt-hellip\"> [\u2026]<\/span><\/p>\n","protected":false},"featured_media":0,"template":"","meta":{"_monsterinsights_skip_tracking":false,"_monsterinsights_sitenote_active":false,"_monsterinsights_sitenote_note":"","_monsterinsights_sitenote_category":0},"product_brand":[],"product_cat":[14902,13365],"product_tag":[],"class_list":{"0":"post-690481","1":"product","2":"type-product","3":"status-publish","5":"product_cat-annelik-ve-cocuk-bakimi","6":"product_cat-saglik","7":"pa_cilt-ciltsiz","8":"pa_tur-kitap","9":"pa_yayinevi-kok-yayinevi","10":"pa_yazar-hakan-turan","12":"first","13":"instock","14":"sale","15":"shipping-taxable","16":"purchasable","17":"product-type-simple"},"_links":{"self":[{"href":"https:\/\/roveyayinevi.com.tr\/index.php\/wp-json\/wp\/v2\/product\/690481","targetHints":{"allow":["GET"]}}],"collection":[{"href":"https:\/\/roveyayinevi.com.tr\/index.php\/wp-json\/wp\/v2\/product"}],"about":[{"href":"https:\/\/roveyayinevi.com.tr\/index.php\/wp-json\/wp\/v2\/types\/product"}],"wp:attachment":[{"href":"https:\/\/roveyayinevi.com.tr\/index.php\/wp-json\/wp\/v2\/media?parent=690481"}],"wp:term":[{"taxonomy":"product_brand","embeddable":true,"href":"https:\/\/roveyayinevi.com.tr\/index.php\/wp-json\/wp\/v2\/product_brand?post=690481"},{"taxonomy":"product_cat","embeddable":true,"href":"https:\/\/roveyayinevi.com.tr\/index.php\/wp-json\/wp\/v2\/product_cat?post=690481"},{"taxonomy":"product_tag","embeddable":true,"href":"https:\/\/roveyayinevi.com.tr\/index.php\/wp-json\/wp\/v2\/product_tag?post=690481"}],"curies":[{"name":"wp","href":"https:\/\/api.w.org\/{rel}","templated":true}]}}