{"id":690479,"date":"2025-08-27T13:51:55","date_gmt":"2025-08-27T10:51:55","guid":{"rendered":"https:\/\/roveyayinevi.com.tr\/index.php\/urun\/mevlana\/"},"modified":"2026-04-16T01:59:57","modified_gmt":"2026-04-15T22:59:57","slug":"mevlana","status":"publish","type":"product","link":"https:\/\/roveyayinevi.com.tr\/index.php\/urun\/mevlana\/","title":{"rendered":"Mevlana"},"content":{"rendered":"<p>Yaydan f\u0131rlayan ok gibidir a\u011f\u0131zdan \u00e7\u0131k\u0131nca bir s\u00f6z. Ve hi\u00e7 geri d\u00f6nm\u00fc\u015f de\u011fildir at\u0131ld\u0131kta sonra bir ok.Seli ba\u015f\u0131ndan ba\u011flar ileriyi g\u00f6ren ki\u015fi. Ve ge\u00e7ti\u011fi yerleri harap eder ba\u015ftan ba\u011flan\u0131lmayan sel.Ne t\u00fckenmez hazinesin sen ey dil  ve ne devas\u0131z bir dert!Anadolu Cel\u00e2leddinDinle NeydenAmbardaki FarelerS\u0131r odur ki gizli gerekDili kontrol edebilmekLokman ile efendisiAl\u00e7al ki y\u00fckselebilesinAk\u0131l ile ruhBir iksirdir sab\u0131r\u0130ki bedende tek g\u00f6n\u00fclKu\u015fun avc\u0131ya etti\u011fi <\/p>\n","protected":false},"excerpt":{"rendered":"<p>Yaydan f\u0131rlayan ok gibidir a\u011f\u0131zdan \u00e7\u0131k\u0131nca bir s\u00f6z. Ve hi\u00e7 geri d\u00f6nm\u00fc\u015f de\u011fildir at\u0131ld\u0131kta sonra bir ok.Seli ba\u015f\u0131ndan ba\u011flar ileriyi g\u00f6ren ki\u015fi. Ve ge\u00e7ti\u011fi yerleri harap<span class=\"excerpt-hellip\"> [\u2026]<\/span><\/p>\n","protected":false},"featured_media":0,"template":"","meta":{"_monsterinsights_skip_tracking":false,"_monsterinsights_sitenote_active":false,"_monsterinsights_sitenote_note":"","_monsterinsights_sitenote_category":0},"product_brand":[],"product_cat":[14009,12291],"product_tag":[],"class_list":{"0":"post-690479","1":"product","2":"type-product","3":"status-publish","5":"product_cat-biyografi-otobiyografi-edebiyat","6":"product_cat-edebiyat","7":"pa_cilt-ciltsiz","8":"pa_tur-kitap","9":"pa_yayinevi-kapi-yayinlari","10":"pa_yazar-iskender-pala","12":"first","13":"instock","14":"sale","15":"shipping-taxable","16":"purchasable","17":"product-type-simple"},"_links":{"self":[{"href":"https:\/\/roveyayinevi.com.tr\/index.php\/wp-json\/wp\/v2\/product\/690479","targetHints":{"allow":["GET"]}}],"collection":[{"href":"https:\/\/roveyayinevi.com.tr\/index.php\/wp-json\/wp\/v2\/product"}],"about":[{"href":"https:\/\/roveyayinevi.com.tr\/index.php\/wp-json\/wp\/v2\/types\/product"}],"wp:attachment":[{"href":"https:\/\/roveyayinevi.com.tr\/index.php\/wp-json\/wp\/v2\/media?parent=690479"}],"wp:term":[{"taxonomy":"product_brand","embeddable":true,"href":"https:\/\/roveyayinevi.com.tr\/index.php\/wp-json\/wp\/v2\/product_brand?post=690479"},{"taxonomy":"product_cat","embeddable":true,"href":"https:\/\/roveyayinevi.com.tr\/index.php\/wp-json\/wp\/v2\/product_cat?post=690479"},{"taxonomy":"product_tag","embeddable":true,"href":"https:\/\/roveyayinevi.com.tr\/index.php\/wp-json\/wp\/v2\/product_tag?post=690479"}],"curies":[{"name":"wp","href":"https:\/\/api.w.org\/{rel}","templated":true}]}}