{"id":690478,"date":"2025-08-27T13:51:55","date_gmt":"2025-08-27T10:51:55","guid":{"rendered":"https:\/\/roveyayinevi.com.tr\/index.php\/urun\/kurani-anlamanin-anlami\/"},"modified":"2025-08-27T13:51:55","modified_gmt":"2025-08-27T10:51:55","slug":"kurani-anlamanin-anlami","status":"publish","type":"product","link":"https:\/\/roveyayinevi.com.tr\/index.php\/urun\/kurani-anlamanin-anlami\/","title":{"rendered":"Kur&#8217;an&#8217;\u0131 Anlama&#8217;n\u0131n Anlam\u0131"},"content":{"rendered":"<p>Bir metni anlama esnas\u0131nda nelerin olup bitti\u011fi, okurla metin aras\u0131ndaki ili\u015fkinin \u201cne t\u00fcr bir ili\u015fki\u201d oldu\u011fu, okur\u2019un metni anlamaya y\u00f6neldi\u011finde, metnin kendisinden neler bekleyebilece\u011fi, okurun kendisini ve metni \u00e7evreleyen durum ve ko\u015fullar\u0131 bilmesinin do\u011fru anlama ula\u015fmada nas\u0131l bir rol oynayabilece\u011fi \u015feklindeki suallere cevap aran\u0131yor. 1994\u2019te makale, 1995\u2019te kitap olarak yay\u0131nlanan bu risale, 1998\u2019e de\u011fin d\u00f6rt bask\u0131 yapm\u0131\u015f olmas\u0131na ra\u011fmen uzun bir s\u00fcre ne\u015fredilememi\u015fti. Kur\u2019an\u2019\u0131 anlaman\u0131n belli ba\u015fl\u0131 ilkelerini temellendirmeye ve baz\u0131 \u00f6rneklerden hareketle bu ilkelerin Kur\u2019an yorumlar\u0131n\u0131 nas\u0131l etkilediklerini ele alan kitap, Kur\u2019an okurlar\u0131n\u0131n kar\u015f\u0131la\u015ft\u0131klar\u0131 sorunlar\u0131 gidermeye ve Kur\u2019an\u2019\u0131 daha iyi anlama idealine katk\u0131da bulunmay\u0131 ama\u00e7l\u0131yor. Tefsir Us\u00fbl\u00fc literat\u00fcr\u00fcn\u00fcn, s\u00f6z konusu suallere yeterli cevab\u0131 veremedi\u011fini, bu literat\u00fcr\u00fcn, sab\u0131rl\u0131 ve uzun ara\u015ft\u0131rmalar neticesinde ciddi bir muhasebesinin yap\u0131lmas\u0131 halinde ancak bir i\u015flev g\u00f6rebilece\u011fini iddia eden kitap Kur\u2019an\u2019\u0131 hak etti\u011fi \u015fekilde anlama ve yorumlama \u00e7abalar\u0131na destek olacak. <\/p>\n","protected":false},"excerpt":{"rendered":"<p>Bir metni anlama esnas\u0131nda nelerin olup bitti\u011fi, okurla metin aras\u0131ndaki ili\u015fkinin \u201cne t\u00fcr bir ili\u015fki\u201d oldu\u011fu, okur\u2019un metni anlamaya y\u00f6neldi\u011finde, metnin kendisinden neler bekleyebilece\u011fi, okurun kendisini<span class=\"excerpt-hellip\"> [\u2026]<\/span><\/p>\n","protected":false},"featured_media":0,"template":"","meta":{"_monsterinsights_skip_tracking":false,"_monsterinsights_sitenote_active":false,"_monsterinsights_sitenote_note":"","_monsterinsights_sitenote_category":0},"product_brand":[],"product_cat":[12718,12719,17284],"product_tag":[],"class_list":{"0":"post-690478","1":"product","2":"type-product","3":"status-publish","5":"product_cat-din","6":"product_cat-islam","7":"product_cat-kuran-ve-kuran-uzerine","8":"pa_cilt-ciltsiz","9":"pa_tur-kitap","10":"pa_yayinevi-kapi-yayinlari","11":"pa_yazar-ducane-cundioglu","13":"first","14":"instock","15":"sale","16":"shipping-taxable","17":"purchasable","18":"product-type-simple"},"_links":{"self":[{"href":"https:\/\/roveyayinevi.com.tr\/index.php\/wp-json\/wp\/v2\/product\/690478","targetHints":{"allow":["GET"]}}],"collection":[{"href":"https:\/\/roveyayinevi.com.tr\/index.php\/wp-json\/wp\/v2\/product"}],"about":[{"href":"https:\/\/roveyayinevi.com.tr\/index.php\/wp-json\/wp\/v2\/types\/product"}],"wp:attachment":[{"href":"https:\/\/roveyayinevi.com.tr\/index.php\/wp-json\/wp\/v2\/media?parent=690478"}],"wp:term":[{"taxonomy":"product_brand","embeddable":true,"href":"https:\/\/roveyayinevi.com.tr\/index.php\/wp-json\/wp\/v2\/product_brand?post=690478"},{"taxonomy":"product_cat","embeddable":true,"href":"https:\/\/roveyayinevi.com.tr\/index.php\/wp-json\/wp\/v2\/product_cat?post=690478"},{"taxonomy":"product_tag","embeddable":true,"href":"https:\/\/roveyayinevi.com.tr\/index.php\/wp-json\/wp\/v2\/product_tag?post=690478"}],"curies":[{"name":"wp","href":"https:\/\/api.w.org\/{rel}","templated":true}]}}