{"id":690460,"date":"2025-08-27T13:51:52","date_gmt":"2025-08-27T10:51:52","guid":{"rendered":"https:\/\/roveyayinevi.com.tr\/index.php\/urun\/kiraz-yildizlarda-ciltli\/"},"modified":"2026-04-16T01:59:57","modified_gmt":"2026-04-15T22:59:57","slug":"kiraz-yildizlarda-ciltli","status":"publish","type":"product","link":"https:\/\/roveyayinevi.com.tr\/index.php\/urun\/kiraz-yildizlarda-ciltli\/","title":{"rendered":"Kiraz Y\u0131ld\u0131zlarda &#8211; Ciltli"},"content":{"rendered":"<p>Kiraz r\u00fcyas\u0131nda g\u00f6rd\u00fc\u011f\u00fc kelebekler gibi y\u0131ld\u0131zlara gitmeyi istemektedir. Bilimadam\u0131 olan dedesi ona bunun imkans\u0131z oldu\u011funu s\u00f6yler ama Kiraz i\u00e7in hayallere giden bir yol her zaman vard\u0131r. Ve Kiraz&#8217;\u0131n hayal g\u00fcc\u00fc bunu da ba\u015faracakt\u0131r! <\/p>\n","protected":false},"excerpt":{"rendered":"<p>Kiraz r\u00fcyas\u0131nda g\u00f6rd\u00fc\u011f\u00fc kelebekler gibi y\u0131ld\u0131zlara gitmeyi istemektedir. Bilimadam\u0131 olan dedesi ona bunun imkans\u0131z oldu\u011funu s\u00f6yler ama Kiraz i\u00e7in hayallere giden bir yol her zaman vard\u0131r.<span class=\"excerpt-hellip\"> [\u2026]<\/span><\/p>\n","protected":false},"featured_media":0,"template":"","meta":{"_monsterinsights_skip_tracking":false,"_monsterinsights_sitenote_active":false,"_monsterinsights_sitenote_note":"","_monsterinsights_sitenote_category":0},"product_brand":[],"product_cat":[12913,12274],"product_tag":[],"class_list":{"0":"post-690460","1":"product","2":"type-product","3":"status-publish","5":"product_cat-3-6-yas-kitaplari","6":"product_cat-cocuk-ve-genclik-kitaplari","7":"pa_cilt-ciltli","8":"pa_tur-kitap","9":"pa_yayinevi-kok-yayinevi","10":"pa_yazar-damla-ayzeren","12":"first","13":"instock","14":"sale","15":"shipping-taxable","16":"purchasable","17":"product-type-simple"},"_links":{"self":[{"href":"https:\/\/roveyayinevi.com.tr\/index.php\/wp-json\/wp\/v2\/product\/690460","targetHints":{"allow":["GET"]}}],"collection":[{"href":"https:\/\/roveyayinevi.com.tr\/index.php\/wp-json\/wp\/v2\/product"}],"about":[{"href":"https:\/\/roveyayinevi.com.tr\/index.php\/wp-json\/wp\/v2\/types\/product"}],"wp:attachment":[{"href":"https:\/\/roveyayinevi.com.tr\/index.php\/wp-json\/wp\/v2\/media?parent=690460"}],"wp:term":[{"taxonomy":"product_brand","embeddable":true,"href":"https:\/\/roveyayinevi.com.tr\/index.php\/wp-json\/wp\/v2\/product_brand?post=690460"},{"taxonomy":"product_cat","embeddable":true,"href":"https:\/\/roveyayinevi.com.tr\/index.php\/wp-json\/wp\/v2\/product_cat?post=690460"},{"taxonomy":"product_tag","embeddable":true,"href":"https:\/\/roveyayinevi.com.tr\/index.php\/wp-json\/wp\/v2\/product_tag?post=690460"}],"curies":[{"name":"wp","href":"https:\/\/api.w.org\/{rel}","templated":true}]}}