{"id":690459,"date":"2025-08-27T13:51:52","date_gmt":"2025-08-27T10:51:52","guid":{"rendered":"https:\/\/roveyayinevi.com.tr\/index.php\/urun\/kiraz-herkese-kusunce\/"},"modified":"2026-04-16T01:59:57","modified_gmt":"2026-04-15T22:59:57","slug":"kiraz-herkese-kusunce","status":"publish","type":"product","link":"https:\/\/roveyayinevi.com.tr\/index.php\/urun\/kiraz-herkese-kusunce\/","title":{"rendered":"Kiraz Herkese K\u00fcs\u00fcnce"},"content":{"rendered":"<p>Bir g\u00fcnde b\u00fct\u00fcn arkada\u015flar\u0131yla k\u00fcsmeyi ba\u015faran Kiraz, ak\u015fam verdi\u011fi \u00e7ad\u0131r partisinde yapayaln\u0131z kal\u0131nca korkmaya ba\u015flar. Akl\u0131 hala uzaktan oyun sesleri gelen arkada\u015flar\u0131ndad\u0131r. Acaba k\u00fcsmekle hata m\u0131 yapm\u0131\u015ft\u0131? Ama Kiraz her zamanki gibi \u00e7ok hakl\u0131yd\u0131! Peki her zaman hakl\u0131 olmak m\u0131 daha iyiydi, yoksa arkada\u015flar\u0131yla birlikte olmak m\u0131? \ufffcTan\u0131t\u0131m Metni<\/p>\n","protected":false},"excerpt":{"rendered":"<p>Bir g\u00fcnde b\u00fct\u00fcn arkada\u015flar\u0131yla k\u00fcsmeyi ba\u015faran Kiraz, ak\u015fam verdi\u011fi \u00e7ad\u0131r partisinde yapayaln\u0131z kal\u0131nca korkmaya ba\u015flar. Akl\u0131 hala uzaktan oyun sesleri gelen arkada\u015flar\u0131ndad\u0131r. Acaba k\u00fcsmekle hata m\u0131<span class=\"excerpt-hellip\"> [\u2026]<\/span><\/p>\n","protected":false},"featured_media":0,"template":"","meta":{"_monsterinsights_skip_tracking":false,"_monsterinsights_sitenote_active":false,"_monsterinsights_sitenote_note":"","_monsterinsights_sitenote_category":0},"product_brand":[],"product_cat":[12275,12274],"product_tag":[],"class_list":{"0":"post-690459","1":"product","2":"type-product","3":"status-publish","5":"product_cat-6-12-yas-kitaplari","6":"product_cat-cocuk-ve-genclik-kitaplari","7":"pa_cilt-ciltsiz","8":"pa_tur-kitap","9":"pa_yayinevi-kok-yayinevi","10":"pa_yazar-damla-ayzeren","12":"first","13":"instock","14":"sale","15":"shipping-taxable","16":"purchasable","17":"product-type-simple"},"_links":{"self":[{"href":"https:\/\/roveyayinevi.com.tr\/index.php\/wp-json\/wp\/v2\/product\/690459","targetHints":{"allow":["GET"]}}],"collection":[{"href":"https:\/\/roveyayinevi.com.tr\/index.php\/wp-json\/wp\/v2\/product"}],"about":[{"href":"https:\/\/roveyayinevi.com.tr\/index.php\/wp-json\/wp\/v2\/types\/product"}],"wp:attachment":[{"href":"https:\/\/roveyayinevi.com.tr\/index.php\/wp-json\/wp\/v2\/media?parent=690459"}],"wp:term":[{"taxonomy":"product_brand","embeddable":true,"href":"https:\/\/roveyayinevi.com.tr\/index.php\/wp-json\/wp\/v2\/product_brand?post=690459"},{"taxonomy":"product_cat","embeddable":true,"href":"https:\/\/roveyayinevi.com.tr\/index.php\/wp-json\/wp\/v2\/product_cat?post=690459"},{"taxonomy":"product_tag","embeddable":true,"href":"https:\/\/roveyayinevi.com.tr\/index.php\/wp-json\/wp\/v2\/product_tag?post=690459"}],"curies":[{"name":"wp","href":"https:\/\/api.w.org\/{rel}","templated":true}]}}