{"id":690452,"date":"2025-08-27T13:51:50","date_gmt":"2025-08-27T10:51:50","guid":{"rendered":"https:\/\/roveyayinevi.com.tr\/index.php\/urun\/peri-masali-derin-orman\/"},"modified":"2026-04-16T01:59:57","modified_gmt":"2026-04-15T22:59:57","slug":"peri-masali-derin-orman","status":"publish","type":"product","link":"https:\/\/roveyayinevi.com.tr\/index.php\/urun\/peri-masali-derin-orman\/","title":{"rendered":"Peri Masal\u0131 Derin Orman"},"content":{"rendered":"<p>Peri Masal\u0131 n\u0131n birbirinden ilgin\u00e7 karakterleri sizi Derin Orman\u0131 ke\u015ffetmeye davet ediyor! Peri Masal\u0131; neyi nas\u0131l \u00f6\u011frenece\u011fine kendisi karar veren, se\u00e7im yapan, d\u00fc\u015f\u00fcnen, g\u00fclmeyi ve dost olmay\u0131 seven t\u00fcm \u00e7ocuklar\u0131 perilerin s\u0131rda\u015f\u0131 olmaya \u00e7a\u011f\u0131r\u0131rken hayal d\u00fcnyas\u0131n\u0131n kap\u0131lar\u0131n\u0131 aral\u0131yor. Olaylar perilerin ya\u015fad\u0131\u011f\u0131 bir ormanda ge\u00e7iyor ama bu orman\u0131n yerini kimse bilmiyor. \u00c7ocuklar perilerle e\u011flenirken onlar\u0131n s\u0131rlar\u0131na ortak oluyor, bir yandan merakland\u0131r\u0131rken di\u011fer yandan d\u00fc\u015f\u00fcnd\u00fcr\u00fcyor. Yeti\u015fkin d\u00fcnyas\u0131ndaki \u00e7ocuklara kendi ormanlar\u0131na sahip \u00e7\u0131kmay\u0131 \u00f6\u011fretiyor. Hayal g\u00fcc\u00fc olan her yarat\u0131c\u0131 \u00e7ocuk Peri Masal\u0131 n\u0131 okumal\u0131. \u00c7ocu\u011funuza ger\u00e7ek ya\u015famda bir d\u00fc\u015f bah\u00e7esi sunmak istiyorsan\u0131z, ona bir Peri Masal\u0131 arma\u011fan edin. Her \u00e7ocu\u011fun bir Peri Masal\u0131 olmal\u0131! <\/p>\n","protected":false},"excerpt":{"rendered":"<p>Peri Masal\u0131 n\u0131n birbirinden ilgin\u00e7 karakterleri sizi Derin Orman\u0131 ke\u015ffetmeye davet ediyor! Peri Masal\u0131; neyi nas\u0131l \u00f6\u011frenece\u011fine kendisi karar veren, se\u00e7im yapan, d\u00fc\u015f\u00fcnen, g\u00fclmeyi ve dost<span class=\"excerpt-hellip\"> [\u2026]<\/span><\/p>\n","protected":false},"featured_media":0,"template":"","meta":{"_monsterinsights_skip_tracking":false,"_monsterinsights_sitenote_active":false,"_monsterinsights_sitenote_note":"","_monsterinsights_sitenote_category":0},"product_brand":[],"product_cat":[12275,12274],"product_tag":[],"class_list":{"0":"post-690452","1":"product","2":"type-product","3":"status-publish","5":"product_cat-6-12-yas-kitaplari","6":"product_cat-cocuk-ve-genclik-kitaplari","7":"pa_cilt-ciltsiz","8":"pa_tur-kitap","9":"pa_yayinevi-kok-yayinevi","10":"pa_yazar-nihan-temiz","12":"first","13":"instock","14":"sale","15":"shipping-taxable","16":"purchasable","17":"product-type-simple"},"_links":{"self":[{"href":"https:\/\/roveyayinevi.com.tr\/index.php\/wp-json\/wp\/v2\/product\/690452","targetHints":{"allow":["GET"]}}],"collection":[{"href":"https:\/\/roveyayinevi.com.tr\/index.php\/wp-json\/wp\/v2\/product"}],"about":[{"href":"https:\/\/roveyayinevi.com.tr\/index.php\/wp-json\/wp\/v2\/types\/product"}],"wp:attachment":[{"href":"https:\/\/roveyayinevi.com.tr\/index.php\/wp-json\/wp\/v2\/media?parent=690452"}],"wp:term":[{"taxonomy":"product_brand","embeddable":true,"href":"https:\/\/roveyayinevi.com.tr\/index.php\/wp-json\/wp\/v2\/product_brand?post=690452"},{"taxonomy":"product_cat","embeddable":true,"href":"https:\/\/roveyayinevi.com.tr\/index.php\/wp-json\/wp\/v2\/product_cat?post=690452"},{"taxonomy":"product_tag","embeddable":true,"href":"https:\/\/roveyayinevi.com.tr\/index.php\/wp-json\/wp\/v2\/product_tag?post=690452"}],"curies":[{"name":"wp","href":"https:\/\/api.w.org\/{rel}","templated":true}]}}