{"id":690450,"date":"2025-08-27T13:51:50","date_gmt":"2025-08-27T10:51:50","guid":{"rendered":"https:\/\/roveyayinevi.com.tr\/index.php\/urun\/buyucu\/"},"modified":"2026-04-16T01:59:57","modified_gmt":"2026-04-15T22:59:57","slug":"buyucu","status":"publish","type":"product","link":"https:\/\/roveyayinevi.com.tr\/index.php\/urun\/buyucu\/","title":{"rendered":"B\u00fcy\u00fcc\u00fc"},"content":{"rendered":"<p>\u00c7a\u011f\u0131n\u0131n yar\u0131-entelekt\u00fcel bunal\u0131mlar\u0131n\u0131 ge\u00e7irmekte olan, Oxford mezunu Nicholas Urfe, \u0130ngiltere\u2019nin kasvetinden ve a\u015fktan ka\u00e7mak i\u00e7in \u00fccra bir Yunan adas\u0131na \u0130ngilizce \u00f6\u011fretmeni olarak gider. Tek ba\u015f\u0131na s\u0131k\u0131nt\u0131l\u0131 g\u00fcnler ge\u00e7irdi\u011fi, \u015fair oldu\u011funa dair hayallerinin de suya d\u00fc\u015ft\u00fc\u011f\u00fc bir s\u0131rada, gizemli milyoner Conchis ile tan\u0131\u015f\u0131r&#8230; B\u00fcy\u00fcc\u00fc insan zihninin labirentlerinde dola\u015fan metafizik bir e\u011flence trenidir adeta. Bu labirentlerde ger\u00e7eklikle sanr\u0131 aras\u0131ndaki gri b\u00f6lge kahraman\u0131m\u0131zca ihlal edilir. Birbiri ard\u0131na geli\u015fen \u00fcrk\u00fct\u00fcc\u00fc olaylar\u0131n, a\u015fk ve ihanetin sonucunda Urfe, ba\u015fta kendi ak\u0131l sa\u011fl\u0131\u011f\u0131 olmak \u00fczere, her \u015feyden \u015f\u00fcphelenir bir duruma gelir. Mitolojik \u00f6\u011felere ve Shakespeare\u2019in \u00fcnl\u00fc oyunu F\u0131rt\u0131na\u2019ya \u00e7e\u015fitli g\u00f6ndermelerin yap\u0131ld\u0131\u011f\u0131 hik\u00e2yede John Fowles usta anlat\u0131m\u0131yla sava\u015f\u0131n ac\u0131mas\u0131zl\u0131\u011f\u0131n\u0131, bir Akdeniz adas\u0131n\u0131n dinginli\u011fini, insan zihninin karma\u015f\u0131k yap\u0131s\u0131n\u0131, kad\u0131n-erkek ili\u015fkisinin do\u011fas\u0131n\u0131, Tanr\u0131 ve \u00f6zg\u00fcrl\u00fck kavramlar\u0131n\u0131 irdeler.<\/p>\n","protected":false},"excerpt":{"rendered":"<p>\u00c7a\u011f\u0131n\u0131n yar\u0131-entelekt\u00fcel bunal\u0131mlar\u0131n\u0131 ge\u00e7irmekte olan, Oxford mezunu Nicholas Urfe, \u0130ngiltere\u2019nin kasvetinden ve a\u015fktan ka\u00e7mak i\u00e7in \u00fccra bir Yunan adas\u0131na \u0130ngilizce \u00f6\u011fretmeni olarak gider. Tek ba\u015f\u0131na s\u0131k\u0131nt\u0131l\u0131<span class=\"excerpt-hellip\"> [\u2026]<\/span><\/p>\n","protected":false},"featured_media":0,"template":"","meta":{"_monsterinsights_skip_tracking":false,"_monsterinsights_sitenote_active":false,"_monsterinsights_sitenote_note":"","_monsterinsights_sitenote_category":0},"product_brand":[],"product_cat":[12291,12866],"product_tag":[],"class_list":{"0":"post-690450","1":"product","2":"type-product","3":"status-publish","5":"product_cat-edebiyat","6":"product_cat-ingiliz-edebiyati","7":"pa_cilt-ciltsiz","8":"pa_tur-kitap","9":"pa_yayinevi-ayrinti-yayinlari","10":"pa_yazar-john-fowles","12":"first","13":"instock","14":"sale","15":"shipping-taxable","16":"purchasable","17":"product-type-simple"},"_links":{"self":[{"href":"https:\/\/roveyayinevi.com.tr\/index.php\/wp-json\/wp\/v2\/product\/690450","targetHints":{"allow":["GET"]}}],"collection":[{"href":"https:\/\/roveyayinevi.com.tr\/index.php\/wp-json\/wp\/v2\/product"}],"about":[{"href":"https:\/\/roveyayinevi.com.tr\/index.php\/wp-json\/wp\/v2\/types\/product"}],"wp:attachment":[{"href":"https:\/\/roveyayinevi.com.tr\/index.php\/wp-json\/wp\/v2\/media?parent=690450"}],"wp:term":[{"taxonomy":"product_brand","embeddable":true,"href":"https:\/\/roveyayinevi.com.tr\/index.php\/wp-json\/wp\/v2\/product_brand?post=690450"},{"taxonomy":"product_cat","embeddable":true,"href":"https:\/\/roveyayinevi.com.tr\/index.php\/wp-json\/wp\/v2\/product_cat?post=690450"},{"taxonomy":"product_tag","embeddable":true,"href":"https:\/\/roveyayinevi.com.tr\/index.php\/wp-json\/wp\/v2\/product_tag?post=690450"}],"curies":[{"name":"wp","href":"https:\/\/api.w.org\/{rel}","templated":true}]}}