{"id":690448,"date":"2025-08-27T13:51:50","date_gmt":"2025-08-27T10:51:50","guid":{"rendered":"https:\/\/roveyayinevi.com.tr\/index.php\/urun\/efsane-guzeller\/"},"modified":"2026-04-16T01:59:57","modified_gmt":"2026-04-15T22:59:57","slug":"efsane-guzeller","status":"publish","type":"product","link":"https:\/\/roveyayinevi.com.tr\/index.php\/urun\/efsane-guzeller\/","title":{"rendered":"Efsane G\u00fczeller"},"content":{"rendered":"<p>\u015eiir g\u00f6r\u00fclmez; ancak kalbe do\u011fabilir. Kalpleri titreten de, \u00e7izik \u00e7izik eden veya s\u00fcsleyen de bir hissin ilham\u0131d\u0131r genellikle; bir zaman\u0131n ak\u0131\u015f\u0131, bir ruh s\u0131k\u0131nt\u0131s\u0131 yahut bir hazz\u0131n co\u015fmas\u0131d\u0131r. Heykel gibi, resim gibi b\u00fct\u00fcne dayal\u0131 bir sanata d\u00f6n\u00fc\u015f\u00fcveriyorsa s\u00f6z, ad\u0131 divan \u015fiiridir onun. O \u015fiir, soyut olan\u0131n pe\u015finde ko\u015farken somut olan\u0131 \u00f6rnek g\u00f6sterir; duygu i\u00e7in maddeyi, i\u00e7sellik ad\u0131na \u00e7evreyi kullan\u0131r ve lirizmi anlat\u0131rken de Leyla\u2019lardan, \u015eirin\u2019lerden, Azra\u2019lardan dem vurup onlar\u0131n yolunda Kays\u2019lar\u0131, Ferhat\u2019lar\u0131, Vam\u0131k\u2019lar\u0131 da\u011flar delisine \u00e7evirir. \u015eair ise beyit denen s\u00f6z katmanlar\u0131 aras\u0131nda ince sanatk\u00e2rlar\u0131n izini s\u00fcrerken evvelce s\u00f6ylenenleri bilmek ve evvelce s\u00f6ylenenleri ge\u00e7mek zorunda hisseder kendisini, hayallerini ve d\u00fc\u015f\u00fcncelerini derinle\u015ftirdik\u00e7e derinle\u015ftirip giyindirir d\u00fc\u015f\u00fcncelerine<\/p>\n","protected":false},"excerpt":{"rendered":"<p>\u015eiir g\u00f6r\u00fclmez; ancak kalbe do\u011fabilir. Kalpleri titreten de, \u00e7izik \u00e7izik eden veya s\u00fcsleyen de bir hissin ilham\u0131d\u0131r genellikle; bir zaman\u0131n ak\u0131\u015f\u0131, bir ruh s\u0131k\u0131nt\u0131s\u0131 yahut bir<span class=\"excerpt-hellip\"> [\u2026]<\/span><\/p>\n","protected":false},"featured_media":0,"template":"","meta":{"_monsterinsights_skip_tracking":false,"_monsterinsights_sitenote_active":false,"_monsterinsights_sitenote_note":"","_monsterinsights_sitenote_category":0},"product_brand":[],"product_cat":[12291,12509],"product_tag":[],"class_list":{"0":"post-690448","1":"product","2":"type-product","3":"status-publish","5":"product_cat-edebiyat","6":"product_cat-siir","7":"pa_cilt-ciltsiz","8":"pa_tur-kitap","9":"pa_yayinevi-kapi-yayinlari","10":"pa_yazar-iskender-pala","12":"first","13":"instock","14":"sale","15":"shipping-taxable","16":"purchasable","17":"product-type-simple"},"_links":{"self":[{"href":"https:\/\/roveyayinevi.com.tr\/index.php\/wp-json\/wp\/v2\/product\/690448","targetHints":{"allow":["GET"]}}],"collection":[{"href":"https:\/\/roveyayinevi.com.tr\/index.php\/wp-json\/wp\/v2\/product"}],"about":[{"href":"https:\/\/roveyayinevi.com.tr\/index.php\/wp-json\/wp\/v2\/types\/product"}],"wp:attachment":[{"href":"https:\/\/roveyayinevi.com.tr\/index.php\/wp-json\/wp\/v2\/media?parent=690448"}],"wp:term":[{"taxonomy":"product_brand","embeddable":true,"href":"https:\/\/roveyayinevi.com.tr\/index.php\/wp-json\/wp\/v2\/product_brand?post=690448"},{"taxonomy":"product_cat","embeddable":true,"href":"https:\/\/roveyayinevi.com.tr\/index.php\/wp-json\/wp\/v2\/product_cat?post=690448"},{"taxonomy":"product_tag","embeddable":true,"href":"https:\/\/roveyayinevi.com.tr\/index.php\/wp-json\/wp\/v2\/product_tag?post=690448"}],"curies":[{"name":"wp","href":"https:\/\/api.w.org\/{rel}","templated":true}]}}