{"id":690447,"date":"2025-08-27T13:51:49","date_gmt":"2025-08-27T10:51:49","guid":{"rendered":"https:\/\/roveyayinevi.com.tr\/index.php\/urun\/dusunce-duslenir\/"},"modified":"2026-02-26T02:01:47","modified_gmt":"2026-02-25T23:01:47","slug":"dusunce-duslenir","status":"publish","type":"product","link":"https:\/\/roveyayinevi.com.tr\/index.php\/urun\/dusunce-duslenir\/","title":{"rendered":"D\u00fc\u015f\u00fcnce D\u00fc\u015flenir"},"content":{"rendered":"<p>O\u011flunun kendisine birka\u00e7 saat evvel sat\u0131n alm\u0131\u015f oldu\u011fu \u015fapkas\u0131yla birlikte trenin penceresinden ba\u015f\u0131n\u0131 d\u0131\u015far\u0131 \u00e7\u0131kar\u0131p sarkt\u0131\u011f\u0131n\u0131 g\u00f6ren baba, birka\u00e7 kez o\u011flunu ikaz etmi\u015f i\u00e7eri girmesi i\u00e7in. Fakat k\u00fc\u00e7\u00fck afacan babas\u0131n\u0131n uyar\u0131lar\u0131n\u0131 duymazl\u0131ktan gelip r\u00fczg\u00e2rla aras\u0131ndaki oyuna devam etmi\u015f; baba ne kadar O\u011flum yapma, i\u00e7eri gir, \u015fapkan\u0131 d\u00fc\u015f\u00fcreceksin, dediyse de k\u00fc\u00e7\u00fck afacan\u0131 ikna etmesi m\u00fcmk\u00fcn olmam\u0131\u015f. En nihayet sabr\u0131 t\u00fckenen baba, \u00e7ocu\u011fun fark edemeyece\u011fi bir \u015fekilde ba\u015f\u0131ndan \u015fapkay\u0131 kap\u0131p Bak g\u00f6rd\u00fcn m\u00fc? demi\u015f; Ben seni uyarm\u0131\u015ft\u0131m, i\u015fte sonunda \u015fapkan\u0131 d\u00fc\u015f\u00fcrd\u00fcn! \u015eapkas\u0131n\u0131 kaybetti\u011fini sanan \u00e7ocuk tabii bu duruma \u00e7ok \u00fcz\u00fclm\u00fc\u015f ve g\u00f6z\u00fcnde iki damla ya\u015fla tam da mahzun mahzun yerine oturacakken, babas\u0131, elinde tuttu\u011fu \u015fapkay\u0131 ona g\u00f6sterip Al \u015fu \u015fapkan\u0131 bakal\u0131m. Fakat bir daha da sak\u0131n trenin penceresinden ba\u015f\u0131n\u0131 \u00e7\u0131kar\u0131p sarkma, olur mu? diye o\u011fluna tenbihte bulunmu\u015f. \u00c7ocuk babas\u0131n\u0131n elinden sevin\u00e7le \u015fapkas\u0131n\u0131 al\u0131p bir s\u00fcre uslu uslu oturmu\u015f. Ve \u00e7ok ge\u00e7meden tekrar pencereye ko\u015fmu\u015f; heyecanla \u015fapkas\u0131n\u0131 d\u0131\u015far\u0131 f\u0131rlatt\u0131ktan sonra babas\u0131na yalvaran g\u00f6zlerle bak\u0131p \u015f\u00f6yle demi\u015f: Babac\u0131\u011f\u0131m! N\u2019olur, demin yapt\u0131\u011f\u0131n\u0131n ayn\u0131s\u0131n\u0131 bir daha yapsana! \ufffcTan\u0131t\u0131m Metni<\/p>\n","protected":false},"excerpt":{"rendered":"<p>O\u011flunun kendisine birka\u00e7 saat evvel sat\u0131n alm\u0131\u015f oldu\u011fu \u015fapkas\u0131yla birlikte trenin penceresinden ba\u015f\u0131n\u0131 d\u0131\u015far\u0131 \u00e7\u0131kar\u0131p sarkt\u0131\u011f\u0131n\u0131 g\u00f6ren baba, birka\u00e7 kez o\u011flunu ikaz etmi\u015f i\u00e7eri girmesi i\u00e7in.<span class=\"excerpt-hellip\"> [\u2026]<\/span><\/p>\n","protected":false},"featured_media":0,"template":"","meta":{"_monsterinsights_skip_tracking":false,"_monsterinsights_sitenote_active":false,"_monsterinsights_sitenote_note":"","_monsterinsights_sitenote_category":0},"product_brand":[],"product_cat":[12777,12291],"product_tag":[],"class_list":{"0":"post-690447","1":"product","2":"type-product","3":"status-publish","5":"product_cat-deneme","6":"product_cat-edebiyat","7":"pa_cilt-ciltsiz","8":"pa_tur-kitap","9":"pa_yayinevi-kapi-yayinlari","10":"pa_yazar-ducane-cundioglu","12":"first","13":"instock","14":"sale","15":"shipping-taxable","16":"purchasable","17":"product-type-simple"},"_links":{"self":[{"href":"https:\/\/roveyayinevi.com.tr\/index.php\/wp-json\/wp\/v2\/product\/690447","targetHints":{"allow":["GET"]}}],"collection":[{"href":"https:\/\/roveyayinevi.com.tr\/index.php\/wp-json\/wp\/v2\/product"}],"about":[{"href":"https:\/\/roveyayinevi.com.tr\/index.php\/wp-json\/wp\/v2\/types\/product"}],"wp:attachment":[{"href":"https:\/\/roveyayinevi.com.tr\/index.php\/wp-json\/wp\/v2\/media?parent=690447"}],"wp:term":[{"taxonomy":"product_brand","embeddable":true,"href":"https:\/\/roveyayinevi.com.tr\/index.php\/wp-json\/wp\/v2\/product_brand?post=690447"},{"taxonomy":"product_cat","embeddable":true,"href":"https:\/\/roveyayinevi.com.tr\/index.php\/wp-json\/wp\/v2\/product_cat?post=690447"},{"taxonomy":"product_tag","embeddable":true,"href":"https:\/\/roveyayinevi.com.tr\/index.php\/wp-json\/wp\/v2\/product_tag?post=690447"}],"curies":[{"name":"wp","href":"https:\/\/api.w.org\/{rel}","templated":true}]}}