{"id":690442,"date":"2025-08-27T13:51:48","date_gmt":"2025-08-27T10:51:48","guid":{"rendered":"https:\/\/roveyayinevi.com.tr\/index.php\/urun\/ilk-ogretim-birinci-kademede-drama-ve-etkinlikler\/"},"modified":"2026-04-16T01:59:56","modified_gmt":"2026-04-15T22:59:56","slug":"ilk-ogretim-birinci-kademede-drama-ve-etkinlikler","status":"publish","type":"product","link":"https:\/\/roveyayinevi.com.tr\/index.php\/urun\/ilk-ogretim-birinci-kademede-drama-ve-etkinlikler\/","title":{"rendered":"\u0130lk \u00d6\u011fretim Birinci Kademede Drama ve Etkinlikler"},"content":{"rendered":"<p>\u0130lk\u00f6\u011fretim birinci kademe (7-12ya\u015f), \u00e7ocu\u011fun ailesinden ilk defa ayr\u0131larak hayat m\u00fccadelesine at\u0131ld\u0131\u011f\u0131 d\u00f6nemdir. \u0130lkokula ba\u015flamak \u00e7ocuk i\u00e7in bamba\u015fka bir ya\u015fam ve ortam demektir. Bebeklik \u00e7a\u011f\u0131ndan beri \u00e7evresinde haz\u0131r buldu\u011fu \u00f6znel d\u00fcnyas\u0131ndaki anne, baba, akraba, bakkal, aile dostlar\u0131, kom\u015fular yerine, sadece kendisinin birebir muhatap olaca\u011f\u0131,\u00f6\u011fretmenler, idareciler, arkada\u015flar, aile kurallar\u0131ndan daha ciddi y\u00f6netmelikler ve ilkeler ile kar\u015f\u0131la\u015facakt\u0131r. Etkinlikler 7-12 ya\u015f d\u00f6neminin zihinsel, sosyal, fiziksel ve dilsel \u00f6zellikler g\u00f6z \u00f6n\u00fcnde bulundurularak \u00f6rneklendirilmi\u015ftir. Titizlikle haz\u0131rlanan bu eserdeki etkinlikler, medeniyet i\u00e7in bireyin kendisinin, toplumun ve evrenin problemlerini \u00e7\u00f6zebilme bak\u0131\u015f a\u00e7\u0131s\u0131 ve becerisini kazand\u0131rma amac\u0131 ta\u015f\u0131maktad\u0131r. <\/p>\n","protected":false},"excerpt":{"rendered":"<p>\u0130lk\u00f6\u011fretim birinci kademe (7-12ya\u015f), \u00e7ocu\u011fun ailesinden ilk defa ayr\u0131larak hayat m\u00fccadelesine at\u0131ld\u0131\u011f\u0131 d\u00f6nemdir. \u0130lkokula ba\u015flamak \u00e7ocuk i\u00e7in bamba\u015fka bir ya\u015fam ve ortam demektir. Bebeklik \u00e7a\u011f\u0131ndan beri<span class=\"excerpt-hellip\"> [\u2026]<\/span><\/p>\n","protected":false},"featured_media":0,"template":"","meta":{"_monsterinsights_skip_tracking":false,"_monsterinsights_sitenote_active":false,"_monsterinsights_sitenote_note":"","_monsterinsights_sitenote_category":0},"product_brand":[],"product_cat":[12312,12304],"product_tag":[],"class_list":{"0":"post-690442","1":"product","2":"type-product","3":"status-publish","5":"product_cat-diger","6":"product_cat-tarih","7":"pa_cilt-ciltsiz","8":"pa_tur-kitap","9":"pa_yayinevi-kok-yayinevi","10":"pa_yazar-mualla-murat-nuhoglu","12":"first","13":"instock","14":"sale","15":"shipping-taxable","16":"purchasable","17":"product-type-simple"},"_links":{"self":[{"href":"https:\/\/roveyayinevi.com.tr\/index.php\/wp-json\/wp\/v2\/product\/690442","targetHints":{"allow":["GET"]}}],"collection":[{"href":"https:\/\/roveyayinevi.com.tr\/index.php\/wp-json\/wp\/v2\/product"}],"about":[{"href":"https:\/\/roveyayinevi.com.tr\/index.php\/wp-json\/wp\/v2\/types\/product"}],"wp:attachment":[{"href":"https:\/\/roveyayinevi.com.tr\/index.php\/wp-json\/wp\/v2\/media?parent=690442"}],"wp:term":[{"taxonomy":"product_brand","embeddable":true,"href":"https:\/\/roveyayinevi.com.tr\/index.php\/wp-json\/wp\/v2\/product_brand?post=690442"},{"taxonomy":"product_cat","embeddable":true,"href":"https:\/\/roveyayinevi.com.tr\/index.php\/wp-json\/wp\/v2\/product_cat?post=690442"},{"taxonomy":"product_tag","embeddable":true,"href":"https:\/\/roveyayinevi.com.tr\/index.php\/wp-json\/wp\/v2\/product_tag?post=690442"}],"curies":[{"name":"wp","href":"https:\/\/api.w.org\/{rel}","templated":true}]}}