{"id":690441,"date":"2025-08-27T13:51:48","date_gmt":"2025-08-27T10:51:48","guid":{"rendered":"https:\/\/roveyayinevi.com.tr\/index.php\/urun\/2-mesrutiyetten-ingiliz-mandaterligine-irak-1908-1922\/"},"modified":"2026-04-16T01:59:56","modified_gmt":"2026-04-15T22:59:56","slug":"2-mesrutiyetten-ingiliz-mandaterligine-irak-1908-1922","status":"publish","type":"product","link":"https:\/\/roveyayinevi.com.tr\/index.php\/urun\/2-mesrutiyetten-ingiliz-mandaterligine-irak-1908-1922\/","title":{"rendered":"2. Me\u015frutiyet\u2019ten \u0130ngiliz Mandaterli\u011fine Irak (1908-1922)"},"content":{"rendered":"<p>Irak tarihi geli\u015fimi i\u00e7erisinde hi\u00e7bir Arap \u00fclkesinde g\u00f6r\u00fclmeyen eski bir medeniyete sahiptir. Neolitik \u00c7a\u011fdan beri ilk yerle\u015fim ve k\u00f6yler bu b\u00f6lgede olu\u015ftu. Dicle ve F\u0131rat nehirlerinden dolay\u0131 da ilk sulama kanallar\u0131 da bu b\u00f6lgede meydana geldi. Bu y\u00fczden n\u00fcfus artt\u0131 ve \u015fehirler kuruldu.Mimari geli\u015fti, ilk kanunlar ortaya \u00e7\u0131kt\u0131. Bu medeniyetin olu\u015fumunu M.\u00d6.3200 y\u0131llar\u0131nda bu b\u00f6lgede ami \u0131rk\u0131ndan olmayan bir milletin ya\u015fad\u0131\u011f\u0131 yap\u0131lan kaz\u0131lardan anla\u015f\u0131lmaktad\u0131r. Bu medeniyetin sahipleri yak\u0131n zamana kadar bilinmeyen \u00c7ivi yaz\u0131s\u0131n\u0131n da mucidi olan S\u00fcmerlerdir. Orta Asya k\u00f6kenli olan S\u00fcmerlerin T\u00fcrk oldu\u011fu \u00fczerinde de ciddi iddialar vard\u0131r. <\/p>\n","protected":false},"excerpt":{"rendered":"<p>Irak tarihi geli\u015fimi i\u00e7erisinde hi\u00e7bir Arap \u00fclkesinde g\u00f6r\u00fclmeyen eski bir medeniyete sahiptir. Neolitik \u00c7a\u011fdan beri ilk yerle\u015fim ve k\u00f6yler bu b\u00f6lgede olu\u015ftu. Dicle ve F\u0131rat nehirlerinden<span class=\"excerpt-hellip\"> [\u2026]<\/span><\/p>\n","protected":false},"featured_media":0,"template":"","meta":{"_monsterinsights_skip_tracking":false,"_monsterinsights_sitenote_active":false,"_monsterinsights_sitenote_note":"","_monsterinsights_sitenote_category":0},"product_brand":[],"product_cat":[12312,12304],"product_tag":[],"class_list":{"0":"post-690441","1":"product","2":"type-product","3":"status-publish","5":"product_cat-diger","6":"product_cat-tarih","7":"pa_tur-kitap","8":"pa_yayinevi-berikan-yayinlari","9":"pa_yazar-selcuk-duman","11":"first","12":"instock","13":"sale","14":"shipping-taxable","15":"purchasable","16":"product-type-simple"},"_links":{"self":[{"href":"https:\/\/roveyayinevi.com.tr\/index.php\/wp-json\/wp\/v2\/product\/690441","targetHints":{"allow":["GET"]}}],"collection":[{"href":"https:\/\/roveyayinevi.com.tr\/index.php\/wp-json\/wp\/v2\/product"}],"about":[{"href":"https:\/\/roveyayinevi.com.tr\/index.php\/wp-json\/wp\/v2\/types\/product"}],"wp:attachment":[{"href":"https:\/\/roveyayinevi.com.tr\/index.php\/wp-json\/wp\/v2\/media?parent=690441"}],"wp:term":[{"taxonomy":"product_brand","embeddable":true,"href":"https:\/\/roveyayinevi.com.tr\/index.php\/wp-json\/wp\/v2\/product_brand?post=690441"},{"taxonomy":"product_cat","embeddable":true,"href":"https:\/\/roveyayinevi.com.tr\/index.php\/wp-json\/wp\/v2\/product_cat?post=690441"},{"taxonomy":"product_tag","embeddable":true,"href":"https:\/\/roveyayinevi.com.tr\/index.php\/wp-json\/wp\/v2\/product_tag?post=690441"}],"curies":[{"name":"wp","href":"https:\/\/api.w.org\/{rel}","templated":true}]}}