{"id":690440,"date":"2025-08-27T13:51:48","date_gmt":"2025-08-27T10:51:48","guid":{"rendered":"https:\/\/roveyayinevi.com.tr\/index.php\/urun\/bizi-biz-yapan-hikayeler\/"},"modified":"2026-04-16T01:59:56","modified_gmt":"2026-04-15T22:59:56","slug":"bizi-biz-yapan-hikayeler","status":"publish","type":"product","link":"https:\/\/roveyayinevi.com.tr\/index.php\/urun\/bizi-biz-yapan-hikayeler\/","title":{"rendered":"Bizi &#8220;Biz&#8221; Yapan Hikayeler"},"content":{"rendered":"<p>Bize kendi \u201chayat hik\u00e2yesi\u201dnden s\u00f6z eden biriyle kar\u015f\u0131la\u015f\u0131nca \u015fa\u015f\u0131rm\u0131yoruz. Herkesin bir hik\u00e2yesi oldu\u011fu \u00f6ylesine tan\u0131d\u0131k ki bize, \u015fa\u015f\u0131rmam\u0131z i\u00e7in bir neden yok. \u00dczerinde d\u015f\u00fcnmeye de\u011fer bulmad\u0131\u011f\u0131m\u0131z bir kavram bu; ilgi \u00e7ekici bile de\u011fil. Randall, i\u015fte bu beylik e\u011fretilemenin \u00fczerine bir b\u00fcy\u00fcte\u00e7 tutarak oyunu bozuyor. Roman\/hik\u00e2ye karakterlerinin psikolojik tahlillere konu edilmesine al\u0131\u015f\u0131\u011f\u0131z; ama Randall bu al\u0131\u015fkanl\u0131\u011f\u0131 tersy\u00fcz edip \u201cger\u00e7ek karakterler\u201di edebiyat\u0131n \u201ckurmaca\u201d d\u00fcnyas\u0131na sokuyor. <\/p>\n","protected":false},"excerpt":{"rendered":"<p>Bize kendi \u201chayat hik\u00e2yesi\u201dnden s\u00f6z eden biriyle kar\u015f\u0131la\u015f\u0131nca \u015fa\u015f\u0131rm\u0131yoruz. Herkesin bir hik\u00e2yesi oldu\u011fu \u00f6ylesine tan\u0131d\u0131k ki bize, \u015fa\u015f\u0131rmam\u0131z i\u00e7in bir neden yok. \u00dczerinde d\u015f\u00fcnmeye de\u011fer bulmad\u0131\u011f\u0131m\u0131z<span class=\"excerpt-hellip\"> [\u2026]<\/span><\/p>\n","protected":false},"featured_media":0,"template":"","meta":{"_monsterinsights_skip_tracking":false,"_monsterinsights_sitenote_active":false,"_monsterinsights_sitenote_note":"","_monsterinsights_sitenote_category":0},"product_brand":[],"product_cat":[13633,12324],"product_tag":[],"class_list":{"0":"post-690440","1":"product","2":"type-product","3":"status-publish","5":"product_cat-kultur-ve-bilim","6":"product_cat-sosyoloji","7":"pa_cilt-ciltsiz","8":"pa_tur-kitap","9":"pa_yayinevi-ayrinti-yayinlari","10":"pa_yazar-william-lowell-randall","12":"first","13":"instock","14":"sale","15":"shipping-taxable","16":"purchasable","17":"product-type-simple"},"_links":{"self":[{"href":"https:\/\/roveyayinevi.com.tr\/index.php\/wp-json\/wp\/v2\/product\/690440","targetHints":{"allow":["GET"]}}],"collection":[{"href":"https:\/\/roveyayinevi.com.tr\/index.php\/wp-json\/wp\/v2\/product"}],"about":[{"href":"https:\/\/roveyayinevi.com.tr\/index.php\/wp-json\/wp\/v2\/types\/product"}],"wp:attachment":[{"href":"https:\/\/roveyayinevi.com.tr\/index.php\/wp-json\/wp\/v2\/media?parent=690440"}],"wp:term":[{"taxonomy":"product_brand","embeddable":true,"href":"https:\/\/roveyayinevi.com.tr\/index.php\/wp-json\/wp\/v2\/product_brand?post=690440"},{"taxonomy":"product_cat","embeddable":true,"href":"https:\/\/roveyayinevi.com.tr\/index.php\/wp-json\/wp\/v2\/product_cat?post=690440"},{"taxonomy":"product_tag","embeddable":true,"href":"https:\/\/roveyayinevi.com.tr\/index.php\/wp-json\/wp\/v2\/product_tag?post=690440"}],"curies":[{"name":"wp","href":"https:\/\/api.w.org\/{rel}","templated":true}]}}