{"id":690439,"date":"2025-08-27T13:51:48","date_gmt":"2025-08-27T10:51:48","guid":{"rendered":"https:\/\/roveyayinevi.com.tr\/index.php\/urun\/bir-son-duygusu\/"},"modified":"2026-04-16T01:59:56","modified_gmt":"2026-04-15T22:59:56","slug":"bir-son-duygusu","status":"publish","type":"product","link":"https:\/\/roveyayinevi.com.tr\/index.php\/urun\/bir-son-duygusu\/","title":{"rendered":"Bir Son Duygusu"},"content":{"rendered":"<p>Bir Son Duygusu, Julian Barnes\u2019\u0131n yazarl\u0131\u011f\u0131n\u0131n gitgide ba\u015fat \u00f6\u011fesi haline gelmi\u015f olan \u201dan\u0131msama yoluyla hayat\u0131 irdeleme\u201d izle\u011finin \u00e7arp\u0131c\u0131 bir a\u00e7\u0131l\u0131m\u0131yla ba\u015fl\u0131yor. Hik\u00e2yenin ana kahraman\u0131 Tony Webster, k\u0131rk y\u0131l \u00f6nce ya\u015fad\u0131\u011f\u0131 baz\u0131 olaylar\u0131 an\u0131msar ve onlar\u0131 zihninde geli\u015fig\u00fczel bir s\u0131raya dizer. Ne var ki, ba\u015flang\u0131\u00e7ta s\u0131radan bir \u015feymi\u015f gibi g\u00f6r\u00fcnen bu an\u0131msama edimi, Tony Webster\u2019\u0131n kendisine bir g\u00fcnce b\u0131rak\u0131ld\u0131\u011f\u0131n\u0131 \u00f6\u011frenmesiyle birlikte, kahraman\u0131n hayat\u0131n\u0131 durmadan sorgulad\u0131\u011f\u0131 ve sonunda kendi ki\u015fili\u011fine ili\u015fkin son derece karamsar sonu\u00e7lara varaca\u011f\u0131 ac\u0131mas\u0131z bir kimlik aray\u0131\u015f\u0131na d\u00f6n\u00fc\u015fecektir. Emekli bir tarih\u00e7i olan ve \u015fimdi pek etliye s\u00fctl\u00fcye kar\u0131\u015fmadan, hayat\u0131n\u0131 tek ba\u015f\u0131na s\u00fcrd\u00fcren Tony Webster, ge\u00e7mi\u015finde bir kez evlenip bo\u015fanm\u0131\u015ft\u0131r; Susie ad\u0131nda, iyi anla\u015ft\u0131\u011f\u0131n\u0131 s\u00f6yledi\u011fi yeti\u015fkin bir k\u0131z\u0131 vard\u0131r. G\u00fcn\u00fcn birinde, bir avukattan ald\u0131\u011f\u0131 bir e-postayla, k\u0131rk y\u0131l \u00f6nceki k\u0131z arkada\u015f\u0131 Veronica Ford\u2019un annesinin ona vasiyetinde bir g\u00fcnce b\u0131rakm\u0131\u015f oldu\u011funu \u00f6\u011frenir ve \u00e7ok \u015fa\u015f\u0131r\u0131r. G\u00fcncenin ger\u00e7ek sahibiyse k\u0131rk y\u0131l \u00f6nce birlikte ayn\u0131 okula gitti\u011fi, bir\u00e7ok ya\u015fant\u0131y\u0131 ve fikri payla\u015ft\u0131\u011f\u0131 ama ne yaz\u0131k ki sonunda, k\u0131z arkada\u015f\u0131 Veronica\u2019y\u0131 elinden al\u0131p sonra da beklenmedik bir \u015fekilde \u201dsahneden \u00e7ekilmi\u015f\u201d olan Adrian Finn\u2019dir. Aralar\u0131nda ge\u00e7en olumsuzluklara kar\u015f\u0131n, zek\u00e2s\u0131na ve hayat\u0131 derinlemesine kavray\u0131\u015f\u0131na b\u00fcy\u00fck hayranl\u0131k duydu\u011funu s\u00f6yledi\u011fi ve evet, art\u0131k \u201dsahnede olmayan\u201d Adrian Finn\u2026Tony Webster, kendisine ait oldu\u011funu ileri s\u00fcrd\u00fc\u011f\u00fc bu g\u00fcnceyi, Veronica\u2019n\u0131n kendisinden ister ancak Veronica, onun bu iste\u011fini yerine getirmeye yana\u015fmaz. Birka\u00e7 kez bulu\u015furlar ve her bulu\u015fmalar\u0131nda, Veronica\u2019n\u0131n keskin s\u00f6zlerinin y\u00fcz\u00fcnde patlad\u0131\u011f\u0131n\u0131 hisseder: \u201dAnlam\u0131yorsun i\u015fte. Hi\u00e7bir zaman anlamad\u0131n ve asla da anlamayacaks\u0131n!\u201d Tony Webster\u2019\u0131n bir t\u00fcrl\u00fc anlayamad\u0131\u011f\u0131 \u015fey nedir? Tony\u2019nin hayatla ne al\u0131p veremedi\u011fi vard\u0131r? Yoksa, hik\u00e2yesinin sonunda ac\u0131 bir \u015fekilde d\u00fc\u015f\u00fcnd\u00fc\u011f\u00fc gibi, her yerde \u201dkarga\u015fa\u201d m\u0131 vard\u0131r? <\/p>\n","protected":false},"excerpt":{"rendered":"<p>Bir Son Duygusu, Julian Barnes\u2019\u0131n yazarl\u0131\u011f\u0131n\u0131n gitgide ba\u015fat \u00f6\u011fesi haline gelmi\u015f olan \u201dan\u0131msama yoluyla hayat\u0131 irdeleme\u201d izle\u011finin \u00e7arp\u0131c\u0131 bir a\u00e7\u0131l\u0131m\u0131yla ba\u015fl\u0131yor. Hik\u00e2yenin ana kahraman\u0131 Tony Webster,<span class=\"excerpt-hellip\"> [\u2026]<\/span><\/p>\n","protected":false},"featured_media":0,"template":"","meta":{"_monsterinsights_skip_tracking":false,"_monsterinsights_sitenote_active":false,"_monsterinsights_sitenote_note":"","_monsterinsights_sitenote_category":0},"product_brand":[],"product_cat":[12291,12866],"product_tag":[],"class_list":{"0":"post-690439","1":"product","2":"type-product","3":"status-publish","5":"product_cat-edebiyat","6":"product_cat-ingiliz-edebiyati","7":"pa_cilt-ciltsiz","8":"pa_tur-kitap","9":"pa_yayinevi-ayrinti-yayinlari","10":"pa_yazar-julian-barnes","12":"first","13":"instock","14":"sale","15":"shipping-taxable","16":"purchasable","17":"product-type-simple"},"_links":{"self":[{"href":"https:\/\/roveyayinevi.com.tr\/index.php\/wp-json\/wp\/v2\/product\/690439","targetHints":{"allow":["GET"]}}],"collection":[{"href":"https:\/\/roveyayinevi.com.tr\/index.php\/wp-json\/wp\/v2\/product"}],"about":[{"href":"https:\/\/roveyayinevi.com.tr\/index.php\/wp-json\/wp\/v2\/types\/product"}],"wp:attachment":[{"href":"https:\/\/roveyayinevi.com.tr\/index.php\/wp-json\/wp\/v2\/media?parent=690439"}],"wp:term":[{"taxonomy":"product_brand","embeddable":true,"href":"https:\/\/roveyayinevi.com.tr\/index.php\/wp-json\/wp\/v2\/product_brand?post=690439"},{"taxonomy":"product_cat","embeddable":true,"href":"https:\/\/roveyayinevi.com.tr\/index.php\/wp-json\/wp\/v2\/product_cat?post=690439"},{"taxonomy":"product_tag","embeddable":true,"href":"https:\/\/roveyayinevi.com.tr\/index.php\/wp-json\/wp\/v2\/product_tag?post=690439"}],"curies":[{"name":"wp","href":"https:\/\/api.w.org\/{rel}","templated":true}]}}