{"id":690438,"date":"2025-08-27T13:51:48","date_gmt":"2025-08-27T10:51:48","guid":{"rendered":"https:\/\/roveyayinevi.com.tr\/index.php\/urun\/kuyrugu-zip-zip-kanguru\/"},"modified":"2026-04-16T01:59:56","modified_gmt":"2026-04-15T22:59:56","slug":"kuyrugu-zip-zip-kanguru","status":"publish","type":"product","link":"https:\/\/roveyayinevi.com.tr\/index.php\/urun\/kuyrugu-zip-zip-kanguru\/","title":{"rendered":"Kuyru\u011fu Z\u0131p Z\u0131p Kanguru"},"content":{"rendered":"<p>Ormanistan, hayvanlar \u00fclkesi. Hem d\u00fc\u015f hem de ger\u00e7ek. Ormanistan\u0131n hayvanlar\u0131 da insan gibi d\u00fc\u015f\u00fcn\u00fcr, konu\u015fur ve soru sorar. Beydaba\u2019dan Ezop\u2019a, La Fonten\u2019den Refik Durba\u015f\u2019a surup gitmis bu masal gelenegi. Refik Durbas  Yalan\u0131n kuyru\u011fu olmaz  diyerek s\u00f6ze ba\u015flasa da do\u011frudan yana taraf oldu hep. \u015eiir diliyle yazarak masallar\u0131 daha da g\u00fcler y\u00fczl\u00fc hale getirmi\u015f. Zaten masallar da, bu kadar \u00e7ok sevilmeyi iyi anlat\u0131c\u0131lara ve \u015fairlere bor\u00e7ludur. <\/p>\n","protected":false},"excerpt":{"rendered":"<p>Ormanistan, hayvanlar \u00fclkesi. Hem d\u00fc\u015f hem de ger\u00e7ek. Ormanistan\u0131n hayvanlar\u0131 da insan gibi d\u00fc\u015f\u00fcn\u00fcr, konu\u015fur ve soru sorar. Beydaba\u2019dan Ezop\u2019a, La Fonten\u2019den Refik Durba\u015f\u2019a surup gitmis<span class=\"excerpt-hellip\"> [\u2026]<\/span><\/p>\n","protected":false},"featured_media":0,"template":"","meta":{"_monsterinsights_skip_tracking":false,"_monsterinsights_sitenote_active":false,"_monsterinsights_sitenote_note":"","_monsterinsights_sitenote_category":0},"product_brand":[],"product_cat":[12913,12274],"product_tag":[],"class_list":{"0":"post-690438","1":"product","2":"type-product","3":"status-publish","5":"product_cat-3-6-yas-kitaplari","6":"product_cat-cocuk-ve-genclik-kitaplari","7":"pa_cilt-ciltsiz","8":"pa_tur-kitap","9":"pa_yayinevi-kok-yayinevi","10":"pa_yazar-refik-durbas","12":"first","13":"instock","14":"sale","15":"shipping-taxable","16":"purchasable","17":"product-type-simple"},"_links":{"self":[{"href":"https:\/\/roveyayinevi.com.tr\/index.php\/wp-json\/wp\/v2\/product\/690438","targetHints":{"allow":["GET"]}}],"collection":[{"href":"https:\/\/roveyayinevi.com.tr\/index.php\/wp-json\/wp\/v2\/product"}],"about":[{"href":"https:\/\/roveyayinevi.com.tr\/index.php\/wp-json\/wp\/v2\/types\/product"}],"wp:attachment":[{"href":"https:\/\/roveyayinevi.com.tr\/index.php\/wp-json\/wp\/v2\/media?parent=690438"}],"wp:term":[{"taxonomy":"product_brand","embeddable":true,"href":"https:\/\/roveyayinevi.com.tr\/index.php\/wp-json\/wp\/v2\/product_brand?post=690438"},{"taxonomy":"product_cat","embeddable":true,"href":"https:\/\/roveyayinevi.com.tr\/index.php\/wp-json\/wp\/v2\/product_cat?post=690438"},{"taxonomy":"product_tag","embeddable":true,"href":"https:\/\/roveyayinevi.com.tr\/index.php\/wp-json\/wp\/v2\/product_tag?post=690438"}],"curies":[{"name":"wp","href":"https:\/\/api.w.org\/{rel}","templated":true}]}}