{"id":690436,"date":"2025-08-27T13:51:47","date_gmt":"2025-08-27T10:51:47","guid":{"rendered":"https:\/\/roveyayinevi.com.tr\/index.php\/urun\/kiraz-ve-zehirli-bogurtlenler\/"},"modified":"2026-04-16T01:59:56","modified_gmt":"2026-04-15T22:59:56","slug":"kiraz-ve-zehirli-bogurtlenler","status":"publish","type":"product","link":"https:\/\/roveyayinevi.com.tr\/index.php\/urun\/kiraz-ve-zehirli-bogurtlenler\/","title":{"rendered":"Kiraz ve Zehirli B\u00f6\u011f\u00fcrtlenler"},"content":{"rendered":"<p>\u0130stedi\u011fi scooter&#8217;\u0131 sat\u0131n alabilmek i\u00e7in Kiraz&#8217;\u0131n \u00e7ok paraya ihtiyac\u0131 vard\u0131r. Kumbaras\u0131nda paran\u0131n birikmesini bekleyemeyen Kiraz i\u00e7in Sinirli Cad\u0131&#8217;n\u0131n bah\u00e7esinden b\u00f6\u011f\u00fcrtlenleri \u00e7al\u0131p satmak kurnaz bir \u00e7\u00f6z\u00fcm olabilir mi; yoksa ba\u015f\u0131na b\u00fcy\u00fck i\u015fler mi a\u00e7\u0131lacak? \ufffcTan\u0131t\u0131m Metni<\/p>\n","protected":false},"excerpt":{"rendered":"<p>\u0130stedi\u011fi scooter&#8217;\u0131 sat\u0131n alabilmek i\u00e7in Kiraz&#8217;\u0131n \u00e7ok paraya ihtiyac\u0131 vard\u0131r. Kumbaras\u0131nda paran\u0131n birikmesini bekleyemeyen Kiraz i\u00e7in Sinirli Cad\u0131&#8217;n\u0131n bah\u00e7esinden b\u00f6\u011f\u00fcrtlenleri \u00e7al\u0131p satmak kurnaz bir \u00e7\u00f6z\u00fcm olabilir<span class=\"excerpt-hellip\"> [\u2026]<\/span><\/p>\n","protected":false},"featured_media":0,"template":"","meta":{"_monsterinsights_skip_tracking":false,"_monsterinsights_sitenote_active":false,"_monsterinsights_sitenote_note":"","_monsterinsights_sitenote_category":0},"product_brand":[],"product_cat":[12275,12274],"product_tag":[],"class_list":{"0":"post-690436","1":"product","2":"type-product","3":"status-publish","5":"product_cat-6-12-yas-kitaplari","6":"product_cat-cocuk-ve-genclik-kitaplari","7":"pa_cilt-ciltsiz","8":"pa_tur-kitap","9":"pa_yayinevi-kok-yayinevi","10":"pa_yazar-damla-ayzeren","12":"first","13":"instock","14":"sale","15":"shipping-taxable","16":"purchasable","17":"product-type-simple"},"_links":{"self":[{"href":"https:\/\/roveyayinevi.com.tr\/index.php\/wp-json\/wp\/v2\/product\/690436","targetHints":{"allow":["GET"]}}],"collection":[{"href":"https:\/\/roveyayinevi.com.tr\/index.php\/wp-json\/wp\/v2\/product"}],"about":[{"href":"https:\/\/roveyayinevi.com.tr\/index.php\/wp-json\/wp\/v2\/types\/product"}],"wp:attachment":[{"href":"https:\/\/roveyayinevi.com.tr\/index.php\/wp-json\/wp\/v2\/media?parent=690436"}],"wp:term":[{"taxonomy":"product_brand","embeddable":true,"href":"https:\/\/roveyayinevi.com.tr\/index.php\/wp-json\/wp\/v2\/product_brand?post=690436"},{"taxonomy":"product_cat","embeddable":true,"href":"https:\/\/roveyayinevi.com.tr\/index.php\/wp-json\/wp\/v2\/product_cat?post=690436"},{"taxonomy":"product_tag","embeddable":true,"href":"https:\/\/roveyayinevi.com.tr\/index.php\/wp-json\/wp\/v2\/product_tag?post=690436"}],"curies":[{"name":"wp","href":"https:\/\/api.w.org\/{rel}","templated":true}]}}