{"id":690430,"date":"2025-08-27T13:51:33","date_gmt":"2025-08-27T10:51:33","guid":{"rendered":"https:\/\/roveyayinevi.com.tr\/index.php\/urun\/eski-turk-edebiyati\/"},"modified":"2026-04-16T01:59:56","modified_gmt":"2026-04-15T22:59:56","slug":"eski-turk-edebiyati","status":"publish","type":"product","link":"https:\/\/roveyayinevi.com.tr\/index.php\/urun\/eski-turk-edebiyati\/","title":{"rendered":"Eski T\u00fcrk Edebiyat\u0131"},"content":{"rendered":"<p>Elinizdeki kitap, E\u011fitim Fak\u00fcltelerinin T\u00fcrk\u00e7e \u00d6\u011fretmenli\u011fi, S\u0131n\u0131f \u00d6\u011fretmenli\u011fi, Sosyal Bilgiler \u00d6\u011fretmenli\u011fi ve T\u00fcrk Dili ve Edebiyat\u0131 \u00d6\u011fretmenli\u011fi b\u00f6l\u00fcmlerindeki Eski T\u00fcrk Edebiyat\u0131 derslerinin m\u00fcfredatlar\u0131 g\u00f6z \u00f6n\u00fcnde bulundurularak haz\u0131rlanm\u0131\u015ft\u0131r. <\/p>\n","protected":false},"excerpt":{"rendered":"<p>Elinizdeki kitap, E\u011fitim Fak\u00fcltelerinin T\u00fcrk\u00e7e \u00d6\u011fretmenli\u011fi, S\u0131n\u0131f \u00d6\u011fretmenli\u011fi, Sosyal Bilgiler \u00d6\u011fretmenli\u011fi ve T\u00fcrk Dili ve Edebiyat\u0131 \u00d6\u011fretmenli\u011fi b\u00f6l\u00fcmlerindeki Eski T\u00fcrk Edebiyat\u0131 derslerinin m\u00fcfredatlar\u0131 g\u00f6z \u00f6n\u00fcnde bulundurularak<span class=\"excerpt-hellip\"> [\u2026]<\/span><\/p>\n","protected":false},"featured_media":0,"template":"","meta":{"_monsterinsights_skip_tracking":false,"_monsterinsights_sitenote_active":false,"_monsterinsights_sitenote_note":"","_monsterinsights_sitenote_category":0},"product_brand":[],"product_cat":[12573,12566],"product_tag":[],"class_list":{"0":"post-690430","1":"product","2":"type-product","3":"status-publish","5":"product_cat-akademik-kitaplar","6":"product_cat-egitim","7":"pa_tur-kitap","8":"pa_yayinevi-berikan-yayinlari","9":"pa_yazar-cemal-kurnaz","11":"first","12":"instock","13":"sale","14":"shipping-taxable","15":"purchasable","16":"product-type-simple"},"_links":{"self":[{"href":"https:\/\/roveyayinevi.com.tr\/index.php\/wp-json\/wp\/v2\/product\/690430","targetHints":{"allow":["GET"]}}],"collection":[{"href":"https:\/\/roveyayinevi.com.tr\/index.php\/wp-json\/wp\/v2\/product"}],"about":[{"href":"https:\/\/roveyayinevi.com.tr\/index.php\/wp-json\/wp\/v2\/types\/product"}],"wp:attachment":[{"href":"https:\/\/roveyayinevi.com.tr\/index.php\/wp-json\/wp\/v2\/media?parent=690430"}],"wp:term":[{"taxonomy":"product_brand","embeddable":true,"href":"https:\/\/roveyayinevi.com.tr\/index.php\/wp-json\/wp\/v2\/product_brand?post=690430"},{"taxonomy":"product_cat","embeddable":true,"href":"https:\/\/roveyayinevi.com.tr\/index.php\/wp-json\/wp\/v2\/product_cat?post=690430"},{"taxonomy":"product_tag","embeddable":true,"href":"https:\/\/roveyayinevi.com.tr\/index.php\/wp-json\/wp\/v2\/product_tag?post=690430"}],"curies":[{"name":"wp","href":"https:\/\/api.w.org\/{rel}","templated":true}]}}