{"id":690427,"date":"2025-08-27T13:51:32","date_gmt":"2025-08-27T10:51:32","guid":{"rendered":"https:\/\/roveyayinevi.com.tr\/index.php\/urun\/kaptan-dusukdon-2-kitap\/"},"modified":"2026-04-03T02:03:53","modified_gmt":"2026-04-02T23:03:53","slug":"kaptan-dusukdon-2-kitap","status":"publish","type":"product","link":"https:\/\/roveyayinevi.com.tr\/index.php\/urun\/kaptan-dusukdon-2-kitap\/","title":{"rendered":"Kaptan D\u00fc\u015f\u00fckdon 2. Kitap"},"content":{"rendered":"<p>George ve Harold, yaramaz ve fazla \u015fakac\u0131 iki kafadar&#8230; Okulda ne zaman k\u00f6t\u00fc bir \u015fey olsa sorumlular\u0131 daima onlard\u0131r. Ve g\u00f6r\u00fcn\u00fc\u015fe bak\u0131l\u0131rsa yine ak\u0131l almaz oyunlar pe\u015findeler! \u00d6nce, bir dizi sa\u00e7ma oyunla okulun Yeni Bulu\u015flar Konferans\u0131\u2019n\u0131 mahvettiler. Sonra da kazara, d\u00fcnyay\u0131 ele ge\u00e7irmek isteyen bir ordu dolusu korkun\u00e7, k\u00f6t\u00fc, konu\u015fan tuvalet yaratt\u0131lar. Peki, bu etobur out-raklar\u0131 kim durduracak? \u0130\u015fte bu, tam Kaptan D\u00fc\u015f\u00fckdon\u2019a g\u00f6re bir i\u015f!<\/p>\n","protected":false},"excerpt":{"rendered":"<p>George ve Harold, yaramaz ve fazla \u015fakac\u0131 iki kafadar&#8230; Okulda ne zaman k\u00f6t\u00fc bir \u015fey olsa sorumlular\u0131 daima onlard\u0131r. Ve g\u00f6r\u00fcn\u00fc\u015fe bak\u0131l\u0131rsa yine ak\u0131l almaz oyunlar<span class=\"excerpt-hellip\"> [\u2026]<\/span><\/p>\n","protected":false},"featured_media":0,"template":"","meta":{"_monsterinsights_skip_tracking":false,"_monsterinsights_sitenote_active":false,"_monsterinsights_sitenote_note":"","_monsterinsights_sitenote_category":0},"product_brand":[],"product_cat":[12275,12274],"product_tag":[],"class_list":{"0":"post-690427","1":"product","2":"type-product","3":"status-publish","5":"product_cat-6-12-yas-kitaplari","6":"product_cat-cocuk-ve-genclik-kitaplari","7":"pa_cilt-ciltsiz","8":"pa_tur-kitap","9":"pa_yayinevi-altin-kitaplar-cocuk-kitaplari","10":"pa_yazar-dav-pilkey","12":"first","13":"instock","14":"sale","15":"shipping-taxable","16":"purchasable","17":"product-type-simple"},"_links":{"self":[{"href":"https:\/\/roveyayinevi.com.tr\/index.php\/wp-json\/wp\/v2\/product\/690427","targetHints":{"allow":["GET"]}}],"collection":[{"href":"https:\/\/roveyayinevi.com.tr\/index.php\/wp-json\/wp\/v2\/product"}],"about":[{"href":"https:\/\/roveyayinevi.com.tr\/index.php\/wp-json\/wp\/v2\/types\/product"}],"wp:attachment":[{"href":"https:\/\/roveyayinevi.com.tr\/index.php\/wp-json\/wp\/v2\/media?parent=690427"}],"wp:term":[{"taxonomy":"product_brand","embeddable":true,"href":"https:\/\/roveyayinevi.com.tr\/index.php\/wp-json\/wp\/v2\/product_brand?post=690427"},{"taxonomy":"product_cat","embeddable":true,"href":"https:\/\/roveyayinevi.com.tr\/index.php\/wp-json\/wp\/v2\/product_cat?post=690427"},{"taxonomy":"product_tag","embeddable":true,"href":"https:\/\/roveyayinevi.com.tr\/index.php\/wp-json\/wp\/v2\/product_tag?post=690427"}],"curies":[{"name":"wp","href":"https:\/\/api.w.org\/{rel}","templated":true}]}}