{"id":690422,"date":"2025-08-27T13:51:31","date_gmt":"2025-08-27T10:51:31","guid":{"rendered":"https:\/\/roveyayinevi.com.tr\/index.php\/urun\/dinler-tarihi\/"},"modified":"2025-12-30T09:37:02","modified_gmt":"2025-12-30T06:37:02","slug":"dinler-tarihi","status":"publish","type":"product","link":"https:\/\/roveyayinevi.com.tr\/index.php\/urun\/dinler-tarihi\/","title":{"rendered":"Dinler Tarihi"},"content":{"rendered":"<p>G\u00fcn\u00fcm\u00fcz teknolojisi; d\u00fcnyay\u0131 k\u00fc\u00e7\u00fcltm\u00fc\u015f, insanlar\u0131n birbiri hakk\u0131nda bilgi edinme yollar\u0131n\u0131 ve imkanlar\u0131n\u0131 art\u0131rm\u0131\u015ft\u0131r. 7 milyar civar\u0131nda insan ya\u015fad\u0131\u011f\u0131 d\u00fcnyam\u0131zda, insanlar\u0131n 6 milyardan fazlas\u0131 \u015fu veya bu dinin mensubudur. Bu durum; insano\u011flu i\u00e7in dinin ne kadar vazge\u00e7ilmez oldu\u011funu, dinsiz\/ataist insanlar olsa bile \u2018\u2018bir toplumun toptan dinsiz olmad\u0131\u011f\u0131n\u0131\u2019\u2019 ortaya koymaktad\u0131r. Kanuni Sultan S\u00fcleyman\u2019\u0131n, S\u00fcleymaniye Camii Vakfiyesi\u2019nde, S\u00fcleymaniye Camii imam\u0131mda arayacak vas\u0131flar aras\u0131na, \u0130slam\u2019\u0131n y\u00fcce ger\u00e7e\u011fini ortaya koyabilmesi i\u00e7in Mukayeseli Dinler ve Dinler Tarihini bilecektir \u015fart\u0131n\u0131 koymas\u0131 Dinler Tarihi kitab\u0131 ve \u00f6nemi i\u00e7in en \u00e7arp\u0131c\u0131 \u00f6rnek olmal\u0131d\u0131r. Elinizdeki Dinler Tarihi kitab\u0131; genel din k\u00fclt\u00fcr\u00fc ve yery\u00fcz\u00fcnde ya\u015fayan b\u00fct\u00fcn dinler\/\u0130lk Kabile Dinleri yan\u0131nda din kabul edilmi\u015f 14 din hakk\u0131nda genel hatlar\u0131 ile bilgi vermektedir. Verilen bu bilgiler; hem insanlar aras\u0131 ili\u015fkilerde, hem uluslararas\u0131 ili\u015fkilerde, hem \u2018\u2018Medeniyetler aras\u0131 \u0130ttifak\u2019\u2019ta hem de \u2018\u2018Dinler aras\u0131 Diyalog\u2019\u2019da faydal\u0131 olacak\/yararlan\u0131lacak bilgilerdir. \u00d6zet olarak bu kitap; bir K\u0131lavuzdur, rehberdir , yol haritas\u0131d\u0131r , dinler ansiklopedisidir ve kaynak eseridir&#8230; \ufffcTan\u0131t\u0131m Metni<\/p>\n","protected":false},"excerpt":{"rendered":"<p>G\u00fcn\u00fcm\u00fcz teknolojisi; d\u00fcnyay\u0131 k\u00fc\u00e7\u00fcltm\u00fc\u015f, insanlar\u0131n birbiri hakk\u0131nda bilgi edinme yollar\u0131n\u0131 ve imkanlar\u0131n\u0131 art\u0131rm\u0131\u015ft\u0131r. 7 milyar civar\u0131nda insan ya\u015fad\u0131\u011f\u0131 d\u00fcnyam\u0131zda, insanlar\u0131n 6 milyardan fazlas\u0131 \u015fu veya bu<span class=\"excerpt-hellip\"> [\u2026]<\/span><\/p>\n","protected":false},"featured_media":0,"template":"","meta":{"_monsterinsights_skip_tracking":false,"_monsterinsights_sitenote_active":false,"_monsterinsights_sitenote_note":"","_monsterinsights_sitenote_category":0},"product_brand":[],"product_cat":[12718,16794],"product_tag":[],"class_list":{"0":"post-690422","1":"product","2":"type-product","3":"status-publish","5":"product_cat-din","6":"product_cat-dinler-tarihi","7":"pa_cilt-ciltsiz","8":"pa_tur-kitap","9":"pa_yayinevi-berikan-yayinlari","10":"pa_yazar-abdurrahman-kucuk-gunay-tumer-mehmet-alparslan-kucuk","12":"first","13":"instock","14":"sale","15":"shipping-taxable","16":"purchasable","17":"product-type-simple"},"_links":{"self":[{"href":"https:\/\/roveyayinevi.com.tr\/index.php\/wp-json\/wp\/v2\/product\/690422","targetHints":{"allow":["GET"]}}],"collection":[{"href":"https:\/\/roveyayinevi.com.tr\/index.php\/wp-json\/wp\/v2\/product"}],"about":[{"href":"https:\/\/roveyayinevi.com.tr\/index.php\/wp-json\/wp\/v2\/types\/product"}],"wp:attachment":[{"href":"https:\/\/roveyayinevi.com.tr\/index.php\/wp-json\/wp\/v2\/media?parent=690422"}],"wp:term":[{"taxonomy":"product_brand","embeddable":true,"href":"https:\/\/roveyayinevi.com.tr\/index.php\/wp-json\/wp\/v2\/product_brand?post=690422"},{"taxonomy":"product_cat","embeddable":true,"href":"https:\/\/roveyayinevi.com.tr\/index.php\/wp-json\/wp\/v2\/product_cat?post=690422"},{"taxonomy":"product_tag","embeddable":true,"href":"https:\/\/roveyayinevi.com.tr\/index.php\/wp-json\/wp\/v2\/product_tag?post=690422"}],"curies":[{"name":"wp","href":"https:\/\/api.w.org\/{rel}","templated":true}]}}