{"id":690419,"date":"2025-08-27T13:51:31","date_gmt":"2025-08-27T10:51:31","guid":{"rendered":"https:\/\/roveyayinevi.com.tr\/index.php\/urun\/kaptan-dusukdonun-maceralari\/"},"modified":"2026-04-16T01:59:56","modified_gmt":"2026-04-15T22:59:56","slug":"kaptan-dusukdonun-maceralari","status":"publish","type":"product","link":"https:\/\/roveyayinevi.com.tr\/index.php\/urun\/kaptan-dusukdonun-maceralari\/","title":{"rendered":"Kaptan D\u00fc\u015f\u00fckdon\u2019un Maceralar\u0131"},"content":{"rendered":"<p>T\u00fcm zamanlar\u0131n en muhte\u015fem s\u00fcper kahraman\u0131 Kaptan D\u00fc\u015f\u00fckdon\u2019la tan\u0131\u015f\u0131n! D\u00fcnya gezegeni i\u00e7in karanl\u0131k ve belirsiz bir zamand\u0131. K\u00f6t\u00fc adamlar, sokaklar\u0131 ele ge\u00e7irmi\u015f ve d\u00fcnyadaki t\u00fcm s\u00fcper kahramanlar k\u00f6t\u00fcl\u00fckle sava\u015famayacak kadar ya\u015flanm\u0131\u015ft\u0131. \u0130\u015fte tam o s\u0131rada ekstra g\u00fc\u00e7l\u00fc, yeni, geli\u015fmi\u015f bir s\u00fcper kahraman ortaya \u00e7\u0131kt\u0131: Kaptan D\u00fc\u015f\u00fckdon. O, h\u0131zl\u0131 bir kemerden daha h\u0131zl\u0131, boks\u00f6r \u015fortundan daha g\u00fc\u00e7l\u00fcyd\u00fc. Kaptan d\u00fc\u015f\u00fckdon, adalet, d\u00fcr\u00fcstl\u00fck, \u00e7ekmi\u015f ve pamuklu her \u015fey i\u00e7in sava\u015farak gece-g\u00fcng\u00fcz \u015fehri g\u00f6zledi. <\/p>\n","protected":false},"excerpt":{"rendered":"<p>T\u00fcm zamanlar\u0131n en muhte\u015fem s\u00fcper kahraman\u0131 Kaptan D\u00fc\u015f\u00fckdon\u2019la tan\u0131\u015f\u0131n! D\u00fcnya gezegeni i\u00e7in karanl\u0131k ve belirsiz bir zamand\u0131. K\u00f6t\u00fc adamlar, sokaklar\u0131 ele ge\u00e7irmi\u015f ve d\u00fcnyadaki t\u00fcm s\u00fcper<span class=\"excerpt-hellip\"> [\u2026]<\/span><\/p>\n","protected":false},"featured_media":0,"template":"","meta":{"_monsterinsights_skip_tracking":false,"_monsterinsights_sitenote_active":false,"_monsterinsights_sitenote_note":"","_monsterinsights_sitenote_category":0},"product_brand":[],"product_cat":[12275,12274],"product_tag":[],"class_list":{"0":"post-690419","1":"product","2":"type-product","3":"status-publish","5":"product_cat-6-12-yas-kitaplari","6":"product_cat-cocuk-ve-genclik-kitaplari","7":"pa_cilt-ciltsiz","8":"pa_tur-kitap","9":"pa_yayinevi-altin-kitaplar-cocuk-kitaplari","10":"pa_yazar-dav-pilkey","12":"first","13":"instock","14":"sale","15":"shipping-taxable","16":"purchasable","17":"product-type-simple"},"_links":{"self":[{"href":"https:\/\/roveyayinevi.com.tr\/index.php\/wp-json\/wp\/v2\/product\/690419","targetHints":{"allow":["GET"]}}],"collection":[{"href":"https:\/\/roveyayinevi.com.tr\/index.php\/wp-json\/wp\/v2\/product"}],"about":[{"href":"https:\/\/roveyayinevi.com.tr\/index.php\/wp-json\/wp\/v2\/types\/product"}],"wp:attachment":[{"href":"https:\/\/roveyayinevi.com.tr\/index.php\/wp-json\/wp\/v2\/media?parent=690419"}],"wp:term":[{"taxonomy":"product_brand","embeddable":true,"href":"https:\/\/roveyayinevi.com.tr\/index.php\/wp-json\/wp\/v2\/product_brand?post=690419"},{"taxonomy":"product_cat","embeddable":true,"href":"https:\/\/roveyayinevi.com.tr\/index.php\/wp-json\/wp\/v2\/product_cat?post=690419"},{"taxonomy":"product_tag","embeddable":true,"href":"https:\/\/roveyayinevi.com.tr\/index.php\/wp-json\/wp\/v2\/product_tag?post=690419"}],"curies":[{"name":"wp","href":"https:\/\/api.w.org\/{rel}","templated":true}]}}