{"id":690415,"date":"2025-08-27T13:51:30","date_gmt":"2025-08-27T10:51:30","guid":{"rendered":"https:\/\/roveyayinevi.com.tr\/index.php\/urun\/kaptan-dusukdon-ve-huysuz-cingiraklidonun-korkunc-geri-donusu-9\/"},"modified":"2026-04-16T01:59:56","modified_gmt":"2026-04-15T22:59:56","slug":"kaptan-dusukdon-ve-huysuz-cingiraklidonun-korkunc-geri-donusu-9","status":"publish","type":"product","link":"https:\/\/roveyayinevi.com.tr\/index.php\/urun\/kaptan-dusukdon-ve-huysuz-cingiraklidonun-korkunc-geri-donusu-9\/","title":{"rendered":"Kaptan D\u00fc\u015f\u00fckdon Ve Huysuz \u00c7\u0131ng\u0131rakl\u0131don&#8217;un Korkun\u00e7 Geri D\u00f6n\u00fc\u015f\u00fc 9"},"content":{"rendered":"<p>Zorbalarla sava\u015f ba\u015fl\u0131yor&#8230; George ve Harold\u2019\u0131 son g\u00f6rd\u00fc\u011f\u00fcm\u00fczde, \u00f6m\u00fcr boyu hapse mahk\u00fbm olmu\u015flard\u0131. Bundan daha k\u00f6t\u00fc ne olabilirdi? Huysuz \u00c7\u0131ng\u0131rakl\u0131don ad\u0131nda, zamanda yolculuk yapan bir \u00e7\u0131lg\u0131n taraf\u0131ndan hapisten ka\u00e7\u0131r\u0131lmaya ne dersiniz! \u015eimdi, \u00e7ocuklar zamanda yolculuk yap\u0131yorlar ve kar\u015f\u0131la\u015ft\u0131klar\u0131 en korkutucu \u015fey, k\u00f6t\u00fc ve \u00e7\u0131lg\u0131n bilim insanlar\u0131 veya uzayl\u0131 a\u015f\u00e7\u0131 kad\u0131nlar de\u011fil. Onlardan da k\u00f6t\u00fcs\u00fc&#8230; Ac\u0131mas\u0131z okul m\u00fcd\u00fcrlerinin ye\u011feni Kipper Krupp\u2019\u0131n zorba bir alt\u0131nc\u0131 s\u0131n\u0131f \u00f6\u011frencisi oldu\u011fu tasas\u0131z anaokulu g\u00fcnlerine geri d\u00f6n\u00fcyorlar. George ve Harold, Kaptan D\u00fc\u015f\u00fckdon\u2019u ancak d\u00f6rd\u00fcnc\u00fc s\u0131n\u0131fta yaratt\u0131klar\u0131 i\u00e7in zeki anaokulu \u00f6\u011frencilerimiz bu macerada kendi ba\u015flar\u0131n\u0131n \u00e7aresine bakmak zorundalar. Acaba k\u0131vrak zek\u00e2lar\u0131 bu zorbalar\u0131 yenmeye yetecek mi?!!!<\/p>\n","protected":false},"excerpt":{"rendered":"<p>Zorbalarla sava\u015f ba\u015fl\u0131yor&#8230; George ve Harold\u2019\u0131 son g\u00f6rd\u00fc\u011f\u00fcm\u00fczde, \u00f6m\u00fcr boyu hapse mahk\u00fbm olmu\u015flard\u0131. Bundan daha k\u00f6t\u00fc ne olabilirdi? Huysuz \u00c7\u0131ng\u0131rakl\u0131don ad\u0131nda, zamanda yolculuk yapan bir \u00e7\u0131lg\u0131n<span class=\"excerpt-hellip\"> [\u2026]<\/span><\/p>\n","protected":false},"featured_media":0,"template":"","meta":{"_monsterinsights_skip_tracking":false,"_monsterinsights_sitenote_active":false,"_monsterinsights_sitenote_note":"","_monsterinsights_sitenote_category":0},"product_brand":[],"product_cat":[12275,12274],"product_tag":[],"class_list":{"0":"post-690415","1":"product","2":"type-product","3":"status-publish","5":"product_cat-6-12-yas-kitaplari","6":"product_cat-cocuk-ve-genclik-kitaplari","7":"pa_cilt-ciltsiz","8":"pa_tur-kitap","9":"pa_yayinevi-altin-kitaplar-cocuk-kitaplari","10":"pa_yazar-dav-pilkey","12":"first","13":"instock","14":"sale","15":"shipping-taxable","16":"purchasable","17":"product-type-simple"},"_links":{"self":[{"href":"https:\/\/roveyayinevi.com.tr\/index.php\/wp-json\/wp\/v2\/product\/690415","targetHints":{"allow":["GET"]}}],"collection":[{"href":"https:\/\/roveyayinevi.com.tr\/index.php\/wp-json\/wp\/v2\/product"}],"about":[{"href":"https:\/\/roveyayinevi.com.tr\/index.php\/wp-json\/wp\/v2\/types\/product"}],"wp:attachment":[{"href":"https:\/\/roveyayinevi.com.tr\/index.php\/wp-json\/wp\/v2\/media?parent=690415"}],"wp:term":[{"taxonomy":"product_brand","embeddable":true,"href":"https:\/\/roveyayinevi.com.tr\/index.php\/wp-json\/wp\/v2\/product_brand?post=690415"},{"taxonomy":"product_cat","embeddable":true,"href":"https:\/\/roveyayinevi.com.tr\/index.php\/wp-json\/wp\/v2\/product_cat?post=690415"},{"taxonomy":"product_tag","embeddable":true,"href":"https:\/\/roveyayinevi.com.tr\/index.php\/wp-json\/wp\/v2\/product_tag?post=690415"}],"curies":[{"name":"wp","href":"https:\/\/api.w.org\/{rel}","templated":true}]}}