{"id":690414,"date":"2025-08-27T13:51:30","date_gmt":"2025-08-27T10:51:30","guid":{"rendered":"https:\/\/roveyayinevi.com.tr\/index.php\/urun\/kurmaca-nasil-isler\/"},"modified":"2026-04-16T01:59:56","modified_gmt":"2026-04-15T22:59:56","slug":"kurmaca-nasil-isler","status":"publish","type":"product","link":"https:\/\/roveyayinevi.com.tr\/index.php\/urun\/kurmaca-nasil-isler\/","title":{"rendered":"Kurmaca Nas\u0131l \u0130\u015fler?"},"content":{"rendered":"<p>Neden kurmaca eserler okuruz? Ger\u00e7ek\u00e7ilik ger\u00e7ekli\u011fi acaba ne kadar yans\u0131t\u0131r? Bir mecaz\u0131 iyi yapan \u00f6zellikler nelerdir? Karakter nedir? Kurmacada detay\u0131n isabetli bir bi\u00e7imde kullan\u0131l\u0131p kullan\u0131lmad\u0131\u011f\u0131n\u0131 neye g\u00f6re \u00f6l\u00e7ebiliriz? Bak\u0131\u015f a\u00e7\u0131s\u0131 nedir? Serbest dolayl\u0131 anlat\u0131m romana hangi anlat\u0131m \u00f6zelliklerini kazand\u0131rm\u0131\u015ft\u0131r? Y\u0131llar boyunca edebiyat ele\u015ftirisi disiplinini me\u015fgul eden bu ve benzeri sorular, James Wood\u2019un Kurmaca Nas\u0131l \u0130\u015fler? adl\u0131 eserinin \u00e7\u0131k\u0131\u015f noktalar\u0131n\u0131 olu\u015fturuyor. Edebi gelenek ve kanonlardan yola \u00e7\u0131kan Wood, kendi yaz\u0131nsal prati\u011finden hareketle i\u015fte bu sorulara c\u00fcretk\u00e2r yan\u0131tlar ar\u0131yor. Kendi deyimiyle, sorular\u0131 bir ele\u015ftirmenin g\u00f6z\u00fcnden soruyor, bir yazar\u0131n g\u00f6z\u00fcnden yan\u0131tl\u0131yor. \ufffcTan\u0131t\u0131m Metni<\/p>\n","protected":false},"excerpt":{"rendered":"<p>Neden kurmaca eserler okuruz? Ger\u00e7ek\u00e7ilik ger\u00e7ekli\u011fi acaba ne kadar yans\u0131t\u0131r? Bir mecaz\u0131 iyi yapan \u00f6zellikler nelerdir? Karakter nedir? Kurmacada detay\u0131n isabetli bir bi\u00e7imde kullan\u0131l\u0131p kullan\u0131lmad\u0131\u011f\u0131n\u0131 neye<span class=\"excerpt-hellip\"> [\u2026]<\/span><\/p>\n","protected":false},"featured_media":0,"template":"","meta":{"_monsterinsights_skip_tracking":false,"_monsterinsights_sitenote_active":false,"_monsterinsights_sitenote_note":"","_monsterinsights_sitenote_category":0},"product_brand":[],"product_cat":[12312,12304],"product_tag":[],"class_list":{"0":"post-690414","1":"product","2":"type-product","3":"status-publish","5":"product_cat-diger","6":"product_cat-tarih","7":"pa_cilt-ciltsiz","8":"pa_tur-kitap","9":"pa_yayinevi-ayrinti-yayinlari","10":"pa_yazar-james-wood","12":"first","13":"instock","14":"sale","15":"shipping-taxable","16":"purchasable","17":"product-type-simple"},"_links":{"self":[{"href":"https:\/\/roveyayinevi.com.tr\/index.php\/wp-json\/wp\/v2\/product\/690414","targetHints":{"allow":["GET"]}}],"collection":[{"href":"https:\/\/roveyayinevi.com.tr\/index.php\/wp-json\/wp\/v2\/product"}],"about":[{"href":"https:\/\/roveyayinevi.com.tr\/index.php\/wp-json\/wp\/v2\/types\/product"}],"wp:attachment":[{"href":"https:\/\/roveyayinevi.com.tr\/index.php\/wp-json\/wp\/v2\/media?parent=690414"}],"wp:term":[{"taxonomy":"product_brand","embeddable":true,"href":"https:\/\/roveyayinevi.com.tr\/index.php\/wp-json\/wp\/v2\/product_brand?post=690414"},{"taxonomy":"product_cat","embeddable":true,"href":"https:\/\/roveyayinevi.com.tr\/index.php\/wp-json\/wp\/v2\/product_cat?post=690414"},{"taxonomy":"product_tag","embeddable":true,"href":"https:\/\/roveyayinevi.com.tr\/index.php\/wp-json\/wp\/v2\/product_tag?post=690414"}],"curies":[{"name":"wp","href":"https:\/\/api.w.org\/{rel}","templated":true}]}}